{"id":13773,"date":"2023-02-27T21:30:50","date_gmt":"2023-02-27T20:30:50","guid":{"rendered":"https:\/\/www.swisssoftware24.ch\/?post_type=product&#038;p=13773"},"modified":"2025-11-29T23:56:54","modified_gmt":"2025-11-29T22:56:54","slug":"microsoft-office-home-student-2019","status":"publish","type":"product","link":"https:\/\/swisssoftware24.ch\/it\/products\/microsoft-office-home-student-2019\/","title":{"rendered":"Microsoft Office Home &amp; Student 2019"},"content":{"rendered":"<p><img loading=\"lazy\" decoding=\"async\" class=\"alignnone wp-image-13775\" src=\"https:\/\/swisssoftware24.ch\/wp-content\/uploads\/2023\/02\/office19.jpeg\" alt=\"\" width=\"1200\" height=\"100\" srcset=\"https:\/\/swisssoftware24.ch\/wp-content\/uploads\/2023\/02\/office19.jpeg 1200w, https:\/\/swisssoftware24.ch\/wp-content\/uploads\/2023\/02\/office19-600x50.jpeg 600w, https:\/\/swisssoftware24.ch\/wp-content\/uploads\/2023\/02\/office19-64x5.jpeg 64w, https:\/\/swisssoftware24.ch\/wp-content\/uploads\/2023\/02\/office19-300x25.jpeg 300w, https:\/\/swisssoftware24.ch\/wp-content\/uploads\/2023\/02\/office19-1024x85.jpeg 1024w, https:\/\/swisssoftware24.ch\/wp-content\/uploads\/2023\/02\/office19-768x64.jpeg 768w\" sizes=\"auto, (max-width: 1200px) 100vw, 1200px\" \/><\/p>\n<h3 data-sourcepos=\"5:1-5:66\"><strong>Scopri la suite Office che ti semplifica la vita!<\/strong><\/h3>\n<p data-sourcepos=\"7:1-7:322\">Microsoft Office Home &amp; Student 2019 \u00e8 lo strumento affidabile per creare documenti professionali, fogli di calcolo e presentazioni di grande effetto. Che tu sia uno studente, lavori da casa o voglia semplicemente mettere in ordine le tue finanze, Office 2019 ti offre tutto ci\u00f2 di cui hai bisogno.<\/p>\n<h2><strong>Nota: questo prodotto alternativo \u00e8 pi\u00f9 economico e non richiede un abbonamento, costa solo CHF 59.\u00a0 <\/strong><\/h2>\n<h2><strong><a href=\"https:\/\/swisssoftware24.ch\/it\/products\/office-2024-standard-5-user\/\">Office 2024 per 5 utenti<\/a><\/strong><\/h2>\n<p data-sourcepos=\"9:1-9:55\"><strong>Perch\u00e9 scegliere Office 2019:<\/strong><\/p>\n<ul data-sourcepos=\"11:1-15:0\">\n<li data-sourcepos=\"11:1-11:264\"><strong>Funzionamento intuitivo:<\/strong> Anche senza una vasta esperienza con i programmi Office, ti troverai subito a tuo agio con Office 2019. L'interfaccia user-friendly e le istruzioni chiare ti permettono di concentrarti completamente sui tuoi contenuti.<\/li>\n<li data-sourcepos=\"12:1-12:298\"><strong>Funzioni versatili:<\/strong> Crea testi, tabelle, diagrammi e presentazioni con facilit\u00e0. Grazie a funzioni avanzate come la formattazione automatica, il controllo ortografico e la possibilit\u00e0 di inserire vari oggetti grafici, puoi creare documenti di altissimo livello.<\/li>\n<li data-sourcepos=\"13:1-13:199\"><strong>Collaborazione efficace:<\/strong> Condividi i tuoi documenti con altri e lavora contemporaneamente. Grazie alla funzione di condivisione in tempo reale, la collaborazione con altri diventa un gioco da ragazzi.<\/li>\n<li data-sourcepos=\"14:1-15:0\"><strong>Sempre a portata di mano:<\/strong> Office 2019 non \u00e8 disponibile solo per il computer, ma anche come app mobile. In questo modo puoi accedere ai tuoi documenti da qualsiasi luogo e in qualsiasi momento.<\/li>\n<\/ul>\n<p data-sourcepos=\"16:1-16:37\"><strong>Cosa \u00e8 incluso in Office 2019:<\/strong><\/p>\n<ul data-sourcepos=\"18:1-22:0\">\n<li data-sourcepos=\"18:1-18:105\"><strong>Word:<\/strong> Crea documenti professionali, da semplici lettere a rapporti complessi.<\/li>\n<li data-sourcepos=\"19:1-19:92\"><strong>Excel:<\/strong> Analizza i dati, crea grafici e gestisci le tue finanze.<\/li>\n<li data-sourcepos=\"20:1-20:98\"><strong>PowerPoint:<\/strong> Progetta presentazioni di grande effetto che entusiasmeranno il tuo pubblico.<\/li>\n<li data-sourcepos=\"21:1-22:0\"><strong>OneNote:<\/strong> Raccogli appunti, idee e informazioni in un unico luogo.<\/li>\n<\/ul>\n<p data-sourcepos=\"23:1-23:105\"><strong>Non esitare oltre e scopri il potenziale di Microsoft Office Home &amp; Student 2019!<\/strong><\/p>\n<p><strong>Puoi trovare maggiori informazioni su questo prodotto\u00a0<a href=\"https:\/\/swisssoftware24.ch\/it\/microsoft-office-home-student-2019-dein-partner-fuer-studium-und-arbeit\/\">qui<\/a>.<\/strong><\/p>\n<p><img loading=\"lazy\" decoding=\"async\" class=\"alignnone wp-image-13776 size-full\" src=\"https:\/\/swisssoftware24.ch\/wp-content\/uploads\/2023\/02\/office3860.png\" alt=\"\" width=\"1200\" height=\"100\" srcset=\"https:\/\/swisssoftware24.ch\/wp-content\/uploads\/2023\/02\/office3860.png 1200w, https:\/\/swisssoftware24.ch\/wp-content\/uploads\/2023\/02\/office3860-600x50.png 600w, https:\/\/swisssoftware24.ch\/wp-content\/uploads\/2023\/02\/office3860-64x5.png 64w, https:\/\/swisssoftware24.ch\/wp-content\/uploads\/2023\/02\/office3860-300x25.png 300w, https:\/\/swisssoftware24.ch\/wp-content\/uploads\/2023\/02\/office3860-1024x85.png 1024w, https:\/\/swisssoftware24.ch\/wp-content\/uploads\/2023\/02\/office3860-768x64.png 768w\" sizes=\"auto, (max-width: 1200px) 100vw, 1200px\" \/><\/p>\n<p><img loading=\"lazy\" decoding=\"async\" class=\"alignnone size-full wp-image-13691\" src=\"https:\/\/swisssoftware24.ch\/wp-content\/uploads\/2023\/02\/license_term-1.jpg\" alt=\"\" width=\"227\" height=\"40\" srcset=\"https:\/\/swisssoftware24.ch\/wp-content\/uploads\/2023\/02\/license_term-1.jpg 227w, https:\/\/swisssoftware24.ch\/wp-content\/uploads\/2023\/02\/license_term-1-64x11.jpg 64w\" sizes=\"auto, (max-width: 227px) 100vw, 227px\" \/><\/p>\n<h3>Microsoft Office Home &amp; Student 2019 \u2013 requisiti di sistema<\/h3>\n<ul>\n<li><strong>Sistema operativo<\/strong> Da Windows 10 \/ Mac - le ultime tre versioni di macOS<\/li>\n<li><strong>Processore<\/strong>\u00a01,6 GHz o pi\u00f9 veloce, dual core<\/li>\n<li><strong>Memoria di lavoro<\/strong>\u00a0RAM da 4GB; 2 GB di RAM (32 bit) \/ Mac da 4 GB di RAM<\/li>\n<li><strong>Spazio su disco<\/strong>\u00a04GB<\/li>\n<li><strong>Scheda grafica<\/strong>\u00a0DirectX 9 o superiore con WDDM 2.0<\/li>\n<\/ul>","protected":false},"excerpt":{"rendered":"<p><span style=\"font-weight: 400;\">Il pacchetto Microsoft Office Home &amp; Student 2019 \u00e8 stato creato per scolari, studenti o persone che necessitano di programmi Office di base per la vita quotidiana a casa. Cosa guadagni scegliendo questo pacchetto? Comodit\u00e0 di lavoro con accesso a tutte le funzioni dei programmi Microsoft pi\u00f9 popolari!<\/span><\/p>\n<p><strong>Versand:\u00a0 Per E-Mail in 24 Stunden<br \/>\n<\/strong><\/p>\n<p><strong>Lizenz:\u00a0 Dauerlizenz f\u00fcr 1 PC<\/strong><\/p>\n<p><strong>Versione linguistica: Tutte le lingue <\/strong><\/p>","protected":false},"featured_media":13774,"template":"","meta":{"_seopress_robots_primary_cat":"none","_seopress_titles_title":"Microsoft Office Home & Student 2019 | SwissSoftware24","_seopress_titles_desc":"Nutzen Sie Microsoft Office Home & Student 2019 f\u00fcr effizientes Arbeiten mit Word, Excel und PowerPoint. Perfekt f\u00fcr Zuhause und Studium. Jetzt erh\u00e4ltlich!","_seopress_robots_index":""},"product_brand":[],"product_cat":[71,73,122,76],"product_tag":[],"class_list":{"0":"post-13773","1":"product","2":"type-product","3":"status-publish","4":"has-post-thumbnail","6":"product_cat-office","7":"product_cat-office-2019","8":"product_cat-office-bestseller","9":"product_cat-office-fur-mac","11":"first","12":"instock","13":"taxable","14":"shipping-taxable","15":"purchasable","16":"product-type-variable"},"_links":{"self":[{"href":"https:\/\/swisssoftware24.ch\/it\/wp-json\/wp\/v2\/product\/13773","targetHints":{"allow":["GET"]}}],"collection":[{"href":"https:\/\/swisssoftware24.ch\/it\/wp-json\/wp\/v2\/product"}],"about":[{"href":"https:\/\/swisssoftware24.ch\/it\/wp-json\/wp\/v2\/types\/product"}],"wp:featuredmedia":[{"embeddable":true,"href":"https:\/\/swisssoftware24.ch\/it\/wp-json\/wp\/v2\/media\/13774"}],"wp:attachment":[{"href":"https:\/\/swisssoftware24.ch\/it\/wp-json\/wp\/v2\/media?parent=13773"}],"wp:term":[{"taxonomy":"product_brand","embeddable":true,"href":"https:\/\/swisssoftware24.ch\/it\/wp-json\/wp\/v2\/product_brand?post=13773"},{"taxonomy":"product_cat","embeddable":true,"href":"https:\/\/swisssoftware24.ch\/it\/wp-json\/wp\/v2\/product_cat?post=13773"},{"taxonomy":"product_tag","embeddable":true,"href":"https:\/\/swisssoftware24.ch\/it\/wp-json\/wp\/v2\/product_tag?post=13773"}],"curies":[{"name":"wp","href":"https:\/\/api.w.org\/{rel}","templated":true}]}}