{"id":14745,"date":"2023-03-05T00:19:23","date_gmt":"2023-03-04T23:19:23","guid":{"rendered":"https:\/\/swisssoftware24.ch\/?post_type=product&#038;p=14745"},"modified":"2025-11-29T23:56:54","modified_gmt":"2025-11-29T22:56:54","slug":"microsoft-office-home-business-2016","status":"publish","type":"product","link":"https:\/\/swisssoftware24.ch\/it\/products\/microsoft-office-home-business-2016\/","title":{"rendered":"Microsoft Office Home &amp; Business 2016"},"content":{"rendered":"<p data-sourcepos=\"1:1-1:362\">Microsoft Office Home &amp; Business 2016 \u00e8 una suite software progettata per soddisfare le esigenze di piccole imprese, freelance e utenti domestici. Include programmi popolari come Word, Excel, PowerPoint e Outlook, che semplificano la creazione di documenti, fogli di calcolo, presentazioni e la gestione delle e-mail.<\/p>\n<p data-sourcepos=\"3:1-3:248\">Questo pacchetto Office 2016 \u00e8 destinato sia all'uso personale che professionale, offrendo strumenti per attivit\u00e0 quotidiane come la comunicazione e-mail, la creazione di documenti, la pianificazione finanziaria e la progettazione di presentazioni.<\/p>\n<p data-sourcepos=\"5:1-5:250\">Acquistando Office Home &amp; Business 2016, l'utente riceve una licenza perpetua, il che significa che non deve pagare un abbonamento. Il software pu\u00f2 essere installato su pi\u00f9 dispositivi, il che facilita il lavoro da diverse postazioni.<\/p>\n<p data-sourcepos=\"7:1-7:265\">Microsoft Office Home &amp; Business 2016 \u00e8 una scelta solida per chiunque sia alla ricerca di una suite per ufficio affidabile e di facile utilizzo. Offre una vasta gamma di funzionalit\u00e0 che sono di grande utilit\u00e0 sia nella vita privata che professionale.<\/p>\n<p data-sourcepos=\"7:1-7:265\"><strong>Puoi trovare maggiori informazioni su questo prodotto\u00a0<a href=\"https:\/\/swisssoftware24.ch\/it\/microsoft-office-home-business-2016-ihr-buero-in-einer-box\/\">qui<\/a>.<\/strong><\/p>\n<h3>Microsoft Office Home &amp; Business 2016 \u2013 requisiti di sistema<\/h3>\n<ul>\n<li><strong>Sistema operativo<\/strong>\u00a0Da Windows 7 e Windows Server 2008<\/li>\n<li><strong>Processore<\/strong>\u00a0Processore da 1 GHz o superiore, x86 o x64 con set di istruzioni SSE2<\/li>\n<li><strong>Memoria di lavoro<\/strong>\u00a02 GB DI RAM<\/li>\n<li><strong>Spazio su disco<\/strong>\u00a0 3GB<\/li>\n<li><strong>Scheda grafica<\/strong>\u00a0DirectX 10 o superiore<\/li>\n<\/ul>","protected":false},"excerpt":{"rendered":"<p>Promozione!<\/p>\n<p>Microsoft Office Home &amp; Business 2016 \u00e8 una raccolta dei pi\u00f9 popolari strumenti per l'ufficio da utilizzare nelle aziende. Cosa puoi ottenere scegliendo questo pacchetto? Prima di tutto, TEMPO, grazie all'ottimizzazione delle attivit\u00e0 svolte! E inoltre...<\/p>\n<p>Acquistando questo prodotto riceverai: link per il download + chiave prodotto (ESD) per 1 PC.<\/p>","protected":false},"featured_media":14746,"template":"","meta":{"_seopress_robots_primary_cat":"none","_seopress_titles_title":"Microsoft Office Home & Business 2016 | SwissSoftware24","_seopress_titles_desc":"Microsoft Office Home & Business 2016 bietet bew\u00e4hrte Tools wie Word, Excel und Outlook f\u00fcr Zuhause und B\u00fcro. Ideal f\u00fcr Produktivit\u00e4t.","_seopress_robots_index":""},"product_brand":[],"product_cat":[71,72],"product_tag":[],"class_list":{"0":"post-14745","1":"product","2":"type-product","3":"status-publish","4":"has-post-thumbnail","6":"product_cat-office","7":"product_cat-office-2016","9":"first","10":"instock","11":"sale","12":"taxable","13":"shipping-taxable","14":"purchasable","15":"product-type-simple"},"_links":{"self":[{"href":"https:\/\/swisssoftware24.ch\/it\/wp-json\/wp\/v2\/product\/14745","targetHints":{"allow":["GET"]}}],"collection":[{"href":"https:\/\/swisssoftware24.ch\/it\/wp-json\/wp\/v2\/product"}],"about":[{"href":"https:\/\/swisssoftware24.ch\/it\/wp-json\/wp\/v2\/types\/product"}],"wp:featuredmedia":[{"embeddable":true,"href":"https:\/\/swisssoftware24.ch\/it\/wp-json\/wp\/v2\/media\/14746"}],"wp:attachment":[{"href":"https:\/\/swisssoftware24.ch\/it\/wp-json\/wp\/v2\/media?parent=14745"}],"wp:term":[{"taxonomy":"product_brand","embeddable":true,"href":"https:\/\/swisssoftware24.ch\/it\/wp-json\/wp\/v2\/product_brand?post=14745"},{"taxonomy":"product_cat","embeddable":true,"href":"https:\/\/swisssoftware24.ch\/it\/wp-json\/wp\/v2\/product_cat?post=14745"},{"taxonomy":"product_tag","embeddable":true,"href":"https:\/\/swisssoftware24.ch\/it\/wp-json\/wp\/v2\/product_tag?post=14745"}],"curies":[{"name":"wp","href":"https:\/\/api.w.org\/{rel}","templated":true}]}}