{"id":14751,"date":"2023-03-05T00:27:33","date_gmt":"2023-03-04T23:27:33","guid":{"rendered":"https:\/\/swisssoftware24.ch\/?post_type=product&#038;p=14751"},"modified":"2025-12-08T09:12:56","modified_gmt":"2025-12-08T08:12:56","slug":"microsoft-365-apps-for-faculty","status":"publish","type":"product","link":"https:\/\/swisssoftware24.ch\/it\/products\/microsoft-365-apps-for-faculty\/","title":{"rendered":"Microsoft 365 Apps for faculty"},"content":{"rendered":"<p data-start=\"82\" data-end=\"598\">Microsoft 365 Apps for Faculty offre a docenti e istituzioni educative una potente suite Office con applicazioni comprovate come Word, Excel, PowerPoint, Outlook, OneNote, Publisher e Access. Questi programmi consentono la creazione, la modifica e la condivisione di materiali didattici, presentazioni e documenti. Grazie all'integrazione cloud senza interruzioni con OneDrive, i docenti possono accedere ai propri file in qualsiasi momento e lavorare in modo flessibile da vari dispositivi.<\/p>\n<p data-start=\"600\" data-end=\"1064\">Con una licenza \u00e8 possibile utilizzare fino a 5 PC o Mac, 5 tablet e 5 smartphone, garantendo un'elevata flessibilit\u00e0 per l'insegnamento in classe o a casa. Gli aggiornamenti regolari e i miglioramenti della sicurezza mantengono il software aggiornato e proteggono in modo affidabile i dati sensibili. La collaborazione in tempo reale consente di lavorare su documenti insieme a colleghi e studenti.<\/p>\n<p data-start=\"1066\" data-end=\"1433\">Microsoft 365 Apps for Faculty \u00e8 specificamente progettato per istituzioni educative senza scopo di lucro e offre una soluzione economica per docenti e personale amministrativo. I potenti strumenti aiutano a ottimizzare i flussi di lavoro, progettare lezioni digitali e migliorare la comunicazione all'interno della scuola o dell'universit\u00e0.<\/p>\n<p data-start=\"1435\" data-end=\"1797\" data-is-last-node=\"\">Grazie all'interfaccia utente intuitiva e alla facile integrazione nella vita scolastica quotidiana, Microsoft 365 Apps for Faculty \u00e8 una soluzione perfetta per chiunque desideri lavorare in modo efficiente e indipendente dalla posizione. La combinazione di classiche applicazioni Office, servizi cloud e utilizzo flessibile rende questa licenza la scelta ideale per il settore dell'istruzione.<\/p>\n<p data-start=\"1435\" data-end=\"1797\" data-is-last-node=\"\"><strong>Puoi trovare maggiori informazioni su questo prodotto\u00a0<a href=\"https:\/\/swisssoftware24.ch\/it\/microsoft-365-apps-for-faculty-die-optimale-loesung-fuer-lehrkraefte\/\">qui<\/a>.<\/strong><\/p>\n<h3>Microsoft 365 Apps for faculty \u2013 requisiti di sistema<\/h3>\n<ul>\n<li>Android, iOS, Mac OS, Windows 10, Windows 11<\/li>\n<\/ul>","protected":false},"excerpt":{"rendered":"<p>Microsoft 365 Apps per l'istruzione (Office 365 ProPlus per insegnanti ed educatori) \u00e8 una versione avanzata di Microsoft 365.<\/p>\n<p>Link per il download + codice prodotto (ESD) 1 per anno<\/p>","protected":false},"featured_media":14752,"template":"","meta":{"_seopress_robots_primary_cat":"none","_seopress_titles_title":"Microsoft 365 Apps for Faculty | SwissSoftware24","_seopress_titles_desc":"Microsoft 365 Apps for Faculty bietet leistungsstarke Office-Tools f\u00fcr Lehrkr\u00e4fte, einschlie\u00dflich Word, Excel und PowerPoint. Ideal f\u00fcr den Bildungsbereich.","_seopress_robots_index":""},"product_brand":[],"product_cat":[98,71],"product_tag":[],"class_list":{"0":"post-14751","1":"product","2":"type-product","3":"status-publish","4":"has-post-thumbnail","6":"product_cat-microsoft-365-edu","7":"product_cat-office","9":"first","10":"outofstock","11":"sale","12":"taxable","13":"shipping-taxable","14":"purchasable","15":"product-type-simple"},"_links":{"self":[{"href":"https:\/\/swisssoftware24.ch\/it\/wp-json\/wp\/v2\/product\/14751","targetHints":{"allow":["GET"]}}],"collection":[{"href":"https:\/\/swisssoftware24.ch\/it\/wp-json\/wp\/v2\/product"}],"about":[{"href":"https:\/\/swisssoftware24.ch\/it\/wp-json\/wp\/v2\/types\/product"}],"wp:featuredmedia":[{"embeddable":true,"href":"https:\/\/swisssoftware24.ch\/it\/wp-json\/wp\/v2\/media\/14752"}],"wp:attachment":[{"href":"https:\/\/swisssoftware24.ch\/it\/wp-json\/wp\/v2\/media?parent=14751"}],"wp:term":[{"taxonomy":"product_brand","embeddable":true,"href":"https:\/\/swisssoftware24.ch\/it\/wp-json\/wp\/v2\/product_brand?post=14751"},{"taxonomy":"product_cat","embeddable":true,"href":"https:\/\/swisssoftware24.ch\/it\/wp-json\/wp\/v2\/product_cat?post=14751"},{"taxonomy":"product_tag","embeddable":true,"href":"https:\/\/swisssoftware24.ch\/it\/wp-json\/wp\/v2\/product_tag?post=14751"}],"curies":[{"name":"wp","href":"https:\/\/api.w.org\/{rel}","templated":true}]}}