{"id":14754,"date":"2023-03-05T00:35:03","date_gmt":"2023-03-04T23:35:03","guid":{"rendered":"https:\/\/swisssoftware24.ch\/?post_type=product&#038;p=14754"},"modified":"2025-11-30T00:17:24","modified_gmt":"2025-11-29T23:17:24","slug":"microsoft-word-2021","status":"publish","type":"product","link":"https:\/\/swisssoftware24.ch\/it\/products\/microsoft-word-2021\/","title":{"rendered":"Microsoft Word 2021"},"content":{"rendered":"<p data-start=\"77\" data-end=\"602\">Microsoft Word 2021 \u00e8 una delle principali applicazioni mondiali per la creazione e la modifica di documenti, progettata sia per uso personale che professionale. Con una variet\u00e0 di strumenti di formattazione, modelli e stili, gli utenti possono creare rapidamente e facilmente documenti professionali. Il software offre anche un'integrazione perfetta con Microsoft 365, consentendo di inserire facilmente dati da Excel, PowerPoint o Outlook nei documenti Word.<\/p>\n<p data-start=\"604\" data-end=\"1075\">Una caratteristica distintiva di Word 2021 sono i suoi strumenti di collaborazione avanzati, che consentono agli utenti di modificare documenti in tempo reale con altri utenti. Grazie alla funzione di co-autorialit\u00e0, ai commenti e al monitoraggio delle modifiche, i team possono collaborare in modo efficiente, scambiare feedback e ottimizzare i contenuti. Inoltre, l'archiviazione cloud in OneDrive garantisce che i documenti siano disponibili in qualsiasi momento e da qualsiasi dispositivo.<\/p>\n<p data-start=\"1077\" data-end=\"1568\" data-is-last-node=\"\">\u00c8 stata prestata particolare attenzione all'accessibilit\u00e0 \u2013 lettori di schermo, controllo vocale e un controllo di accessibilit\u00e0 rendono Word una soluzione inclusiva per tutti gli utenti. Inoltre, il software offre funzioni di ricerca e riferimento integrate, con le quali citazioni e bibliografie possono essere facilmente gestite. Microsoft Word 2021 \u00e8 compatibile con Windows 10, Windows 11 e macOS e pu\u00f2 essere installato su PC o Mac.<\/p>\n<p data-start=\"1077\" data-end=\"1568\" data-is-last-node=\"\"><strong>Puoi trovare maggiori informazioni su questo prodotto\u00a0<a href=\"https:\/\/swisssoftware24.ch\/it\/microsoft-word-2021-die-beste-loesung-fuer-professionelle-dokumente\/\">qui<\/a>.<\/strong><\/p>\n<h3>Microsoft Word 2021 \u2013 requisiti di sistema<\/h3>\n<ul>\n<li><strong>Processore\u00a0<\/strong>Windows 11 o Windows 10 con 1,6 GHz, processore a 2 core\/macOS pi\u00f9 recente<\/li>\n<li><strong>Sistema operativo\u00a0<\/strong>Windows 11 o Windows 10 per PC; Mac OS per Mac<\/li>\n<li><strong>Memoria di lavoro\u00a0<\/strong>4 GB (64 bit), 2 GB (32 bit) di RAM per PC; 4 GB di RAM per Mac<\/li>\n<li><strong>Spazio su disco\u00a0<\/strong>4 GB di spazio disponibile su disco per PC, 10 GB per Mac<\/li>\n<li><strong>Scheda grafica\u00a0<\/strong>Scheda grafica DirectX 10 per l&#039;utilizzo dell&#039;accelerazione hardware grafica per PC<\/li>\n<li><strong>Requisiti di sistema aggiuntivi<\/strong>Accesso a Internet e account Microsoft<\/li>\n<\/ul>","protected":false},"excerpt":{"rendered":"<p>Microsoft Word 2021 ist eine der weltweit f\u00fchrenden Anwendungen zur Dokumentenerstellung und -bearbeitung, die sowohl f\u00fcr den privaten als auch f\u00fcr den beruflichen Gebrauch entwickelt wurde. Mit einer Vielzahl an Formatierungswerkzeugen, Vorlagen und Stilen k\u00f6nnen Benutzer schnell und einfach professionelle Dokumente erstellen. Die Software bietet zudem eine nahtlose Integration mit Microsoft 365, wodurch Daten aus [&hellip;]<\/p>","protected":false},"featured_media":14755,"template":"","meta":{"_seopress_robots_primary_cat":"none","_seopress_titles_title":"Microsoft Word 2021 | SwissSoftware24","_seopress_titles_desc":"Microsoft Word 2021 bietet leistungsstarke Textverarbeitung mit neuen Funktionen f\u00fcr Ihre Produktivit\u00e4t. Ideal f\u00fcr B\u00fcro und Studium.","_seopress_robots_index":""},"product_brand":[],"product_cat":[71,96],"product_tag":[],"class_list":{"0":"post-14754","1":"product","2":"type-product","3":"status-publish","4":"has-post-thumbnail","6":"product_cat-office","7":"product_cat-einzelne-office-programme","9":"first","10":"onbackorder","11":"taxable","12":"shipping-taxable","13":"purchasable","14":"product-type-simple"},"_links":{"self":[{"href":"https:\/\/swisssoftware24.ch\/it\/wp-json\/wp\/v2\/product\/14754","targetHints":{"allow":["GET"]}}],"collection":[{"href":"https:\/\/swisssoftware24.ch\/it\/wp-json\/wp\/v2\/product"}],"about":[{"href":"https:\/\/swisssoftware24.ch\/it\/wp-json\/wp\/v2\/types\/product"}],"wp:featuredmedia":[{"embeddable":true,"href":"https:\/\/swisssoftware24.ch\/it\/wp-json\/wp\/v2\/media\/14755"}],"wp:attachment":[{"href":"https:\/\/swisssoftware24.ch\/it\/wp-json\/wp\/v2\/media?parent=14754"}],"wp:term":[{"taxonomy":"product_brand","embeddable":true,"href":"https:\/\/swisssoftware24.ch\/it\/wp-json\/wp\/v2\/product_brand?post=14754"},{"taxonomy":"product_cat","embeddable":true,"href":"https:\/\/swisssoftware24.ch\/it\/wp-json\/wp\/v2\/product_cat?post=14754"},{"taxonomy":"product_tag","embeddable":true,"href":"https:\/\/swisssoftware24.ch\/it\/wp-json\/wp\/v2\/product_tag?post=14754"}],"curies":[{"name":"wp","href":"https:\/\/api.w.org\/{rel}","templated":true}]}}