{"id":14914,"date":"2023-03-05T20:44:55","date_gmt":"2023-03-05T19:44:55","guid":{"rendered":"https:\/\/swisssoftware24.ch\/?post_type=product&#038;p=14914"},"modified":"2025-12-06T19:32:25","modified_gmt":"2025-12-06T18:32:25","slug":"bitdefender-internet-security","status":"publish","type":"product","link":"https:\/\/swisssoftware24.ch\/it\/products\/bitdefender-internet-security\/","title":{"rendered":"Bitdefender Internet Security"},"content":{"rendered":"<p class=\"\" data-start=\"85\" data-end=\"566\">Bitdefender Internet Security offre una protezione avanzata contro virus, malware e minacce online, garantendo che i tuoi dati personali rimangano sempre al sicuro. Grazie alle tecnologie anti-phishing all'avanguardia, il software rileva e blocca i siti web fraudolenti che tentano di rubare informazioni sensibili come password o dati bancari. Inoltre, il firewall integrato protegge la tua rete da accessi non autorizzati e potenziali attacchi informatici.<\/p>\n<p class=\"\" data-start=\"568\" data-end=\"1066\">Oltre alla classica difesa dalle minacce, Bitdefender Internet Security offre anche funzionalit\u00e0 per il blocco degli annunci pubblicitari e la protezione della privacy online. Rimuovendo automaticamente i cookie e cancellando la cronologia del browser, gli utenti godono di un maggiore anonimato durante la navigazione in internet. Il software dispone anche di un'interfaccia utente intuitiva che consente una facile gestione di tutte le funzioni di sicurezza \u2013 ideale sia per gli utenti esperti che per i principianti.<\/p>\n<p class=\"\" data-start=\"1068\" data-end=\"1554\">Rispetto alle versioni pi\u00f9 semplici come Bitdefender Antivirus Plus, questo prodotto offre una protezione di rete avanzata e un blocco degli annunci pubblicitari, rendendo la vita digitale pi\u00f9 sicura. Grazie agli aggiornamenti automatici, il tuo sistema \u00e8 sempre aggiornato senza doverti preoccupare degli aggiornamenti manuali. Bitdefender Internet Security \u00e8 la scelta perfetta per chiunque apprezzi i pi\u00f9 alti standard di sicurezza e un utilizzo di internet senza preoccupazioni.<\/p>\n<p><strong>Puoi trovare maggiori informazioni su questo prodotto\u00a0<a href=\"https:\/\/swisssoftware24.ch\/it\/bitdefender-internet-security-ihr-zuverlaessiger-schutz-vor-online-bedrohungen\/\">qui<\/a>.<\/strong><\/p>\n<h3>Bitdefender Internet Security \u2013 requisiti di sistema<\/h3>\n<ul>\n<li><strong>Sistema operativo<\/strong>\u00a0Windows 7 con Service Pack 1, Windows 8, Windows 8.1 e Windows 10<\/li>\n<li><strong>Memoria (RAM)<\/strong>\u00a02 GB<\/li>\n<li><strong>Spazio libero su disco disponibile<\/strong>\u00a02,5 GB di memoria libera<\/li>\n<\/ul>","protected":false},"excerpt":{"rendered":"<p>Bitdefender Internet Security \u00e8 stato progettato per utenti che necessitano di protezione avanzata. Offre un'ampia gamma di funzionalit\u00e0 di sicurezza per proteggere da virus, malware, phishing e altre minacce, garantendo al contempo la privacy dell'utente. Il programma \u00e8 facile da usare e non appesantisce il sistema.<\/p>\n<p>Con l'acquisto di questo prodotto, si riceve una licenza elettronica valida per 1 o 2 anni (a seconda dell'opzione scelta), utilizzabile su uno, tre o cinque dispositivi. Questa versione \u00e8 progettata per computer con sistema operativo Windows ed \u00e8 disponibile in pi\u00f9 lingue.<\/p>","protected":false},"featured_media":33970,"template":"","meta":{"_seopress_robots_primary_cat":"none","_seopress_titles_title":"Bitdefender Internet Security | SwissSoftware24","_seopress_titles_desc":"Sch\u00fctzen Sie Ihr digitales Leben mit Bitdefender Internet Security. Leistungsstarker Schutz vor Viren, Phishing und Ransomware.","_seopress_robots_index":""},"product_brand":[],"product_cat":[112,63,93],"product_tag":[],"class_list":{"0":"post-14914","1":"product","2":"type-product","3":"status-publish","4":"has-post-thumbnail","6":"product_cat-bitdefender","7":"product_cat-antivirus-security","8":"product_cat-antivirus","10":"first","11":"onbackorder","12":"taxable","13":"shipping-taxable","14":"purchasable","15":"product-type-variable"},"_links":{"self":[{"href":"https:\/\/swisssoftware24.ch\/it\/wp-json\/wp\/v2\/product\/14914","targetHints":{"allow":["GET"]}}],"collection":[{"href":"https:\/\/swisssoftware24.ch\/it\/wp-json\/wp\/v2\/product"}],"about":[{"href":"https:\/\/swisssoftware24.ch\/it\/wp-json\/wp\/v2\/types\/product"}],"wp:featuredmedia":[{"embeddable":true,"href":"https:\/\/swisssoftware24.ch\/it\/wp-json\/wp\/v2\/media\/33970"}],"wp:attachment":[{"href":"https:\/\/swisssoftware24.ch\/it\/wp-json\/wp\/v2\/media?parent=14914"}],"wp:term":[{"taxonomy":"product_brand","embeddable":true,"href":"https:\/\/swisssoftware24.ch\/it\/wp-json\/wp\/v2\/product_brand?post=14914"},{"taxonomy":"product_cat","embeddable":true,"href":"https:\/\/swisssoftware24.ch\/it\/wp-json\/wp\/v2\/product_cat?post=14914"},{"taxonomy":"product_tag","embeddable":true,"href":"https:\/\/swisssoftware24.ch\/it\/wp-json\/wp\/v2\/product_tag?post=14914"}],"curies":[{"name":"wp","href":"https:\/\/api.w.org\/{rel}","templated":true}]}}