{"id":14925,"date":"2023-03-05T21:14:43","date_gmt":"2023-03-05T20:14:43","guid":{"rendered":"https:\/\/swisssoftware24.ch\/?post_type=product&#038;p=14925"},"modified":"2025-11-29T23:56:54","modified_gmt":"2025-11-29T22:56:54","slug":"panda-dome-essential","status":"publish","type":"product","link":"https:\/\/swisssoftware24.ch\/it\/products\/panda-dome-essential\/","title":{"rendered":"Panda Dome Essenziale"},"content":{"rendered":"<p class=\"\" data-start=\"78\" data-end=\"510\">Panda Dome Essential offre protezione in tempo reale contro virus, malware e attacchi informatici, garantendo che i tuoi dispositivi rimangano sempre al sicuro. Grazie al firewall avanzato, le connessioni di rete indesiderate vengono bloccate e il tuo Wi-Fi \u00e8 protetto da potenziali intrusi. La funzione VPN integrata garantisce l'anonimato online, la crittografia IP e la trasmissione sicura dei dati per proteggere la tua privacy.<\/p>\n<p class=\"\" data-start=\"512\" data-end=\"978\">Con opzioni di controllo parentale intelligenti, Panda Dome Essential consente di monitorare e limitare il tempo online dei bambini e di bloccare contenuti inappropriati. Inoltre, il software scansiona dispositivi esterni come unit\u00e0 USB e dischi rigidi per garantire che nessuna minaccia entri nel tuo sistema. La funzione di monitoraggio Wi-Fi analizza la tua rete e segnala attivit\u00e0 sospette per prevenire accessi non autorizzati.<\/p>\n<p class=\"\" data-start=\"980\" data-end=\"1437\">Panda Dome Essential offre anche pratiche funzioni di sicurezza per dispositivi mobili, come controlli di accesso alle app, tracciamento della posizione e allarmi antifurto. In caso di perdita o furto del dispositivo, puoi bloccare il tuo smartphone, cancellare i dati o attivare un allarme di movimento. Con la sua ampia compatibilit\u00e0 per Windows e macOS, nonch\u00e9 varie versioni linguistiche, Panda Dome Essential \u00e8 la soluzione ideale per una protezione completa.<\/p>\n<p data-start=\"980\" data-end=\"1437\"><strong>Puoi trovare maggiori informazioni su questo prodotto\u00a0<a href=\"https:\/\/swisssoftware24.ch\/it\/panda-dome-essential-umfassender-schutz-fuer-ihre-geraete\/\">qui<\/a>.<\/strong><\/p>\n<h3>Panda Dome Essential \u2013 requisiti di sistema<\/h3>\n<p><strong>Windows<\/strong><\/p>\n<ul>\n<li><strong>Sistema operativo<\/strong>Microsoft\u00ae Windows 10, Windows 8.1, Windows 7<\/li>\n<li><strong>Processore\u00a0<\/strong>Pentium 300 MHz o superiore<\/li>\n<li><strong>RAM\u00a0<\/strong>256 MB<\/li>\n<li><strong>disco rigido\u00a0<\/strong>240\u00a0MB<\/li>\n<\/ul>\n<p><strong>Mac<\/strong><\/p>\n<ul>\n<li><strong>Sistema operativo<\/strong>\u00a0Mac OS X 10.10 o successivo<\/li>\n<li><strong>disco rigido\u00a0\u00a0<\/strong>200 MB<\/li>\n<\/ul>\n<p><strong>Android<\/strong><\/p>\n<ul>\n<li><strong>Android<\/strong>4 o successivo<\/li>\n<\/ul>\n<p><strong>iPhone\/iPad<\/strong><\/p>\n<ul>\n<li><strong>Sistema operativo\u00a0<\/strong>iOS 7 o successivo<\/li>\n<\/ul>","protected":false},"excerpt":{"rendered":"<p>Panda Dome Essential \u00e8 una protezione efficace contro le minacce informatiche. Non solo protegge i computer (sia con sistema Windows che Mac, nonch\u00e9 i sistemi Linux), ma anche i dispositivi mobili altrettanto vulnerabili. Perch\u00e9 Panda Antivirus \u00e8 una buona scelta?<\/p>","protected":false},"featured_media":25714,"template":"","meta":{"_seopress_robots_primary_cat":"none","_seopress_titles_title":"Panda Dome Essential | Grundschutz | SwissSoftware24","_seopress_titles_desc":"Sch\u00fctzen Sie Ihre Ger\u00e4te mit Panda Dome Essential. Grundlegender Schutz vor Viren und Malware. Einfach und effektiv.","_seopress_robots_index":""},"product_brand":[],"product_cat":[130,115,63,93],"product_tag":[],"class_list":{"0":"post-14925","1":"product","2":"type-product","3":"status-publish","4":"has-post-thumbnail","6":"product_cat-antivirushome","7":"product_cat-panda","8":"product_cat-antivirus-security","9":"product_cat-antivirus","11":"first","12":"instock","13":"sale","14":"taxable","15":"shipping-taxable","16":"purchasable","17":"product-type-variable"},"_links":{"self":[{"href":"https:\/\/swisssoftware24.ch\/it\/wp-json\/wp\/v2\/product\/14925","targetHints":{"allow":["GET"]}}],"collection":[{"href":"https:\/\/swisssoftware24.ch\/it\/wp-json\/wp\/v2\/product"}],"about":[{"href":"https:\/\/swisssoftware24.ch\/it\/wp-json\/wp\/v2\/types\/product"}],"wp:featuredmedia":[{"embeddable":true,"href":"https:\/\/swisssoftware24.ch\/it\/wp-json\/wp\/v2\/media\/25714"}],"wp:attachment":[{"href":"https:\/\/swisssoftware24.ch\/it\/wp-json\/wp\/v2\/media?parent=14925"}],"wp:term":[{"taxonomy":"product_brand","embeddable":true,"href":"https:\/\/swisssoftware24.ch\/it\/wp-json\/wp\/v2\/product_brand?post=14925"},{"taxonomy":"product_cat","embeddable":true,"href":"https:\/\/swisssoftware24.ch\/it\/wp-json\/wp\/v2\/product_cat?post=14925"},{"taxonomy":"product_tag","embeddable":true,"href":"https:\/\/swisssoftware24.ch\/it\/wp-json\/wp\/v2\/product_tag?post=14925"}],"curies":[{"name":"wp","href":"https:\/\/api.w.org\/{rel}","templated":true}]}}