{"id":14947,"date":"2023-03-05T21:39:41","date_gmt":"2023-03-05T20:39:41","guid":{"rendered":"https:\/\/swisssoftware24.ch\/?post_type=product&#038;p=14947"},"modified":"2025-11-29T23:56:54","modified_gmt":"2025-11-29T22:56:54","slug":"mcafee-internet-security","status":"publish","type":"product","link":"https:\/\/swisssoftware24.ch\/it\/products\/mcafee-internet-security\/","title":{"rendered":"McAfee Internet Security"},"content":{"rendered":"<p><img loading=\"lazy\" decoding=\"async\" class=\"alignnone wp-image-14937 size-full\" src=\"https:\/\/swisssoftware24.ch\/wp-content\/uploads\/2023\/03\/mcafee_together.jpg\" alt=\"\" width=\"1200\" height=\"100\" srcset=\"https:\/\/swisssoftware24.ch\/wp-content\/uploads\/2023\/03\/mcafee_together.jpg 1200w, https:\/\/swisssoftware24.ch\/wp-content\/uploads\/2023\/03\/mcafee_together-600x50.jpg 600w, https:\/\/swisssoftware24.ch\/wp-content\/uploads\/2023\/03\/mcafee_together-64x5.jpg 64w, https:\/\/swisssoftware24.ch\/wp-content\/uploads\/2023\/03\/mcafee_together-300x25.jpg 300w, https:\/\/swisssoftware24.ch\/wp-content\/uploads\/2023\/03\/mcafee_together-1024x85.jpg 1024w, https:\/\/swisssoftware24.ch\/wp-content\/uploads\/2023\/03\/mcafee_together-768x64.jpg 768w\" sizes=\"auto, (max-width: 1200px) 100vw, 1200px\" \/><\/p>\n<p class=\"\" data-start=\"199\" data-end=\"601\">McAfee Internet Security offre una protezione completa per i tuoi dispositivi e dati \u2013 ideale per famiglie e singoli utenti. Il software ti protegge da virus, malware, phishing e altre minacce online e crittografa il tuo indirizzo IP per una navigazione internet anonima. Allo stesso tempo, aiuta a identificare e risolvere le vulnerabilit\u00e0 di sicurezza come password deboli o reti non sicure.<\/p>\n<p class=\"\" data-start=\"603\" data-end=\"1004\">Le funzionalit\u00e0 aggiuntive includono il controllo genitori che limita l'accesso a contenuti inappropriati, nonch\u00e9 il tracciamento dei dispositivi in caso di smarrimento o furto. Il programma pu\u00f2 essere utilizzato su pi\u00f9 piattaforme come Windows, macOS, iOS e Android con una singola licenza. La sua facilit\u00e0 d'uso e la configurazione flessibile lo rendono un pacchetto di sicurezza ideale per l'uso domestico.<\/p>\n<p class=\"\" data-start=\"1006\" data-end=\"1283\">Inoltre, McAfee Internet Security supporta l'ottimizzazione del PC, gli aggiornamenti automatici, un gestore di password integrato e il supporto tecnico in pi\u00f9 lingue. Offre non solo sicurezza, ma anche comodit\u00e0 nell'uso quotidiano dei servizi digitali.<\/p>\n<p data-start=\"1006\" data-end=\"1283\"><strong>Puoi trovare maggiori informazioni su questo prodotto\u00a0<a href=\"https:\/\/swisssoftware24.ch\/it\/mcafee-internet-security-intelligenter-schutz-fuer-die-digitale-welt\/\">qui<\/a>.<\/strong><\/p>\n<h3>McAfee Internet Security \u2013 requisiti di sistema<\/h3>\n<ul>\n<li>Sistemi operativi Windows, Mac, Android e iOS<\/li>\n<li>Processore da 1 GHz o pi\u00f9 veloce, processore x86 o x64<\/li>\n<li>Memoria RAM 1GB<\/li>\n<li>Spazio su disco rigido 1 \u2013 2 GB<\/li>\n<li>La grafica non \u00e8 applicabile<\/li>\n<\/ul>","protected":false},"excerpt":{"rendered":"<p><span style=\"font-weight: 400\">McAfee Internet Security \u00e8 una soluzione di sicurezza Internet completa progettata per utenti con uno, tre, cinque o anche dieci dispositivi. Il prezzo della licenza dipende dalla sua quantit\u00e0. I siti Web e i messaggi potenzialmente pericolosi che potrebbero compromettere la tua privacy e la tua sicurezza non sono pi\u00f9 una tua preoccupazione.<\/span><\/p>","protected":false},"featured_media":25708,"template":"","meta":{"_seopress_robots_primary_cat":"none","_seopress_titles_title":"McAfee Internet Security | Schutz online | SwissSoftware24","_seopress_titles_desc":"McAfee Internet Security: Sch\u00fctzen Sie Ihre Ger\u00e4te vor Online-Bedrohungen. Zuverl\u00e4ssiger Schutz f\u00fcr sicheres Surfen.","_seopress_robots_index":""},"product_brand":[],"product_cat":[93,63,130,110],"product_tag":[],"class_list":{"0":"post-14947","1":"product","2":"type-product","3":"status-publish","4":"has-post-thumbnail","6":"product_cat-antivirus","7":"product_cat-antivirus-security","8":"product_cat-antivirushome","9":"product_cat-mcafee","11":"first","12":"instock","13":"sale","14":"taxable","15":"shipping-taxable","16":"purchasable","17":"product-type-variable"},"_links":{"self":[{"href":"https:\/\/swisssoftware24.ch\/it\/wp-json\/wp\/v2\/product\/14947","targetHints":{"allow":["GET"]}}],"collection":[{"href":"https:\/\/swisssoftware24.ch\/it\/wp-json\/wp\/v2\/product"}],"about":[{"href":"https:\/\/swisssoftware24.ch\/it\/wp-json\/wp\/v2\/types\/product"}],"wp:featuredmedia":[{"embeddable":true,"href":"https:\/\/swisssoftware24.ch\/it\/wp-json\/wp\/v2\/media\/25708"}],"wp:attachment":[{"href":"https:\/\/swisssoftware24.ch\/it\/wp-json\/wp\/v2\/media?parent=14947"}],"wp:term":[{"taxonomy":"product_brand","embeddable":true,"href":"https:\/\/swisssoftware24.ch\/it\/wp-json\/wp\/v2\/product_brand?post=14947"},{"taxonomy":"product_cat","embeddable":true,"href":"https:\/\/swisssoftware24.ch\/it\/wp-json\/wp\/v2\/product_cat?post=14947"},{"taxonomy":"product_tag","embeddable":true,"href":"https:\/\/swisssoftware24.ch\/it\/wp-json\/wp\/v2\/product_tag?post=14947"}],"curies":[{"name":"wp","href":"https:\/\/api.w.org\/{rel}","templated":true}]}}