{"id":14952,"date":"2023-03-05T21:47:06","date_gmt":"2023-03-05T20:47:06","guid":{"rendered":"https:\/\/swisssoftware24.ch\/?post_type=product&#038;p=14952"},"modified":"2026-02-03T10:30:03","modified_gmt":"2026-02-03T09:30:03","slug":"mcafee-live-safe","status":"publish","type":"product","link":"https:\/\/swisssoftware24.ch\/it\/products\/mcafee-live-safe\/","title":{"rendered":"McAfee Live Safe"},"content":{"rendered":"<p><img loading=\"lazy\" decoding=\"async\" class=\"alignnone wp-image-14954 size-full\" src=\"https:\/\/swisssoftware24.ch\/wp-content\/uploads\/2023\/03\/mcafee_livesafe.jpg\" alt=\"\" width=\"1200\" height=\"100\" srcset=\"https:\/\/swisssoftware24.ch\/wp-content\/uploads\/2023\/03\/mcafee_livesafe.jpg 1200w, https:\/\/swisssoftware24.ch\/wp-content\/uploads\/2023\/03\/mcafee_livesafe-600x50.jpg 600w, https:\/\/swisssoftware24.ch\/wp-content\/uploads\/2023\/03\/mcafee_livesafe-64x5.jpg 64w, https:\/\/swisssoftware24.ch\/wp-content\/uploads\/2023\/03\/mcafee_livesafe-300x25.jpg 300w, https:\/\/swisssoftware24.ch\/wp-content\/uploads\/2023\/03\/mcafee_livesafe-1024x85.jpg 1024w, https:\/\/swisssoftware24.ch\/wp-content\/uploads\/2023\/03\/mcafee_livesafe-768x64.jpg 768w\" sizes=\"auto, (max-width: 1200px) 100vw, 1200px\" \/><\/p>\n<p class=\"\" data-start=\"184\" data-end=\"669\">McAfee LiveSafe offre una protezione completa per tutti i tuoi dispositivi \u2013 che siano PC, smartphone o tablet \u2013 il tutto con un'unica licenza per un numero illimitato di dispositivi. Il software protegge da virus, malware, phishing e attacchi di hacking, crittografando al contempo il tuo indirizzo IP per mantenere la tua privacy online. Grazie al controllo genitori integrato, mantieni anche il controllo sulle attivit\u00e0 online dei tuoi figli in ogni momento.<\/p>\n<p class=\"\" data-start=\"671\" data-end=\"1077\">Particolarmente utile \u00e8 anche la funzione di tracciamento dei dispositivi, che consente la localizzazione e il blocco remoto in caso di smarrimento o furto. Funzionalit\u00e0 come Web Advisor, Password Manager, Vulnerability Scanner e strumenti di ottimizzazione del PC rendono McAfee LiveSafe una soluzione di sicurezza all-in-one ideale. Pu\u00f2 essere utilizzato su Windows, macOS, Android e iOS.<\/p>\n<p class=\"\" data-start=\"1079\" data-end=\"1325\">L'interfaccia utente \u00e8 intuitiva, multilingue e completata da un supporto tecnico gratuito. Gli aggiornamenti automatici assicurano che il tuo software di sicurezza sia sempre aggiornato \u2013 per la massima protezione in tempo reale.<\/p>\n<p data-start=\"1079\" data-end=\"1325\"><strong>Puoi trovare maggiori informazioni su questo prodotto\u00a0<a href=\"https:\/\/swisssoftware24.ch\/it\/mcafee-live-safe-maximale-sicherheit-fuer-ihre-digitale-welt\/\">qui<\/a>.<\/strong><\/p>\n<h3>McAfee Live Safe \u2013 requisiti di sistema<\/h3>\n<ul>\n<li>Sistema operativo: Microsoft Windows 11, 10, 8.1 con tutte le patch (32 bit e 64 bit). Nessun supporto per Windows Enterprise.; Build 4.17.1 o successiva: MacOS 10.15 e successiva; Smartphone e tablet con Google Android versione 9 o successiva; Apple iOS 15 o versione successiva; ChromeOS versione 102.0.5005 o successiva;<\/li>\n<li>Dotazioni: 2GB RAM; 1,3 GB di spazio libero; Processore Architettura Windows da 1 GHz: x64, x86. Architettura Mac: x64, x86, ARM64 (\u00e8 richiesto Rosetta II);<\/li>\n<li>Browser supportati: Firefox; Google Cromo; Safari (Mac e iOS); Microsoft Edge (basato su Chrome);<\/li>\n<li>\u00c8 richiesta una connessione Internet: \u00e8 consigliata una connessione veloce.<\/li>\n<\/ul>","protected":false},"excerpt":{"rendered":"<p><span style=\"font-weight: 400\">McAfee LiveSafe \u00e8 un software di sicurezza completo sviluppato da McAfee, un leader nel settore della cibersicurezza. Fornisce una protezione multi-dispositivo, compresa la protezione antivirus, la protezione del firewall, la protezione contro il furto di identit\u00e0 e la gestione delle password, tra le altre funzioni, per il tuo computer, smartphone e tablet.<\/span><\/p>\n<p>Link per il download + codice prodotto (ESD) 1 per anno<\/p>","protected":false},"featured_media":25709,"template":"","meta":{"_seopress_robots_primary_cat":"none","_seopress_titles_title":"McAfee Live Safe | Rundumschutz | SwissSoftware24","_seopress_titles_desc":"McAfee Live Safe bietet umfassenden Schutz f\u00fcr alle Ihre Ger\u00e4te. Sichern Sie Ihre Daten und Privatsph\u00e4re online.","_seopress_robots_index":""},"product_brand":[],"product_cat":[110,63,93],"product_tag":[],"class_list":{"0":"post-14952","1":"product","2":"type-product","3":"status-publish","4":"has-post-thumbnail","6":"product_cat-mcafee","7":"product_cat-antivirus-security","8":"product_cat-antivirus","10":"first","11":"onbackorder","12":"sale","13":"taxable","14":"shipping-taxable","15":"purchasable","16":"product-type-simple"},"_links":{"self":[{"href":"https:\/\/swisssoftware24.ch\/it\/wp-json\/wp\/v2\/product\/14952","targetHints":{"allow":["GET"]}}],"collection":[{"href":"https:\/\/swisssoftware24.ch\/it\/wp-json\/wp\/v2\/product"}],"about":[{"href":"https:\/\/swisssoftware24.ch\/it\/wp-json\/wp\/v2\/types\/product"}],"wp:featuredmedia":[{"embeddable":true,"href":"https:\/\/swisssoftware24.ch\/it\/wp-json\/wp\/v2\/media\/25709"}],"wp:attachment":[{"href":"https:\/\/swisssoftware24.ch\/it\/wp-json\/wp\/v2\/media?parent=14952"}],"wp:term":[{"taxonomy":"product_brand","embeddable":true,"href":"https:\/\/swisssoftware24.ch\/it\/wp-json\/wp\/v2\/product_brand?post=14952"},{"taxonomy":"product_cat","embeddable":true,"href":"https:\/\/swisssoftware24.ch\/it\/wp-json\/wp\/v2\/product_cat?post=14952"},{"taxonomy":"product_tag","embeddable":true,"href":"https:\/\/swisssoftware24.ch\/it\/wp-json\/wp\/v2\/product_tag?post=14952"}],"curies":[{"name":"wp","href":"https:\/\/api.w.org\/{rel}","templated":true}]}}