{"id":14964,"date":"2023-03-05T22:11:53","date_gmt":"2023-03-05T21:11:53","guid":{"rendered":"https:\/\/swisssoftware24.ch\/?post_type=product&#038;p=14964"},"modified":"2025-11-29T23:56:54","modified_gmt":"2025-11-29T22:56:54","slug":"windows-server-standard-2022","status":"publish","type":"product","link":"https:\/\/swisssoftware24.ch\/it\/products\/windows-server-standard-2022\/","title":{"rendered":"Windows Server Standard 2022"},"content":{"rendered":"<div class=\"flex max-w-full flex-col flex-grow\">\n<div class=\"min-h-8 text-message flex w-full flex-col items-end gap-2 whitespace-normal break-words text-start [.text-message+&amp;]:mt-5\" dir=\"auto\" data-message-author-role=\"assistant\" data-message-id=\"5f5e8709-5a2e-41a1-b5f6-7f6ed7ab06fc\" data-message-model-slug=\"gpt-4o\">\n<div class=\"flex w-full flex-col gap-1 empty:hidden first:pt-[3px]\">\n<div class=\"markdown prose w-full break-words dark:prose-invert light\">\n<p data-start=\"79\" data-end=\"420\">Windows Server Standard 2022 offre una piattaforma sicura ed efficiente per aziende di ogni dimensione. Grazie alla tecnologia Secured-Core Server, protegge da malware avanzati, mentre i protocolli di sicurezza Server Message Block (SMB) migliorati e la crittografia AES-256 standard garantiscono una connettivit\u00e0 sicura.<\/p>\n<p data-start=\"422\" data-end=\"726\">La compressione SMB ottimizza il trasferimento dei dati, riducendo il consumo di larghezza di banda della rete. Inoltre, la migliore integrazione delle applicazioni consente una collaborazione senza interruzioni tra le applicazioni. Il moderno Centro di amministrazione Windows semplifica la gestione e la manutenzione dell'ambiente server.<\/p>\n<p data-start=\"728\" data-end=\"1101\" data-is-last-node=\"\">Con le funzionalit\u00e0 ibride di Azure come le soluzioni di backup e ripristino, la sincronizzazione dei server di file con il cloud e la virtualizzazione desktop, Windows Server 2022 supporta un'infrastruttura IT flessibile e scalabile. La migliore virtualizzazione GPU e la gestione ottimizzata dello storage garantiscono un ambiente server ad alte prestazioni e a prova di futuro.<\/p>\n<p data-start=\"728\" data-end=\"1101\" data-is-last-node=\"\"><strong>Puoi trovare maggiori informazioni su questo prodotto\u00a0<a href=\"https:\/\/swisssoftware24.ch\/it\/windows-server-standard-2022-eine-moderne-loesung-fuer-unternehmen\/\">qui<\/a>.<\/strong><\/p>\n<\/div>\n<\/div>\n<\/div>\n<\/div>\n<h3>Windows Server Standard 2022 &#8211; anforderungen<\/h3>\n<ul>\n<li>Prozessor: 64-Bit-1,4-GHz-Prozessor x64-Befehlssatzkompatibel. Unterst\u00fctzt NX und DEP, CMPXCHG16b, LAHF\/SAHF und Prefetching.<\/li>\n<li>Speicher\/RAM: 512 MB (2 GB f\u00fcr Server mit Desktop Experience-Installationsoption). Geben Sie ECC (Error Correcting Code) oder eine \u00e4hnliche Technologie f\u00fcr Bereitstellungen auf physischen Hosts ein.<\/li>\n<li>Festplattenspeicher: Mindestens 32 GB (Windows Server 2022 mit Server Core-Installationsoption).<\/li>\n<li>Netzwerkanforderungen: Ethernet-Adapter mit einer Bandbreite von mindestens 1 Gigabit pro Sekunde. Konform mit der PCI-Express-Architekturspezifikation.<\/li>\n<li>Zus\u00e4tzliche Anforderungen: UEFI 2.3.1c-basiertes System und Firmware, die sicheren Start unterst\u00fctzen; Vertrauensw\u00fcrdiges Plattformmodul; Ein Grafikger\u00e4t und Monitor, der Super VGA (1024 x 768) oder eine h\u00f6here Aufl\u00f6sung unterst\u00fctzt.<\/li>\n<li>Einige Funktionen, wie z. B. die BitLocker-Laufwerkverschl\u00fcsselung, erfordern ein Trusted Platform Module (TPM). Wenn Ihr Computer ein TPM verwendet, muss es die folgenden Anforderungen erf\u00fcllen:\n<ul>\n<li>I TPM basati su hardware devono implementare la versione 2.0 della specifica TPM.<\/li>\n<li>I TPM che implementano la versione 2.0 devono avere un certificato EK pre-fornito al TPM dal produttore hardware o che pu\u00f2 essere scaricato dal dispositivo al primo avvio.<\/li>\n<li>I TPM che implementano la versione 2.0 devono essere forniti con banchi PCR SHA-256 e implementare i PCR da 0 a 23 per SHA-256. \u00c8 accettabile fornire TPM con un banco PCR commutabile che pu\u00f2 essere utilizzato sia per le misurazioni SHA-1 che SHA-256.<\/li>\n<li>L'opzione UEFI per disabilitare il TPM non \u00e8 richiesta.<\/li>\n<\/ul>\n<\/li>\n<\/ul>","protected":false},"excerpt":{"rendered":"<p>Windows Server Standard 2022 \u00e8 un sistema progettato per ambienti di container ad alto traffico adatti alle aziende che utilizzano server fisici. Funziona anche bene con bassi livelli di virtualizzazione e consente l'integrazione degli ambienti IT in loco con la piattaforma cloud Azure.<\/p>","protected":false},"featured_media":37006,"template":"","meta":{"_seopress_robots_primary_cat":"none","_seopress_titles_title":"Windows Server Standard 2022 | SwissSoftware24","_seopress_titles_desc":"Windows Server Standard 2022: Sch\u00fctzen und optimieren Sie Ihre IT-Umgebung mit den neuesten Funktionen und verbesserter Sicherheit.","_seopress_robots_index":""},"product_brand":[],"product_cat":[78,89],"product_tag":[],"class_list":{"0":"post-14964","1":"product","2":"type-product","3":"status-publish","4":"has-post-thumbnail","6":"product_cat-server-software","7":"product_cat-windows-server","9":"first","10":"instock","11":"taxable","12":"shipping-taxable","13":"purchasable","14":"product-type-variable"},"_links":{"self":[{"href":"https:\/\/swisssoftware24.ch\/it\/wp-json\/wp\/v2\/product\/14964","targetHints":{"allow":["GET"]}}],"collection":[{"href":"https:\/\/swisssoftware24.ch\/it\/wp-json\/wp\/v2\/product"}],"about":[{"href":"https:\/\/swisssoftware24.ch\/it\/wp-json\/wp\/v2\/types\/product"}],"wp:featuredmedia":[{"embeddable":true,"href":"https:\/\/swisssoftware24.ch\/it\/wp-json\/wp\/v2\/media\/37006"}],"wp:attachment":[{"href":"https:\/\/swisssoftware24.ch\/it\/wp-json\/wp\/v2\/media?parent=14964"}],"wp:term":[{"taxonomy":"product_brand","embeddable":true,"href":"https:\/\/swisssoftware24.ch\/it\/wp-json\/wp\/v2\/product_brand?post=14964"},{"taxonomy":"product_cat","embeddable":true,"href":"https:\/\/swisssoftware24.ch\/it\/wp-json\/wp\/v2\/product_cat?post=14964"},{"taxonomy":"product_tag","embeddable":true,"href":"https:\/\/swisssoftware24.ch\/it\/wp-json\/wp\/v2\/product_tag?post=14964"}],"curies":[{"name":"wp","href":"https:\/\/api.w.org\/{rel}","templated":true}]}}