{"id":14969,"date":"2023-03-05T22:25:13","date_gmt":"2023-03-05T21:25:13","guid":{"rendered":"https:\/\/swisssoftware24.ch\/?post_type=product&#038;p=14969"},"modified":"2025-11-30T00:17:24","modified_gmt":"2025-11-29T23:17:24","slug":"microsoft-sql-server-2016-standard","status":"publish","type":"product","link":"https:\/\/swisssoftware24.ch\/it\/products\/microsoft-sql-server-2016-standard\/","title":{"rendered":"Microsoft SQL Server 2016 Standard"},"content":{"rendered":"<p>Microsoft SQL Server 2016 Standard \u00e8 una robusta soluzione di database che offre un'elaborazione delle transazioni online (OLTP) avanzata per una gestione rapida ed efficiente di elevati volumi di transazioni. Ci\u00f2 \u00e8 particolarmente vantaggioso per settori quali la finanza, la vendita al dettaglio e l'e-commerce, garantendo prestazioni costanti e affidabili. Il software offre anche un'eccellente scalabilit\u00e0, consentendo alle aziende di gestire senza problemi volumi di dati in espansione.<\/p>\n<p>Misure di sicurezza avanzate offrono una protezione completa per i dati sensibili, sia quando sono archiviati che durante il trasferimento. Funzionalit\u00e0 come la sicurezza a livello di riga, Always Encrypted e la maschera dinamica dei dati limitano l'accesso alle informazioni riservate ai soli utenti autorizzati. Ci\u00f2 rende SQL Server 2016 particolarmente adatto alle organizzazioni con severi requisiti di riservatezza dei dati.<\/p>\n<p>L'analisi in-database consente agli utenti di eseguire analisi di dati complesse direttamente all'interno del database stesso, eliminando la necessit\u00e0 di strumenti analitici separati. L'integrazione del linguaggio R facilita l'analisi predittiva, il data mining e l'apprendimento automatico. Inoltre, il supporto di SQL Server per l'elaborazione dei dati JSON consente una miscela flessibile di strutture di dati relazionali e non relazionali.<\/p>\n<p>La piattaforma di dati ibrida consente alle aziende di sfruttare SQL Server 2016 sia on-premise che nel cloud con Microsoft Azure. Ci\u00f2 offre scalabilit\u00e0 flessibile, backup dei dati migliorato e una gestione pi\u00f9 efficiente dell'infrastruttura IT. SQL Server incorpora anche potenti funzionalit\u00e0 per il tracciamento dei dati storici attraverso tabelle temporali, semplificando i processi di conformit\u00e0 e audit.<\/p>\n<p><strong>Puoi trovare maggiori informazioni su questo prodotto\u00a0<a href=\"https:\/\/swisssoftware24.ch\/it\/microsoft-sql-server-2016-standard-ein-umfassender-leitfaden\/\">qui<\/a>.<\/strong><\/p>\n<h1><span style=\"font-size: 16px\">Microsoft SQL Server 2016 Standard \u2013 requisiti di sistema<\/span><\/h1>\n<ul>\n<li><strong>Tenere sotto controllo\u00a0<\/strong>richiede una scheda grafica Super VGA con una risoluzione minima di 800\u00d7600 pixel.<\/li>\n<li><strong>Processore\u00a0<\/strong>processore x64: AMD Opteron, AMD Athlon 64, Intel Xeon con supporto Intel EM64T, Intel Pentium IV con supporto EM64T; Minimo: processore x64: 1,4 GHz, consigliato. 2,0 GHz o superiore<\/li>\n<li><strong>Memoria di lavoro\u00a0<\/strong>Minimo: 1GB | Almeno 4 GB. Inoltre, con l&#039;aumentare delle dimensioni del database, \u00e8 necessario aumentare la memoria per garantire prestazioni ottimali.<\/li>\n<li><strong>disco rigido\u00a0<\/strong>richiede almeno 6 GB di spazio disponibile su disco.<\/li>\n<\/ul>\n<p>&nbsp;<\/p>","protected":false},"excerpt":{"rendered":"<p>Link per il download + chiave del prodotto (ESD)<\/p>\n<p>Microsoft SQL Server 2016 Standard \u00e8 progettato per i professionisti che sviluppano applicazioni critiche e intelligenti utilizzando una piattaforma di database scalabile e ibrida.<\/p>","protected":false},"featured_media":25655,"template":"","meta":{"_seopress_robots_primary_cat":"none","_seopress_titles_title":"Microsoft SQL Server 2016 Standard | SwissSoftware24","_seopress_titles_desc":"Microsoft SQL Server 2016 Standard: Leistungsstarke Datenbankl\u00f6sungen f\u00fcr Ihr Unternehmen. Zuverl\u00e4ssig und skalierbar.","_seopress_robots_index":""},"product_brand":[],"product_cat":[78,81,89],"product_tag":[],"class_list":{"0":"post-14969","1":"product","2":"type-product","3":"status-publish","4":"has-post-thumbnail","6":"product_cat-server-software","7":"product_cat-sql-server","8":"product_cat-windows-server","10":"first","11":"onbackorder","12":"taxable","13":"shipping-taxable","14":"purchasable","15":"product-type-simple"},"_links":{"self":[{"href":"https:\/\/swisssoftware24.ch\/it\/wp-json\/wp\/v2\/product\/14969","targetHints":{"allow":["GET"]}}],"collection":[{"href":"https:\/\/swisssoftware24.ch\/it\/wp-json\/wp\/v2\/product"}],"about":[{"href":"https:\/\/swisssoftware24.ch\/it\/wp-json\/wp\/v2\/types\/product"}],"wp:featuredmedia":[{"embeddable":true,"href":"https:\/\/swisssoftware24.ch\/it\/wp-json\/wp\/v2\/media\/25655"}],"wp:attachment":[{"href":"https:\/\/swisssoftware24.ch\/it\/wp-json\/wp\/v2\/media?parent=14969"}],"wp:term":[{"taxonomy":"product_brand","embeddable":true,"href":"https:\/\/swisssoftware24.ch\/it\/wp-json\/wp\/v2\/product_brand?post=14969"},{"taxonomy":"product_cat","embeddable":true,"href":"https:\/\/swisssoftware24.ch\/it\/wp-json\/wp\/v2\/product_cat?post=14969"},{"taxonomy":"product_tag","embeddable":true,"href":"https:\/\/swisssoftware24.ch\/it\/wp-json\/wp\/v2\/product_tag?post=14969"}],"curies":[{"name":"wp","href":"https:\/\/api.w.org\/{rel}","templated":true}]}}