{"id":14974,"date":"2023-03-05T23:03:21","date_gmt":"2023-03-05T22:03:21","guid":{"rendered":"https:\/\/swisssoftware24.ch\/?post_type=product&#038;p=14974"},"modified":"2025-11-29T23:56:54","modified_gmt":"2025-11-29T22:56:54","slug":"windows-server-user-cals","status":"publish","type":"product","link":"https:\/\/swisssoftware24.ch\/it\/products\/windows-server-user-cals\/","title":{"rendered":"Windows Server &#8211; User CALs"},"content":{"rendered":"<p data-start=\"90\" data-end=\"526\">Una Client Access License (CAL) \u00e8 necessaria per accedere legalmente alle funzioni e alle risorse di Windows Server. Esistono due tipi di CAL: le CAL Utente e le CAL Dispositivo, ciascuna adatta a diverse esigenze aziendali. La scelta della licenza giusta assicura che le aziende rispettino i termini di licenza e ottimizzino costi ed efficienza.<\/p>\n<p data-start=\"528\" data-end=\"1097\">Una CAL utente viene assegnata a un utente specifico, consentendo a tale utente di accedere al server da vari dispositivi come desktop, laptop o tablet. Questo tipo di licenza \u00e8 ideale per le aziende in cui i dipendenti lavorano con pi\u00f9 dispositivi. Una CAL dispositivo, d'altra parte, viene assegnata a un dispositivo specifico, consentendo a qualsiasi utente che utilizza tale dispositivo di accedere al server. Ci\u00f2 \u00e8 particolarmente vantaggioso in call center, biblioteche o spazi di lavoro condivisi in cui pi\u00f9 utenti utilizzano lo stesso dispositivo.<\/p>\n<p data-start=\"1099\" data-end=\"1569\" data-is-last-node=\"\">La decisione tra una CAL utente e una CAL dispositivo dipende da come \u00e8 organizzato l'accesso al server all'interno di un'azienda. Le CAL utente sono pi\u00f9 adatte ai dipendenti con pi\u00f9 dispositivi, mentre le CAL dispositivo sono una soluzione economicamente efficace per gli spazi di lavoro con computer condivisi. La scelta giusta aiuta le aziende a garantire la conformit\u00e0 delle licenze, a controllare i costi e a progettare in modo ottimale l'accesso al server.<\/p>\n<p data-start=\"1099\" data-end=\"1569\" data-is-last-node=\"\"><strong>Puoi acquistare le licenze per dispositivo <a href=\"https:\/\/swisssoftware24.ch\/it\/products\/windows-server-device-cals\/\">qui<\/a> .<\/strong><\/p>\n<p data-start=\"1099\" data-end=\"1569\" data-is-last-node=\"\"><strong>Per scoprire quale licenza \u00e8 giusta per te, puoi leggere di pi\u00f9 <a href=\"https:\/\/swisssoftware24.ch\/it\/windows-server-2019-user-device-cals-welche-lizenz-ist-die-richtige\/\">Hier<\/a> .<\/strong><\/p>\n<h3>CAL di Windows Server \u2013 Requisiti<\/h3>\n<ul>\n<li>Piattaforma hardware: Windows<\/li>\n<li>Sistema operativo: Windows Server 2019, 2022 o 2025 Standard o Datacenter<\/li>\n<\/ul>","protected":false},"excerpt":{"rendered":"<p>Eine Client Access License (CAL) ist erforderlich, um legal auf die Funktionen und Ressourcen von Windows Server zuzugreifen. Es gibt zwei Arten von CALs: Benutzer-CALs und Ger\u00e4te-CALs, die jeweils f\u00fcr unterschiedliche gesch\u00e4ftliche Anforderungen geeignet sind. Die Wahl der richtigen Lizenz stellt sicher, dass Unternehmen sowohl die Lizenzbestimmungen einhalten als auch Kosten und Effizienz optimieren. Eine [&hellip;]<\/p>","protected":false},"featured_media":37008,"template":"","meta":{"_seopress_robots_primary_cat":"none","_seopress_titles_title":"Windows Server User CALs | SwissSoftware24","_seopress_titles_desc":"Windows Server CALs: Optimieren Sie Ihre Serverlizenzierung mit User CALs. Effizient und skalierbar f\u00fcr Ihr Unternehmen.","_seopress_robots_index":""},"product_brand":[],"product_cat":[78,89,90],"product_tag":[],"class_list":{"0":"post-14974","1":"product","2":"type-product","3":"status-publish","4":"has-post-thumbnail","6":"product_cat-server-software","7":"product_cat-windows-server","8":"product_cat-zugriffslizenzen-cals","10":"first","11":"onbackorder","12":"taxable","13":"shipping-taxable","14":"purchasable","15":"product-type-variable","16":"has-default-attributes"},"_links":{"self":[{"href":"https:\/\/swisssoftware24.ch\/it\/wp-json\/wp\/v2\/product\/14974","targetHints":{"allow":["GET"]}}],"collection":[{"href":"https:\/\/swisssoftware24.ch\/it\/wp-json\/wp\/v2\/product"}],"about":[{"href":"https:\/\/swisssoftware24.ch\/it\/wp-json\/wp\/v2\/types\/product"}],"wp:featuredmedia":[{"embeddable":true,"href":"https:\/\/swisssoftware24.ch\/it\/wp-json\/wp\/v2\/media\/37008"}],"wp:attachment":[{"href":"https:\/\/swisssoftware24.ch\/it\/wp-json\/wp\/v2\/media?parent=14974"}],"wp:term":[{"taxonomy":"product_brand","embeddable":true,"href":"https:\/\/swisssoftware24.ch\/it\/wp-json\/wp\/v2\/product_brand?post=14974"},{"taxonomy":"product_cat","embeddable":true,"href":"https:\/\/swisssoftware24.ch\/it\/wp-json\/wp\/v2\/product_cat?post=14974"},{"taxonomy":"product_tag","embeddable":true,"href":"https:\/\/swisssoftware24.ch\/it\/wp-json\/wp\/v2\/product_tag?post=14974"}],"curies":[{"name":"wp","href":"https:\/\/api.w.org\/{rel}","templated":true}]}}