{"id":14991,"date":"2023-03-06T00:14:57","date_gmt":"2023-03-05T23:14:57","guid":{"rendered":"https:\/\/swisssoftware24.ch\/?post_type=product&#038;p=14991"},"modified":"2025-11-29T23:56:54","modified_gmt":"2025-11-29T22:56:54","slug":"adobe-acrobat-pro-2020","status":"publish","type":"product","link":"https:\/\/swisssoftware24.ch\/it\/products\/adobe-acrobat-pro-2020\/","title":{"rendered":"Adobe Acrobat Pro 2020"},"content":{"rendered":"<p data-start=\"76\" data-end=\"481\">Adobe Acrobat Pro 2020 consente di modificare testi, immagini e pagine nei file PDF senza la necessit\u00e0 del file originale. Con potenti strumenti, \u00e8 possibile regolare i font, riorganizzare le pagine e ottimizzare il contenuto. Il software consente anche di convertire documenti da e verso formati come Word ed Excel per garantire la massima flessibilit\u00e0.<\/p>\n<p data-start=\"483\" data-end=\"863\">La collaborazione sui documenti PDF \u00e8 facilitata dalle funzioni di condivisione, revisione e tracciamento dei feedback in tempo reale. Gli strumenti di annotazione e commento assicurano una collaborazione efficiente e strutturata. Per una protezione aggiuntiva, il software offre protezione con password, crittografia e firme digitali per mantenere i documenti sicuri e autentici.<\/p>\n<p data-start=\"865\" data-end=\"1223\" data-is-last-node=\"\" data-is-only-node=\"\">Adobe Acrobat Pro 2020 supporta anche la creazione di PDF accessibili compatibili con le tecnologie assistive. Questa funzionalit\u00e0 garantisce una migliore accessibilit\u00e0 per tutti gli utenti e aumenta l'inclusivit\u00e0 dei documenti digitali. Ideale per professionisti e aziende, \u00e8 la soluzione perfetta per chiunque lavori quotidianamente con i PDF.<\/p>\n<p data-start=\"865\" data-end=\"1223\" data-is-last-node=\"\" data-is-only-node=\"\"><strong>Puoi trovare maggiori informazioni su questo prodotto\u00a0<a href=\"https:\/\/swisssoftware24.ch\/it\/adobe-acrobat-pro-2020-die-ultimative-loesung-fuer-professionelle-pdf-bearbeitung\/\">qui<\/a>.<\/strong><\/p>\n<h3>Adobe Acrobat Pro 2020 \u2013 requisiti di sistema<\/h3>\n<p>PC<\/p>\n<ul>\n<li><strong>Sistema operativo\u00a0<\/strong>Windows Server 2012 (64 bit), 2012 R2 (64 bit)\u2020, 2016 (64 bit) o 2019 (64 bit), Windows 8, 8.1 (32 bit e 64 bit)\u2020, Windows 10 ( 32 bit e 64 bit) o Windows 11 (64 bit)<\/li>\n<li><strong>processore<\/strong>\u00a0Processore Intel\u00ae o AMD, 1,5 GHz o superiore<\/li>\n<li><strong>Memoria di lavoro<\/strong>\u00a02 GB DI RAM<\/li>\n<li><strong>Spazio su disco<\/strong>\u00a04,5 GB di spazio libero su disco rigido<\/li>\n<\/ul>","protected":false},"excerpt":{"rendered":"<div class=\"six--short-description\">\n<p>Adobe Acrobat Pro 2020 \u00e8 una soluzione software premium progettata per professionisti che lavorano <strong>intensivamente con documenti PDF<\/strong>. Acquistando questo prodotto, otterrai una licenza perpetua sotto forma di chiave elettronica, che ti permetter\u00e0 di accedere a funzionalit\u00e0 avanzate di modifica su sistemi macOS e Windows. Questo software multilingue supporta oltre 20 lingue, tra cui: Inglese, Francese, Tedesco, Giapponese, Italiano, Spagnolo, Olandese, Portoghese (Brasile), Svedese, Danese, Finlandese, Norvegese, Cinese Semplificato, Cinese Tradizionale, Coreano, Ceco, Polacco, Russo, Turco, Ungherese, Ucraino, Slovacco e Sloveno.<\/p>\n<\/div>\n<p>Acquistando questo prodotto riceverai: link per il download + chiave prodotto (ESD) per 1 PC.<\/p>","protected":false},"featured_media":25674,"template":"","meta":{"_seopress_robots_primary_cat":"none","_seopress_titles_title":"Adobe Acrobat Pro 2020 | PDF-Profis | SwissSoftware24","_seopress_titles_desc":"Erleichtern Sie Ihre Arbeit mit Adobe Acrobat Pro 2020. Professionelle Bearbeitung, Sicherheitsfeatures und barrierefreie Dokumentenerstellung f\u00fcr Windows und macOS.","_seopress_robots_index":""},"product_brand":[],"product_cat":[91,95,83],"product_tag":[],"class_list":{"0":"post-14991","1":"product","2":"type-product","3":"status-publish","4":"has-post-thumbnail","6":"product_cat-adobe","7":"product_cat-buro-software","8":"product_cat-video-grafik-andere","10":"first","11":"instock","12":"taxable","13":"shipping-taxable","14":"purchasable","15":"product-type-variable"},"_links":{"self":[{"href":"https:\/\/swisssoftware24.ch\/it\/wp-json\/wp\/v2\/product\/14991","targetHints":{"allow":["GET"]}}],"collection":[{"href":"https:\/\/swisssoftware24.ch\/it\/wp-json\/wp\/v2\/product"}],"about":[{"href":"https:\/\/swisssoftware24.ch\/it\/wp-json\/wp\/v2\/types\/product"}],"wp:featuredmedia":[{"embeddable":true,"href":"https:\/\/swisssoftware24.ch\/it\/wp-json\/wp\/v2\/media\/25674"}],"wp:attachment":[{"href":"https:\/\/swisssoftware24.ch\/it\/wp-json\/wp\/v2\/media?parent=14991"}],"wp:term":[{"taxonomy":"product_brand","embeddable":true,"href":"https:\/\/swisssoftware24.ch\/it\/wp-json\/wp\/v2\/product_brand?post=14991"},{"taxonomy":"product_cat","embeddable":true,"href":"https:\/\/swisssoftware24.ch\/it\/wp-json\/wp\/v2\/product_cat?post=14991"},{"taxonomy":"product_tag","embeddable":true,"href":"https:\/\/swisssoftware24.ch\/it\/wp-json\/wp\/v2\/product_tag?post=14991"}],"curies":[{"name":"wp","href":"https:\/\/api.w.org\/{rel}","templated":true}]}}