{"id":15095,"date":"2023-03-08T01:48:38","date_gmt":"2023-03-08T00:48:38","guid":{"rendered":"https:\/\/swisssoftware24.ch\/?post_type=product&#038;p=15095"},"modified":"2025-11-29T23:56:54","modified_gmt":"2025-11-29T22:56:54","slug":"microsoft-office-home-business-2019","status":"publish","type":"product","link":"https:\/\/swisssoftware24.ch\/it\/products\/microsoft-office-home-business-2019\/","title":{"rendered":"Microsoft Office Home &amp; Business 2019"},"content":{"rendered":"<p><img loading=\"lazy\" decoding=\"async\" class=\"alignnone wp-image-15097\" src=\"https:\/\/swisssoftware24.ch\/wp-content\/uploads\/2023\/03\/zu-hause-oder-im-buero-arbeiten.jpg\" alt=\"\" width=\"1200\" height=\"100\" srcset=\"https:\/\/swisssoftware24.ch\/wp-content\/uploads\/2023\/03\/zu-hause-oder-im-buero-arbeiten.jpg 1200w, https:\/\/swisssoftware24.ch\/wp-content\/uploads\/2023\/03\/zu-hause-oder-im-buero-arbeiten-600x50.jpg 600w, https:\/\/swisssoftware24.ch\/wp-content\/uploads\/2023\/03\/zu-hause-oder-im-buero-arbeiten-64x5.jpg 64w, https:\/\/swisssoftware24.ch\/wp-content\/uploads\/2023\/03\/zu-hause-oder-im-buero-arbeiten-300x25.jpg 300w, https:\/\/swisssoftware24.ch\/wp-content\/uploads\/2023\/03\/zu-hause-oder-im-buero-arbeiten-1024x85.jpg 1024w, https:\/\/swisssoftware24.ch\/wp-content\/uploads\/2023\/03\/zu-hause-oder-im-buero-arbeiten-768x64.jpg 768w\" sizes=\"auto, (max-width: 1200px) 100vw, 1200px\" \/><\/p>\n<div id=\"tab-1\" class=\"active tab-pane\">\n<div id=\"tab-1\" class=\"active tab-pane\">\n<p data-start=\"111\" data-end=\"449\">Microsoft Office Home &amp; Business 2019 \u00e8 una potente suite per ufficio progettata specificamente per aziende, liberi professionisti e utenti professionali. Con una licenza a vita, offre accesso illimitato a Word, Excel, PowerPoint, Outlook e OneNote senza costi di abbonamento mensili.<\/p>\n<p data-start=\"451\" data-end=\"926\">Grazie a nuove funzionalit\u00e0 e a un'interfaccia utente migliorata, Office 2019 consente un utilizzo ancora pi\u00f9 efficiente e confortevole. Queste includono il tema scuro per un lavoro che non affatica gli occhi, formule e grafici Excel avanzati per una migliore analisi dei dati e strumenti per il riconoscimento del testo, la traduzione e l'elaborazione della scrittura a mano. Inoltre, l'integrazione cloud facilita la collaborazione consentendo di modificare e condividere documenti in tempo reale.<\/p>\n<p data-start=\"928\" data-end=\"1307\" data-is-last-node=\"\" data-is-only-node=\"\">Con funzionalit\u00e0 innovative come la grafica vettoriale scalabile, gli oggetti 3D in PowerPoint e opzioni di accessibilit\u00e0 migliorate, Office 2019 contribuisce ad aumentare la produttivit\u00e0 e a migliorare la collaborazione. Che si tratti di report, presentazioni o analisi di fogli di calcolo, Microsoft Office Home &amp; Business 2019 offre una soluzione professionale per ogni settore di attivit\u00e0.<\/p>\n<div id=\"tab-1\" class=\"active tab-pane\">\n<div id=\"tab-1\" class=\"active tab-pane\">\n<p><strong>Puoi trovare maggiori informazioni su questo prodotto\u00a0<a href=\"https:\/\/swisssoftware24.ch\/it\/microsoft-office-home-business-2019-die-optimale-loesung-fuer-unternehmen-und-selbststaendige\/\">qui<\/a>.<\/strong><\/p>\n<\/div>\n<\/div>\n<p><a href=\"https:\/\/www.microsoft.com\/en-us\/Useterms\/Retail\/Office\/2019HomeandBusiness\/Useterms_Retail_Office_2019HomeandBusiness_German.htm\" target=\"_blank\" rel=\"noopener\"><img loading=\"lazy\" decoding=\"async\" class=\"alignnone size-full wp-image-15099\" src=\"https:\/\/swisssoftware24.ch\/wp-content\/uploads\/2023\/03\/license_term.jpg\" alt=\"\" width=\"227\" height=\"40\" srcset=\"https:\/\/swisssoftware24.ch\/wp-content\/uploads\/2023\/03\/license_term.jpg 227w, https:\/\/swisssoftware24.ch\/wp-content\/uploads\/2023\/03\/license_term-64x11.jpg 64w\" sizes=\"auto, (max-width: 227px) 100vw, 227px\" \/><\/a><\/p>\n<h3>Microsoft Office Home &amp; Business 2019 \u2013 requisiti di sistema<\/h3>\n<ul>\n<li><strong>Sistema operativo<\/strong> Da Windows 10 \/ Mac - le ultime tre versioni di macOS<\/li>\n<li><strong>Processore<\/strong>\u00a0 1,6 GHz o pi\u00f9 veloce, dual core<\/li>\n<li><strong>Memoria di lavoro<\/strong>\u00a0 RAM da 4GB; 2 GB di RAM (32 bit) \/ Mac da 4 GB di RAM<\/li>\n<li><strong>Spazio su disco<\/strong>\u00a0 4GB<\/li>\n<li><strong>Scheda grafica<\/strong>\u00a0DirectX 9 o superiore con WDDM 2.0<\/li>\n<\/ul>\n<p>&nbsp;<\/p>\n<\/div>\n<\/div>","protected":false},"excerpt":{"rendered":"<p><span style=\"font-weight: 400\">Microsoft Office Home &amp; Business 2019 \u00e8 una raccolta dei pi\u00f9 popolari strumenti Office da utilizzare nelle aziende. Cosa puoi guadagnare scegliendo questo pacchetto? Prima di tutto, TEMPO risparmiato grazie all'ottimizzazione delle attivit\u00e0 svolte! E inoltre...<\/span><\/p>\n<p>Link per il download + codice prodotto (ESD) per 1 PC o Mac<\/p>\n<p><strong>Email spedita entro 5 minuti!<\/strong><\/p>","protected":false},"featured_media":15096,"template":"","meta":{"_seopress_robots_primary_cat":"none","_seopress_titles_title":"Microsoft Office Home & Business 2019 | SwissSoftware24","_seopress_titles_desc":"Microsoft Office Home & Business 2019: Die perfekte L\u00f6sung f\u00fcr Heim- und B\u00fcroarbeit. Enth\u00e4lt Word, Excel, PowerPoint und Outlook.","_seopress_robots_index":""},"product_brand":[],"product_cat":[71,73,76],"product_tag":[],"class_list":{"0":"post-15095","1":"product","2":"type-product","3":"status-publish","4":"has-post-thumbnail","6":"product_cat-office","7":"product_cat-office-2019","8":"product_cat-office-fur-mac","10":"first","11":"onbackorder","12":"sale","13":"taxable","14":"shipping-taxable","15":"purchasable","16":"product-type-variable","17":"has-default-attributes"},"_links":{"self":[{"href":"https:\/\/swisssoftware24.ch\/it\/wp-json\/wp\/v2\/product\/15095","targetHints":{"allow":["GET"]}}],"collection":[{"href":"https:\/\/swisssoftware24.ch\/it\/wp-json\/wp\/v2\/product"}],"about":[{"href":"https:\/\/swisssoftware24.ch\/it\/wp-json\/wp\/v2\/types\/product"}],"wp:featuredmedia":[{"embeddable":true,"href":"https:\/\/swisssoftware24.ch\/it\/wp-json\/wp\/v2\/media\/15096"}],"wp:attachment":[{"href":"https:\/\/swisssoftware24.ch\/it\/wp-json\/wp\/v2\/media?parent=15095"}],"wp:term":[{"taxonomy":"product_brand","embeddable":true,"href":"https:\/\/swisssoftware24.ch\/it\/wp-json\/wp\/v2\/product_brand?post=15095"},{"taxonomy":"product_cat","embeddable":true,"href":"https:\/\/swisssoftware24.ch\/it\/wp-json\/wp\/v2\/product_cat?post=15095"},{"taxonomy":"product_tag","embeddable":true,"href":"https:\/\/swisssoftware24.ch\/it\/wp-json\/wp\/v2\/product_tag?post=15095"}],"curies":[{"name":"wp","href":"https:\/\/api.w.org\/{rel}","templated":true}]}}