{"id":15109,"date":"2023-03-08T02:32:43","date_gmt":"2023-03-08T01:32:43","guid":{"rendered":"https:\/\/swisssoftware24.ch\/?post_type=product&#038;p=15109"},"modified":"2025-11-30T00:17:25","modified_gmt":"2025-11-29T23:17:25","slug":"microsoft-powerpoint-2019","status":"publish","type":"product","link":"https:\/\/swisssoftware24.ch\/it\/products\/microsoft-powerpoint-2019\/","title":{"rendered":"Microsoft Powerpoint 2019"},"content":{"rendered":"<p class=\"\" data-start=\"0\" data-end=\"505\">Microsoft PowerPoint 2019 \u00e8 un potente software di presentazione e parte della suite Microsoft Office. Questa versione offre numerosi strumenti per creare presentazioni professionali e coinvolgenti, comprese ampie opzioni di design e layout, nonch\u00e9 transizioni e animazioni dinamiche. Grazie all'integrazione fluida di contenuti multimediali come immagini, video e file audio, PowerPoint 2019 \u00e8 adatto sia per le aziende, gli istituti di istruzione e gli utenti privati.<\/p>\n<p class=\"\" data-start=\"507\" data-end=\"996\">Particolarmente degno di nota \u00e8 il supporto per i modelli 3D e le funzionalit\u00e0 di animazione avanzate, che rendono le presentazioni pi\u00f9 interattive e visivamente accattivanti. Il software consente anche una facile collaborazione, consentendo di condividere e modificare le presentazioni tramite OneDrive o SharePoint. Inoltre, PowerPoint 2019 \u00e8 integrato in modo ottimale con altre applicazioni Microsoft Office, il che semplifica l'inserimento di tabelle e grafici da Word o Excel.<\/p>\n<p class=\"\" data-start=\"998\" data-end=\"1326\">Con il supporto per dispositivi mobili e funzionalit\u00e0 cloud, gli utenti possono modificare le loro presentazioni in qualsiasi momento e ovunque. La combinazione di versatilit\u00e0 del design, integrazione multimediale flessibile e pratiche opzioni di collaborazione rende PowerPoint 2019 una scelta ideale per presentazioni professionali e creative.<\/p>\n<p data-start=\"998\" data-end=\"1326\"><strong>Puoi trovare maggiori informazioni su questo prodotto\u00a0<a href=\"https:\/\/swisssoftware24.ch\/it\/microsoft-powerpoint-2019-praesentationen-die-im-gedaechtnis-bleiben\/\">qui<\/a>.<\/strong><\/p>\n<h3>Microsoft PowerPoint 2019 \u2013 requisiti di sistema<\/h3>\n<ul>\n<li><strong>Sistema operativo<\/strong>: Windows 10, Windows Server 2019 (Windows 7 e versioni precedenti non sono pi\u00f9 supportate)<\/li>\n<li><strong>Processore<\/strong>\u00a0\u00a0x86 \/ x64 con almeno 1 GHz e il set di istruzioni SSE2<\/li>\n<li><strong>RAM<\/strong>\u00a0 1 GB di RAM per la versione a 32 bit; 2 GB di RAM per la versione a 64 bit<\/li>\n<li><strong>disco rigido<\/strong>\u00a0 3GB<\/li>\n<\/ul>","protected":false},"excerpt":{"rendered":"<p>Acquistando questo prodotto riceverai: link per il download + chiave prodotto (ESD) per 1 PC.<\/p>","protected":false},"featured_media":15110,"template":"","meta":{"_seopress_robots_primary_cat":"none","_seopress_titles_title":"Microsoft PowerPoint 2019 | SwissSoftware24","_seopress_titles_desc":"Microsoft PowerPoint 2019: Erstellen Sie beeindruckende Pr\u00e4sentationen mit leistungsstarken Funktionen und Design-Tools.","_seopress_robots_index":""},"product_brand":[],"product_cat":[96,71,73],"product_tag":[],"class_list":{"0":"post-15109","1":"product","2":"type-product","3":"status-publish","4":"has-post-thumbnail","6":"product_cat-einzelne-office-programme","7":"product_cat-office","8":"product_cat-office-2019","10":"first","11":"onbackorder","12":"virtual","13":"taxable","14":"purchasable","15":"product-type-simple"},"_links":{"self":[{"href":"https:\/\/swisssoftware24.ch\/it\/wp-json\/wp\/v2\/product\/15109","targetHints":{"allow":["GET"]}}],"collection":[{"href":"https:\/\/swisssoftware24.ch\/it\/wp-json\/wp\/v2\/product"}],"about":[{"href":"https:\/\/swisssoftware24.ch\/it\/wp-json\/wp\/v2\/types\/product"}],"wp:featuredmedia":[{"embeddable":true,"href":"https:\/\/swisssoftware24.ch\/it\/wp-json\/wp\/v2\/media\/15110"}],"wp:attachment":[{"href":"https:\/\/swisssoftware24.ch\/it\/wp-json\/wp\/v2\/media?parent=15109"}],"wp:term":[{"taxonomy":"product_brand","embeddable":true,"href":"https:\/\/swisssoftware24.ch\/it\/wp-json\/wp\/v2\/product_brand?post=15109"},{"taxonomy":"product_cat","embeddable":true,"href":"https:\/\/swisssoftware24.ch\/it\/wp-json\/wp\/v2\/product_cat?post=15109"},{"taxonomy":"product_tag","embeddable":true,"href":"https:\/\/swisssoftware24.ch\/it\/wp-json\/wp\/v2\/product_tag?post=15109"}],"curies":[{"name":"wp","href":"https:\/\/api.w.org\/{rel}","templated":true}]}}