{"id":15111,"date":"2023-03-08T02:43:57","date_gmt":"2023-03-08T01:43:57","guid":{"rendered":"https:\/\/swisssoftware24.ch\/?post_type=product&#038;p=15111"},"modified":"2025-11-30T00:17:25","modified_gmt":"2025-11-29T23:17:25","slug":"microsoft-office-professional-2021","status":"publish","type":"product","link":"https:\/\/swisssoftware24.ch\/it\/products\/microsoft-office-professional-2021\/","title":{"rendered":"Microsoft Office Professional 2021  Multilingual, 1 PC\/Mac ESD"},"content":{"rendered":"<p><img loading=\"lazy\" decoding=\"async\" class=\"alignnone wp-image-15113 size-full\" src=\"https:\/\/swisssoftware24.ch\/wp-content\/uploads\/2023\/03\/office-21.jpeg\" alt=\"\" width=\"2000\" height=\"300\" srcset=\"https:\/\/swisssoftware24.ch\/wp-content\/uploads\/2023\/03\/office-21.jpeg 2000w, https:\/\/swisssoftware24.ch\/wp-content\/uploads\/2023\/03\/office-21-600x90.jpeg 600w, https:\/\/swisssoftware24.ch\/wp-content\/uploads\/2023\/03\/office-21-64x10.jpeg 64w, https:\/\/swisssoftware24.ch\/wp-content\/uploads\/2023\/03\/office-21-300x45.jpeg 300w, https:\/\/swisssoftware24.ch\/wp-content\/uploads\/2023\/03\/office-21-1024x154.jpeg 1024w, https:\/\/swisssoftware24.ch\/wp-content\/uploads\/2023\/03\/office-21-768x115.jpeg 768w, https:\/\/swisssoftware24.ch\/wp-content\/uploads\/2023\/03\/office-21-1536x230.jpeg 1536w\" sizes=\"auto, (max-width: 2000px) 100vw, 2000px\" \/><\/p>\n<div class=\"container pb-60\">\n<div class=\"row\">\n<div class=\"col-md-12\">\n<div class=\"tab-content\">\n<div id=\"description\" class=\"tab-pane active\" role=\"tabpanel\">\n<div class=\"wrapper-desc\">\n<p class=\"\" data-start=\"0\" data-end=\"556\">Microsoft Office Professional 2021 \u00e8 una suite di software per ufficio completa che offre una licenza a vita per programmi come Word, Excel, PowerPoint, Outlook, Publisher e Access. Questa nuova versione porta numerosi miglioramenti, tra cui un'interfaccia utente riprogettata, una modalit\u00e0 scura che non affatica gli occhi e funzionalit\u00e0 ottimizzate per la creazione e la gestione dei documenti. Grazie all'integrazione con i servizi cloud e alla possibilit\u00e0 di condividere e modificare i file in tempo reale, facilita notevolmente la collaborazione all'interno delle aziende.<\/p>\n<p class=\"\" data-start=\"558\" data-end=\"1086\">Le innovazioni di spicco includono le funzionalit\u00e0 estese di PowerPoint per la registrazione delle presentazioni, nuovi modelli di design e contenuti creativi per slideshow accattivanti. Excel beneficia del supporto per array dinamici e funzioni di ricerca migliorate, mentre Word riceve strumenti aggiuntivi per le note scritte a mano e l'elaborazione del testo. Publisher consente la progettazione professionale di materiali di marketing e Access semplifica lo sviluppo di applicazioni aziendali basate su database.<\/p>\n<p class=\"\" data-start=\"1088\" data-end=\"1539\">Il software offre anche funzionalit\u00e0 di accessibilit\u00e0 avanzate, strumenti di ricerca intelligenti e segnali acustici per la correzione degli errori. Con la possibilit\u00e0 di salvare i file in formato ODF 1.3, Office Professional 2021 rimane compatibile con altri programmi. Questo lo rende una soluzione ideale per aziende, istituti di istruzione e utenti professionali che apprezzano l'efficienza, la creativit\u00e0 e una collaborazione senza interruzioni.<\/p>\n<p data-start=\"1088\" data-end=\"1539\"><strong>Puoi trovare maggiori informazioni su questo prodotto\u00a0<a href=\"https:\/\/swisssoftware24.ch\/it\/microsoft-office-professional-2021-die-ultimative-buerosoftware-fuer-produktivitaet-und-effizienz\/\">qui<\/a>.<\/strong><\/p>\n<\/div>\n<\/div>\n<\/div>\n<\/div>\n<\/div>\n<\/div>\n<div class=\"modals\"><a href=\"https:\/\/www.microsoft.com\/en-us\/Useterms\/Retail\/Office\/OfficeProfessional2021\/Useterms_Retail_Office_OfficeProfessional2021_GermancountriesotherthanGermany.htm\"><img loading=\"lazy\" decoding=\"async\" class=\"alignnone size-full wp-image-15099\" src=\"https:\/\/swisssoftware24.ch\/wp-content\/uploads\/2023\/03\/license_term.jpg\" alt=\"\" width=\"227\" height=\"40\" srcset=\"https:\/\/swisssoftware24.ch\/wp-content\/uploads\/2023\/03\/license_term.jpg 227w, https:\/\/swisssoftware24.ch\/wp-content\/uploads\/2023\/03\/license_term-64x11.jpg 64w\" sizes=\"auto, (max-width: 227px) 100vw, 227px\" \/><\/a><\/div>\n<div><\/div>\n<h3>Microsoft Office Professional 2021 \u2013 requisiti di sistema<\/h3>\n<div>\n<ul>\n<li><strong>Sistema operativo<\/strong>\u00a0Windows 10<\/li>\n<li><strong>Processore<\/strong>\u00a01,6 GHz o pi\u00f9 veloce, dual core<\/li>\n<li><strong>RAM<\/strong>\u00a0RAM da 4GB; 2 GB di RAM (32 bit)<\/li>\n<li><strong>Spazio su disco<\/strong>\u00a0RAM da 4GB; 2 GB di RAM (32 bit) \/ Mac da 4 GB di RAM<\/li>\n<li><strong>Scheda grafica<\/strong>\u00a0DirectX 9 o superiore con WDDM 2.0<\/li>\n<\/ul>\n<\/div>","protected":false},"excerpt":{"rendered":"<p><span style=\"font-weight: 400\">Per chi \u00e8 Microsoft Office Professional 2021? Principalmente per utenti aziendali, perch\u00e9 \u00e8 la pi\u00f9 ricca raccolta di programmi Office per uso aziendale. Scegliere questo pacchetto ti far\u00e0 risparmiare molto tempo, perch\u00e9 ogni funzionalit\u00e0 disponibile all&#039;interno del programma Microsoft \u00e8 stata creata per migliorare il lavoro in azienda. E anche\u2026<\/span><\/p>\n<p>Link per il download + codice prodotto (ESD) per 1 PC o Mac<\/p>","protected":false},"featured_media":15112,"template":"","meta":{"_seopress_robots_primary_cat":"none","_seopress_titles_title":"Microsoft Office Professional 2021 | SwissSoftware24","_seopress_titles_desc":"Microsoft Office Professional 2021: Erledigen Sie Ihre B\u00fcroarbeit mit den neuesten Versionen von Word, Excel, und PowerPoint.","_seopress_robots_index":""},"product_brand":[],"product_cat":[122,77,71,74,76],"product_tag":[],"class_list":{"0":"post-15111","1":"product","2":"type-product","3":"status-publish","4":"has-post-thumbnail","6":"product_cat-office-bestseller","7":"product_cat-office-programme","8":"product_cat-office","9":"product_cat-office-2021","10":"product_cat-office-fur-mac","12":"first","13":"onbackorder","14":"virtual","15":"taxable","16":"purchasable","17":"product-type-simple"},"_links":{"self":[{"href":"https:\/\/swisssoftware24.ch\/it\/wp-json\/wp\/v2\/product\/15111","targetHints":{"allow":["GET"]}}],"collection":[{"href":"https:\/\/swisssoftware24.ch\/it\/wp-json\/wp\/v2\/product"}],"about":[{"href":"https:\/\/swisssoftware24.ch\/it\/wp-json\/wp\/v2\/types\/product"}],"wp:featuredmedia":[{"embeddable":true,"href":"https:\/\/swisssoftware24.ch\/it\/wp-json\/wp\/v2\/media\/15112"}],"wp:attachment":[{"href":"https:\/\/swisssoftware24.ch\/it\/wp-json\/wp\/v2\/media?parent=15111"}],"wp:term":[{"taxonomy":"product_brand","embeddable":true,"href":"https:\/\/swisssoftware24.ch\/it\/wp-json\/wp\/v2\/product_brand?post=15111"},{"taxonomy":"product_cat","embeddable":true,"href":"https:\/\/swisssoftware24.ch\/it\/wp-json\/wp\/v2\/product_cat?post=15111"},{"taxonomy":"product_tag","embeddable":true,"href":"https:\/\/swisssoftware24.ch\/it\/wp-json\/wp\/v2\/product_tag?post=15111"}],"curies":[{"name":"wp","href":"https:\/\/api.w.org\/{rel}","templated":true}]}}