{"id":15114,"date":"2023-03-08T02:51:03","date_gmt":"2023-03-08T01:51:03","guid":{"rendered":"https:\/\/swisssoftware24.ch\/?post_type=product&#038;p=15114"},"modified":"2026-02-26T12:30:18","modified_gmt":"2026-02-26T11:30:18","slug":"microsoft-office-professional-plus-2021","status":"publish","type":"product","link":"https:\/\/swisssoftware24.ch\/it\/products\/microsoft-office-professional-plus-2021\/","title":{"rendered":"Microsoft Office Professional Plus 2021"},"content":{"rendered":"<p><img loading=\"lazy\" decoding=\"async\" class=\"alignnone wp-image-15113 size-full\" src=\"https:\/\/swisssoftware24.ch\/wp-content\/uploads\/2023\/03\/office-21.jpeg\" alt=\"\" width=\"2000\" height=\"300\" srcset=\"https:\/\/swisssoftware24.ch\/wp-content\/uploads\/2023\/03\/office-21.jpeg 2000w, https:\/\/swisssoftware24.ch\/wp-content\/uploads\/2023\/03\/office-21-600x90.jpeg 600w, https:\/\/swisssoftware24.ch\/wp-content\/uploads\/2023\/03\/office-21-64x10.jpeg 64w, https:\/\/swisssoftware24.ch\/wp-content\/uploads\/2023\/03\/office-21-300x45.jpeg 300w, https:\/\/swisssoftware24.ch\/wp-content\/uploads\/2023\/03\/office-21-1024x154.jpeg 1024w, https:\/\/swisssoftware24.ch\/wp-content\/uploads\/2023\/03\/office-21-768x115.jpeg 768w, https:\/\/swisssoftware24.ch\/wp-content\/uploads\/2023\/03\/office-21-1536x230.jpeg 1536w\" sizes=\"auto, (max-width: 2000px) 100vw, 2000px\" \/><\/p>\n<div class=\"container pb-60\">\n<div class=\"row\">\n<div class=\"col-md-12\">\n<div class=\"tab-content\">\n<div id=\"description\" class=\"tab-pane active\" role=\"tabpanel\">\n<div class=\"wrapper-desc\">\n<p class=\"\" data-start=\"0\" data-end=\"438\">Microsoft Office Professional Plus 2021 \u00e8 una potente suite per ufficio per aziende e utenti professionali. Offre una licenza perpetua e include programmi essenziali come Word, Excel, PowerPoint, Outlook, Publisher, Access, OneNote e Skype. Grazie a un'interfaccia utente modernizzata, alla modalit\u00e0 scura e alla collaborazione ottimizzata, lavorare con documenti, fogli di calcolo e presentazioni diventa ancora pi\u00f9 efficiente.<\/p>\n<p class=\"\" data-start=\"440\" data-end=\"854\">Il software include numerosi miglioramenti, come il supporto LaTeX in Excel, nuovi tipi di grafici, animazioni avanzate in PowerPoint e funzioni di traduzione integrate in Word. L'integrazione cloud consente agli utenti di modificare i documenti in tempo reale e di condividerli facilmente con i colleghi. Le prestazioni ottimizzate garantiscono un lavoro pi\u00f9 rapido e fluido.<\/p>\n<p class=\"\" data-start=\"856\" data-end=\"1310\">Office Professional Plus 2021 \u00e8 la soluzione ideale per le aziende che desiderano aumentare la produttivit\u00e0, ottimizzare la gestione dei documenti e migliorare la comunicazione del team. L'assenza di costi di abbonamento, le funzionalit\u00e0 avanzate e la compatibilit\u00e0 con Windows 10 e 11 lo rendono un investimento stabile e a lungo termine. Con strumenti moderni e un'integrazione migliorata, consente un lavoro efficiente in qualsiasi ambiente aziendale.<\/p>\n<p data-start=\"856\" data-end=\"1310\"><strong>Puoi trovare maggiori informazioni su questo prodotto\u00a0<a href=\"https:\/\/swisssoftware24.ch\/it\/microsoft-office-professional-plus-2021-komplettes-office-paket-fuer-unternehmen\/\">qui<\/a>.<\/strong><\/p>\n<\/div>\n<\/div>\n<\/div>\n<\/div>\n<\/div>\n<\/div>\n<div class=\"modals\"><a href=\"https:\/\/www.microsoft.com\/en-us\/Useterms\/Retail\/Office\/OfficeProfessionalPlus2021\/Useterms_Retail_Office_OfficeProfessionalPlus2021_GermancountriesotherthanGermany.htm\"><img loading=\"lazy\" decoding=\"async\" class=\"alignnone size-full wp-image-15099\" src=\"https:\/\/swisssoftware24.ch\/wp-content\/uploads\/2023\/03\/license_term.jpg\" alt=\"\" width=\"227\" height=\"40\" srcset=\"https:\/\/swisssoftware24.ch\/wp-content\/uploads\/2023\/03\/license_term.jpg 227w, https:\/\/swisssoftware24.ch\/wp-content\/uploads\/2023\/03\/license_term-64x11.jpg 64w\" sizes=\"auto, (max-width: 227px) 100vw, 227px\" \/><\/a><\/div>\n<h3>Microsoft Office Professional Plus 2021 \u2013 requisiti di sistema<\/h3>\n<div>\n<ul>\n<li><strong>Sistema operativo<\/strong>\u00a0 Da Windows 10<\/li>\n<li><strong>Processore<\/strong>\u00a0 1,6 GHz o pi\u00f9 veloce, dual core<\/li>\n<li><strong>Memoria di lavoro<\/strong>\u00a0 RAM da 4GB; 2 GB di RAM (32 bit)<\/li>\n<li><strong>Spazio su disco<\/strong>\u00a0 4GB<\/li>\n<li><strong>Scheda grafica<\/strong>\u00a0 DirectX 9 o superiore con WDDM 2.0<\/li>\n<\/ul>\n<\/div>","protected":false},"excerpt":{"rendered":"<p><span style=\"font-weight: 400;\">Microsoft Office Professional Plus 2021 \u00e8 la suite pi\u00f9 professionale di programmi Office destinati all&#039;uso aziendale. Quali vantaggi offre questo pacchetto software? Innanzitutto si guadagna sicuramente molto tempo, perch\u00e9 le funzionalit\u00e0 incluse nel pacchetto ottimizzano perfettamente l&#039;orario di lavoro e migliorano la comunicazione e lo scambio di dati in azienda.<\/span><\/p>\n<p><strong>Acquistando questo prodotto riceverai: link per il download + chiave prodotto (ESD) per 1 PC.<\/strong><\/p>","protected":false},"featured_media":15115,"template":"","meta":{"_seopress_robots_primary_cat":"none","_seopress_titles_title":"Microsoft Office Professional Plus 2021 | SwissSoftware24","_seopress_titles_desc":"Microsoft Office Professional Plus 2021: Die umfassende B\u00fcrol\u00f6sung mit Word, Excel, PowerPoint und mehr. Ideal f\u00fcr Unternehmen.","_seopress_robots_index":""},"product_brand":[],"product_cat":[71,74,122],"product_tag":[],"class_list":{"0":"post-15114","1":"product","2":"type-product","3":"status-publish","4":"has-post-thumbnail","6":"product_cat-office","7":"product_cat-office-2021","8":"product_cat-office-bestseller","10":"first","11":"instock","12":"sale","13":"virtual","14":"taxable","15":"purchasable","16":"product-type-simple"},"_links":{"self":[{"href":"https:\/\/swisssoftware24.ch\/it\/wp-json\/wp\/v2\/product\/15114","targetHints":{"allow":["GET"]}}],"collection":[{"href":"https:\/\/swisssoftware24.ch\/it\/wp-json\/wp\/v2\/product"}],"about":[{"href":"https:\/\/swisssoftware24.ch\/it\/wp-json\/wp\/v2\/types\/product"}],"wp:featuredmedia":[{"embeddable":true,"href":"https:\/\/swisssoftware24.ch\/it\/wp-json\/wp\/v2\/media\/15115"}],"wp:attachment":[{"href":"https:\/\/swisssoftware24.ch\/it\/wp-json\/wp\/v2\/media?parent=15114"}],"wp:term":[{"taxonomy":"product_brand","embeddable":true,"href":"https:\/\/swisssoftware24.ch\/it\/wp-json\/wp\/v2\/product_brand?post=15114"},{"taxonomy":"product_cat","embeddable":true,"href":"https:\/\/swisssoftware24.ch\/it\/wp-json\/wp\/v2\/product_cat?post=15114"},{"taxonomy":"product_tag","embeddable":true,"href":"https:\/\/swisssoftware24.ch\/it\/wp-json\/wp\/v2\/product_tag?post=15114"}],"curies":[{"name":"wp","href":"https:\/\/api.w.org\/{rel}","templated":true}]}}