{"id":15148,"date":"2023-03-09T02:51:26","date_gmt":"2023-03-09T01:51:26","guid":{"rendered":"https:\/\/swisssoftware24.ch\/?post_type=product&#038;p=15148"},"modified":"2026-02-10T16:46:26","modified_gmt":"2026-02-10T15:46:26","slug":"microsoft-excel-2021","status":"publish","type":"product","link":"https:\/\/swisssoftware24.ch\/it\/products\/microsoft-excel-2021\/","title":{"rendered":"Microsoft Excel 2021"},"content":{"rendered":"<p class=\"\" data-start=\"228\" data-end=\"668\">Microsoft Excel 2021 \u00e8 un potente programma per fogli di calcolo, ideale per organizzare, calcolare e analizzare dati numerici. Con numerose formule e funzioni integrate, le operazioni aritmetiche come addizione, divisione o calcoli finanziari complessi possono essere eseguite rapidamente e con precisione. Excel supporta anche il filtraggio, l'ordinamento e la strutturazione di grandi quantit\u00e0 di dati.<\/p>\n<p class=\"\" data-start=\"670\" data-end=\"1060\">Una funzionalit\u00e0 centrale \u00e8 la possibilit\u00e0 di creare grafici come istogrammi, grafici a linee o a torta per visualizzare chiaramente i dati. Inoltre, \u00e8 possibile utilizzare le macro per automatizzare le attivit\u00e0 ripetitive e rendere i processi pi\u00f9 efficienti. L'interfaccia utente \u00e8 chiara e supporta una navigazione rapida anche in cartelle di lavoro complesse.<\/p>\n<p class=\"\" data-start=\"1062\" data-end=\"1419\">Grazie a estese funzioni di analisi come linee di tendenza, previsioni o raggruppamenti, Excel 2021 \u00e8 particolarmente apprezzato da aziende, analisti e ricercatori. Allo stesso tempo, il software offre molte opzioni di formattazione, come l'evidenziazione dei colori, la formattazione delle celle o la personalizzazione dei caratteri \u2013 per una presentazione professionale del tuo lavoro.<\/p>\n<p data-start=\"1062\" data-end=\"1419\"><strong>Puoi trovare maggiori informazioni su questo prodotto\u00a0<a href=\"https:\/\/swisssoftware24.ch\/it\/microsoft-excel-2021-das-moderne-werkzeug-fuer-daten-berechnungen-und-analysen\/\">qui<\/a>.<\/strong><\/p>\n<h3>Microsoft Excel 2021 \u2013 requisiti di sistema<\/h3>\n<ul>\n<li><strong>Processore\u00a0<\/strong>Windows 11 o Windows 10 con 1,6 GHz, processore a 2 core\/macOS pi\u00f9 recente<\/li>\n<li><strong>Sistema operativo\u00a0<\/strong>Windows 11 o Windows 10 per PC; Mac OS per Mac<\/li>\n<li><strong>Memoria di lavoro\u00a0<\/strong>4 GB (64 bit), 2 GB (32 bit) di RAM per PC; 4 GB di RAM per Mac<\/li>\n<li><strong>Spazio su disco\u00a0<\/strong>4 GB di spazio disponibile su disco per PC, 10 GB per Mac<\/li>\n<li><strong>Scheda grafica\u00a0<\/strong>Scheda grafica DirectX 10 per l&#039;utilizzo dell&#039;accelerazione hardware grafica per PC<\/li>\n<li><strong>Requisiti di sistema aggiuntivi<\/strong>Accesso a Internet e account Microsoft<\/li>\n<\/ul>","protected":false},"excerpt":{"rendered":"<p>Excel 2021 \u00e8 un programma per fogli di calcolo sviluppato da Microsoft. \u00c8 sicuramente uno degli strumenti pi\u00f9 popolari per lavorare con dati numerici, utilizzato non solo dalle aziende direttamente legate alle finanze, ma anche in diverse altre industrie grazie alle formule incorporate che consentono di sfruttare il programma in vari settori.<\/p>","protected":false},"featured_media":15149,"template":"","meta":{"_seopress_robots_primary_cat":"none","_seopress_titles_title":"Microsoft Excel 2021 | Tabellen & Analysen | SwissSoftware24","_seopress_titles_desc":"Microsoft Excel 2021: Optimieren Sie Ihre Datenanalysen und Tabellenkalkulationen. Ideal f\u00fcr Unternehmen. Erh\u00e4ltlich bei SwissSoftware24.","_seopress_robots_index":""},"product_brand":[],"product_cat":[71,74,96],"product_tag":[],"class_list":{"0":"post-15148","1":"product","2":"type-product","3":"status-publish","4":"has-post-thumbnail","6":"product_cat-office","7":"product_cat-office-2021","8":"product_cat-einzelne-office-programme","10":"first","11":"onbackorder","12":"taxable","13":"shipping-taxable","14":"purchasable","15":"product-type-simple"},"_links":{"self":[{"href":"https:\/\/swisssoftware24.ch\/it\/wp-json\/wp\/v2\/product\/15148","targetHints":{"allow":["GET"]}}],"collection":[{"href":"https:\/\/swisssoftware24.ch\/it\/wp-json\/wp\/v2\/product"}],"about":[{"href":"https:\/\/swisssoftware24.ch\/it\/wp-json\/wp\/v2\/types\/product"}],"wp:featuredmedia":[{"embeddable":true,"href":"https:\/\/swisssoftware24.ch\/it\/wp-json\/wp\/v2\/media\/15149"}],"wp:attachment":[{"href":"https:\/\/swisssoftware24.ch\/it\/wp-json\/wp\/v2\/media?parent=15148"}],"wp:term":[{"taxonomy":"product_brand","embeddable":true,"href":"https:\/\/swisssoftware24.ch\/it\/wp-json\/wp\/v2\/product_brand?post=15148"},{"taxonomy":"product_cat","embeddable":true,"href":"https:\/\/swisssoftware24.ch\/it\/wp-json\/wp\/v2\/product_cat?post=15148"},{"taxonomy":"product_tag","embeddable":true,"href":"https:\/\/swisssoftware24.ch\/it\/wp-json\/wp\/v2\/product_tag?post=15148"}],"curies":[{"name":"wp","href":"https:\/\/api.w.org\/{rel}","templated":true}]}}