{"id":15150,"date":"2023-03-09T02:55:45","date_gmt":"2023-03-09T01:55:45","guid":{"rendered":"https:\/\/swisssoftware24.ch\/?post_type=product&#038;p=15150"},"modified":"2026-02-23T01:52:19","modified_gmt":"2026-02-23T00:52:19","slug":"microsoft-powerpoint-2021","status":"publish","type":"product","link":"https:\/\/swisssoftware24.ch\/it\/products\/microsoft-powerpoint-2021\/","title":{"rendered":"Microsoft PowerPoint 2021"},"content":{"rendered":"<p class=\"\" data-start=\"212\" data-end=\"604\">Microsoft PowerPoint 2021 \u00e8 un potente strumento di presentazione che consente di visualizzare i contenuti in modo accattivante e professionale. Gli utenti possono creare e progettare diapositive, aggiungendo animazioni o transizioni per indirizzare specificamente l'attenzione del pubblico. Caratteri, colori, sfondi e altri elementi di design possono essere personalizzati in modo flessibile.<\/p>\n<p class=\"\" data-start=\"606\" data-end=\"1000\">Il programma consente l'integrazione di contenuti multimediali come video, musica ed elementi interattivi, nonch\u00e9 la creazione di note del relatore visibili solo a quest'ultimo. La modalit\u00e0 a schermo intero supporta una visualizzazione chiara e senza interruzioni durante la presentazione. Inoltre, le presentazioni finite possono essere condivise online o pubblicate su siti web.<\/p>\n<p class=\"\" data-start=\"1002\" data-end=\"1304\">Con PowerPoint 2021 \u00e8 possibile realizzare svariati tipi di presentazione, dai contenuti aziendali e di marketing alle sessioni di formazione e alle conferenze in ambito educativo. Grazie alla grafica SVG scalabile, anche visualizzazioni complesse possono essere visualizzate in modo nitido e senza perdita di qualit\u00e0.<\/p>\n<p data-start=\"1002\" data-end=\"1304\"><strong>Puoi trovare maggiori informazioni su questo prodotto\u00a0<a href=\"https:\/\/swisssoftware24.ch\/it\/microsoft-powerpoint-2021-moderne-praesentationen-einfach-erstellt\/\">qui<\/a>.<\/strong><\/p>\n<h3>Microsoft PowerPoint 2021 \u2013 requisiti di sistema<\/h3>\n<ul>\n<li><strong>Processore\u00a0<\/strong>Windows 11 o Windows 10 con 1,6 GHz, processore a 2 core\/macOS pi\u00f9 recente<\/li>\n<li><strong>Sistema operativo\u00a0<\/strong>Windows 11 o Windows 10 per PC; Mac OS per Mac<\/li>\n<li><strong>Memoria di lavoro\u00a0<\/strong>4 GB (64 bit), 2 GB (32 bit) di RAM per PC; 4 GB di RAM per Mac<\/li>\n<li><strong>Spazio su disco\u00a0<\/strong>4 GB di spazio disponibile su disco per PC, 10 GB per Mac<\/li>\n<li><strong>Scheda grafica\u00a0<\/strong>Scheda grafica DirectX 10 per l&#039;utilizzo dell&#039;accelerazione hardware grafica per PC<\/li>\n<li><strong>Requisiti di sistema aggiuntivi<\/strong>Accesso a Internet e account Microsoft<\/li>\n<\/ul>","protected":false},"excerpt":{"rendered":"<p>Microsoft PowerPoint \u00e8 il programma pi\u00f9 popolare per la creazione di presentazioni multimediali, disponibile come parte della suite Microsoft Office o come prodotto autonomo. Consente la creazione e il collegamento di diapositive, su cui \u00e8 possibile utilizzare vari elementi come foto, immagini, grafici, animazioni, video, musica e suoni. Le sue principali caratteristiche includono:<\/p>","protected":false},"featured_media":15151,"template":"","meta":{"_seopress_robots_primary_cat":"none","_seopress_titles_title":"Microsoft PowerPoint 2021 | SwissSoftware24","_seopress_titles_desc":"Microsoft PowerPoint 2021: Gestalten Sie professionelle Pr\u00e4sentationen m\u00fchelos. Perfekt f\u00fcr jeden Anlass. Kaufen Sie bei SwissSoftware24.","_seopress_robots_index":""},"product_brand":[],"product_cat":[71,74,96],"product_tag":[],"class_list":{"0":"post-15150","1":"product","2":"type-product","3":"status-publish","4":"has-post-thumbnail","6":"product_cat-office","7":"product_cat-office-2021","8":"product_cat-einzelne-office-programme","10":"first","11":"onbackorder","12":"taxable","13":"shipping-taxable","14":"purchasable","15":"product-type-simple"},"_links":{"self":[{"href":"https:\/\/swisssoftware24.ch\/it\/wp-json\/wp\/v2\/product\/15150","targetHints":{"allow":["GET"]}}],"collection":[{"href":"https:\/\/swisssoftware24.ch\/it\/wp-json\/wp\/v2\/product"}],"about":[{"href":"https:\/\/swisssoftware24.ch\/it\/wp-json\/wp\/v2\/types\/product"}],"wp:featuredmedia":[{"embeddable":true,"href":"https:\/\/swisssoftware24.ch\/it\/wp-json\/wp\/v2\/media\/15151"}],"wp:attachment":[{"href":"https:\/\/swisssoftware24.ch\/it\/wp-json\/wp\/v2\/media?parent=15150"}],"wp:term":[{"taxonomy":"product_brand","embeddable":true,"href":"https:\/\/swisssoftware24.ch\/it\/wp-json\/wp\/v2\/product_brand?post=15150"},{"taxonomy":"product_cat","embeddable":true,"href":"https:\/\/swisssoftware24.ch\/it\/wp-json\/wp\/v2\/product_cat?post=15150"},{"taxonomy":"product_tag","embeddable":true,"href":"https:\/\/swisssoftware24.ch\/it\/wp-json\/wp\/v2\/product_tag?post=15150"}],"curies":[{"name":"wp","href":"https:\/\/api.w.org\/{rel}","templated":true}]}}