{"id":15152,"date":"2023-03-09T02:58:21","date_gmt":"2023-03-09T01:58:21","guid":{"rendered":"https:\/\/swisssoftware24.ch\/?post_type=product&#038;p=15152"},"modified":"2026-01-16T18:24:44","modified_gmt":"2026-01-16T17:24:44","slug":"microsoft-access-2021","status":"publish","type":"product","link":"https:\/\/swisssoftware24.ch\/it\/products\/microsoft-access-2021\/","title":{"rendered":"Microsoft Access 2021"},"content":{"rendered":"<p class=\"\" data-start=\"189\" data-end=\"598\">Microsoft Access 2021 \u00e8 un sistema di gestione di database versatile, adatto sia a privati che ad aziende. Offre funzionalit\u00e0 per la creazione, la gestione e l'analisi di database, da semplici elenchi di contatti ad applicazioni aziendali complesse. Grazie a un'interfaccia utente intuitiva, i dati possono essere rapidamente strutturati, interrogati e visualizzati.<\/p>\n<p class=\"\" data-start=\"600\" data-end=\"998\">Gli utenti possono creare tabelle, maschere, report e query personalizzati senza la necessit\u00e0 di approfondite conoscenze di programmazione. Per gli utenti avanzati, sono disponibili macro e script VBA per automatizzare i processi e implementare funzioni personalizzate. L'integrazione con Excel, Word e altri programmi Microsoft completa la gamma di funzionalit\u00e0.<\/p>\n<p class=\"\" data-start=\"1000\" data-end=\"1268\">Microsoft Access supporta anche l'importazione e l'esportazione di dati da numerose fonti come Excel, XML, PDF o e-mail. Grazie a diritti utente definibili individualmente, l'accesso ai dati \u00e8 controllato in modo mirato, ideale per un utilizzo sicuro in team.<\/p>\n<p data-start=\"1000\" data-end=\"1268\"><strong>Puoi trovare maggiori informazioni su questo prodotto\u00a0<a href=\"https:\/\/swisssoftware24.ch\/it\/microsoft-access-2021-die-vielseitige-loesung-fuer-datenbanken-und-automatisierung\/\">qui<\/a>.<\/strong><\/p>\n<h3>Microsoft Access 2021 \u2013 requisiti di sistema<\/h3>\n<ul>\n<li><strong>Processore\u00a0<\/strong>Windows 11 o Windows 10 con 1,6 GHz, processore a 2 core\/macOS pi\u00f9 recente<\/li>\n<li><strong>Sistema operativo\u00a0<\/strong>Windows 11 o Windows 10 per PC; Mac OS per Mac<\/li>\n<li><strong>Memoria di lavoro\u00a0<\/strong>4 GB (64 bit), 2 GB (32 bit) di RAM per PC; 4 GB di RAM per Mac<\/li>\n<li><strong>Spazio su disco\u00a0<\/strong>4 GB di spazio disponibile su disco per PC, 10 GB per Mac<\/li>\n<li><strong>Scheda grafica\u00a0<\/strong>Scheda grafica DirectX 10 per l&#039;utilizzo dell&#039;accelerazione hardware grafica per PC<\/li>\n<li><strong>Requisiti di sistema aggiuntivi<\/strong>Accesso a Internet e account Microsoft<\/li>\n<\/ul>","protected":false},"excerpt":{"rendered":"<p>Microsoft Access \u00e8 un'applicazione utilizzata per la gestione di database relazionali. Consente la creazione, la modifica e la consultazione di database, fornendo allo stesso tempo strumenti per la progettazione di interfacce utente, report e moduli.<\/p>\n<p>La chiave per assegnare il prodotto all'account sul sito del produttore.<\/p>","protected":false},"featured_media":15153,"template":"","meta":{"_seopress_robots_primary_cat":"none","_seopress_titles_title":"Microsoft Access 2021: Datenbankverwaltung | SwissSoftware24","_seopress_titles_desc":"Organisieren Sie Ihre Daten effizient mit Microsoft Access 2021. Perfekte Datenbankl\u00f6sung f\u00fcr Unternehmen. Erh\u00e4ltlich bei SwissSoftware24.","_seopress_robots_index":""},"product_brand":[],"product_cat":[71,74,96],"product_tag":[],"class_list":{"0":"post-15152","1":"product","2":"type-product","3":"status-publish","4":"has-post-thumbnail","6":"product_cat-office","7":"product_cat-office-2021","8":"product_cat-einzelne-office-programme","10":"first","11":"onbackorder","12":"taxable","13":"shipping-taxable","14":"purchasable","15":"product-type-simple"},"_links":{"self":[{"href":"https:\/\/swisssoftware24.ch\/it\/wp-json\/wp\/v2\/product\/15152","targetHints":{"allow":["GET"]}}],"collection":[{"href":"https:\/\/swisssoftware24.ch\/it\/wp-json\/wp\/v2\/product"}],"about":[{"href":"https:\/\/swisssoftware24.ch\/it\/wp-json\/wp\/v2\/types\/product"}],"wp:featuredmedia":[{"embeddable":true,"href":"https:\/\/swisssoftware24.ch\/it\/wp-json\/wp\/v2\/media\/15153"}],"wp:attachment":[{"href":"https:\/\/swisssoftware24.ch\/it\/wp-json\/wp\/v2\/media?parent=15152"}],"wp:term":[{"taxonomy":"product_brand","embeddable":true,"href":"https:\/\/swisssoftware24.ch\/it\/wp-json\/wp\/v2\/product_brand?post=15152"},{"taxonomy":"product_cat","embeddable":true,"href":"https:\/\/swisssoftware24.ch\/it\/wp-json\/wp\/v2\/product_cat?post=15152"},{"taxonomy":"product_tag","embeddable":true,"href":"https:\/\/swisssoftware24.ch\/it\/wp-json\/wp\/v2\/product_tag?post=15152"}],"curies":[{"name":"wp","href":"https:\/\/api.w.org\/{rel}","templated":true}]}}