{"id":15155,"date":"2023-03-09T03:04:44","date_gmt":"2023-03-09T02:04:44","guid":{"rendered":"https:\/\/swisssoftware24.ch\/?post_type=product&#038;p=15155"},"modified":"2026-03-05T18:46:25","modified_gmt":"2026-03-05T17:46:25","slug":"microsoft-outlook-2021","status":"publish","type":"product","link":"https:\/\/swisssoftware24.ch\/it\/products\/microsoft-outlook-2021\/","title":{"rendered":"Microsoft Outlook 2021"},"content":{"rendered":"<p class=\"\" data-start=\"197\" data-end=\"565\">Microsoft Outlook 2021 \u00e8 un potente software di comunicazione e organizzazione che va ben oltre la tradizionale invio di e-mail. Oltre a gestire pi\u00f9 account di posta elettronica, Outlook offre funzionalit\u00e0 integrate di calendario, attivit\u00e0, contatti e note. In questo modo, puoi tenere sempre sotto controllo appuntamenti, progetti e informazioni importanti.<\/p>\n<p class=\"\" data-start=\"567\" data-end=\"935\">L'interfaccia utente \u00e8 progettata in modo intuitivo e consente di condividere in modo efficiente e-mail, file e riunioni con singoli o gruppi. La sincronizzazione con smartphone e tablet ti mantiene sempre informato anche in movimento. L'integrazione con altre applicazioni Office come Word, Excel o OneNote garantisce flussi di lavoro senza interruzioni.<\/p>\n<p class=\"\" data-start=\"937\" data-end=\"1203\">Outlook 2021 consente anche di creare regole, filtri e strutture di cartelle per mantenere le caselle di posta ordinate. I contatti possono essere raggruppati, le attivit\u00e0 priorizzate e i promemoria impostati \u2013 ideale per il lavoro, lo studio o la vita privata quotidiana.<\/p>\n<p data-start=\"937\" data-end=\"1203\"><strong>Puoi trovare maggiori informazioni su questo prodotto\u00a0<a href=\"https:\/\/swisssoftware24.ch\/it\/microsoft-outlook-2021-mehr-als-nur-e-mails\/\">qui<\/a>.<\/strong><\/p>\n<h3>Microsoft Outlook 2021 \u2013 requisiti di sistema<\/h3>\n<ul>\n<li><strong>Processore\u00a0<\/strong>Windows 11 o Windows 10 con 1,6 GHz, processore a 2 core\/macOS pi\u00f9 recente<\/li>\n<li><strong>Sistema operativo\u00a0<\/strong>Windows 11 o Windows 10 per PC; Mac OS per Mac<\/li>\n<li><strong>Memoria di lavoro\u00a0<\/strong>4 GB (64 bit), 2 GB (32 bit) di RAM per PC; 4 GB di RAM per Mac<\/li>\n<li><strong>Spazio su disco\u00a0<\/strong>4 GB di spazio disponibile su disco per PC, 10 GB per Mac<\/li>\n<li><strong>Scheda grafica\u00a0<\/strong>Scheda grafica DirectX 10 per l&#039;utilizzo dell&#039;accelerazione hardware grafica per PC<\/li>\n<li><strong>Requisiti di sistema aggiuntivi<\/strong>Accesso a Internet e account Microsoft<\/li>\n<\/ul>","protected":false},"excerpt":{"rendered":"<p>Microsoft Outlook 2021 ist eine leistungsstarke Kommunikations- und Organisationssoftware, die weit \u00fcber den klassischen E-Mail-Versand hinausgeht. Neben dem Verwalten mehrerer E-Mail-Konten bietet Outlook integrierte Kalender-, Aufgaben-, Kontakt- und Notizfunktionen. So behalten Sie jederzeit den \u00dcberblick \u00fcber Termine, Projekte und wichtige Informationen. Die Benutzeroberfl\u00e4che ist intuitiv gestaltet und erlaubt es, E-Mails, Dateien und Besprechungen effizient mit [&hellip;]<\/p>","protected":false},"featured_media":15156,"template":"","meta":{"_seopress_robots_primary_cat":"none","_seopress_titles_title":"Microsoft Outlook 2021: E-Mails & Kalender | SwissSoftware24","_seopress_titles_desc":"Verwalten Sie E-Mails und Kalender effizient mit Microsoft Outlook 2021. Perfekt f\u00fcr gesch\u00e4ftliche Kommunikation. Jetzt bei SwissSoftware24 erh\u00e4ltlich.","_seopress_robots_index":""},"product_brand":[],"product_cat":[71,74,96],"product_tag":[],"class_list":{"0":"post-15155","1":"product","2":"type-product","3":"status-publish","4":"has-post-thumbnail","6":"product_cat-office","7":"product_cat-office-2021","8":"product_cat-einzelne-office-programme","10":"first","11":"onbackorder","12":"virtual","13":"taxable","14":"purchasable","15":"product-type-simple"},"_links":{"self":[{"href":"https:\/\/swisssoftware24.ch\/it\/wp-json\/wp\/v2\/product\/15155","targetHints":{"allow":["GET"]}}],"collection":[{"href":"https:\/\/swisssoftware24.ch\/it\/wp-json\/wp\/v2\/product"}],"about":[{"href":"https:\/\/swisssoftware24.ch\/it\/wp-json\/wp\/v2\/types\/product"}],"wp:featuredmedia":[{"embeddable":true,"href":"https:\/\/swisssoftware24.ch\/it\/wp-json\/wp\/v2\/media\/15156"}],"wp:attachment":[{"href":"https:\/\/swisssoftware24.ch\/it\/wp-json\/wp\/v2\/media?parent=15155"}],"wp:term":[{"taxonomy":"product_brand","embeddable":true,"href":"https:\/\/swisssoftware24.ch\/it\/wp-json\/wp\/v2\/product_brand?post=15155"},{"taxonomy":"product_cat","embeddable":true,"href":"https:\/\/swisssoftware24.ch\/it\/wp-json\/wp\/v2\/product_cat?post=15155"},{"taxonomy":"product_tag","embeddable":true,"href":"https:\/\/swisssoftware24.ch\/it\/wp-json\/wp\/v2\/product_tag?post=15155"}],"curies":[{"name":"wp","href":"https:\/\/api.w.org\/{rel}","templated":true}]}}