{"id":15226,"date":"2023-03-11T03:34:20","date_gmt":"2023-03-11T02:34:20","guid":{"rendered":"https:\/\/swisssoftware24.ch\/?post_type=product&#038;p=15226"},"modified":"2025-11-30T00:17:25","modified_gmt":"2025-11-29T23:17:25","slug":"microsoft-excel-2019-2","status":"publish","type":"product","link":"https:\/\/swisssoftware24.ch\/it\/products\/microsoft-excel-2019-2\/","title":{"rendered":"Microsoft Excel 2019"},"content":{"rendered":"<p class=\"\" data-start=\"203\" data-end=\"508\"><strong data-start=\"203\" data-end=\"227\">Microsoft Excel 2019<\/strong> \u00e8 un software di fogli di calcolo collaudato, rinomato per le sue potenti funzionalit\u00e0 per calcoli, analisi dei dati e visualizzazione. Con numerose formule e funzioni integrate, operazioni di calcolo complesse possono essere eseguite rapidamente e in modo affidabile.<\/p>\n<p class=\"\" data-start=\"510\" data-end=\"792\">Oltre al classico lavoro sui fogli di calcolo, Excel 2019 supporta anche la creazione di vari tipi di grafici per una migliore visualizzazione dei dati. Il software offre anche opzioni per l'automazione tramite macro e la formattazione completa di celle e contenuti.<\/p>\n<p class=\"\" data-start=\"794\" data-end=\"979\">Grazie alla sua flessibilit\u00e0 e facilit\u00e0 d'uso, Excel 2019 \u00e8 adatto sia per l'uso professionale che privato \u2013 ideale per chiunque desideri lavorare con precisione con i dati.<\/p>\n<p data-start=\"794\" data-end=\"979\"><strong>Puoi trovare maggiori informazioni su questo prodotto\u00a0<a href=\"https:\/\/swisssoftware24.ch\/it\/microsoft-excel-2019-mehr-als-nur-tabellen\/\">qui<\/a>.<\/strong><\/p>\n<h3>Microsoft Excel 2019 \u2013 requisiti di sistema<\/h3>\n<ul>\n<li><strong>Sistema operativo<\/strong>\u00a0Da Windows 10<\/li>\n<li><strong>Processore<\/strong>\u00a01,6 GHz o pi\u00f9 veloce, dual core<\/li>\n<li><strong>Memoria di lavoro<\/strong>\u00a0RAM da 4GB; 2 GB di RAM (32 bit)<\/li>\n<li><strong>Spazio su disco<\/strong>\u00a04GB<\/li>\n<li><strong>Scheda grafica<\/strong>\u00a0o superiore con WDDM 2.0 per l'accelerazione hardware grafica<\/li>\n<\/ul>","protected":false},"excerpt":{"rendered":"<p>Excel 2019 \u00e8 un programma di fogli di calcolo creato da Microsoft. \u00c8 senza dubbio uno dei pi\u00f9 popolari strumenti per lavorare con dati numerici, utilizzato non solo da aziende direttamente coinvolte nella finanza, ma anche in varie altre industrie. Cosa offre?<\/p>\n<p>Acquistando questo prodotto riceverai: link per il download + chiave prodotto (ESD) per 1 PC.<\/p>\n<p><strong>Spedizione entro 24 ore via email!<\/strong><\/p>","protected":false},"featured_media":15227,"template":"","meta":{"_seopress_robots_primary_cat":"none","_seopress_titles_title":"Microsoft Excel 2019 | Tabellen & Analysen | SwissSoftware24","_seopress_titles_desc":"Microsoft Excel 2019: Optimieren Sie Ihre Datenanalysen mit leistungsstarken Funktionen und Formeln. Perfekt f\u00fcr Unternehmen. Jetzt bei SwissSoftware24.","_seopress_robots_index":""},"product_brand":[],"product_cat":[96,71,73],"product_tag":[],"class_list":{"0":"post-15226","1":"product","2":"type-product","3":"status-publish","4":"has-post-thumbnail","6":"product_cat-einzelne-office-programme","7":"product_cat-office","8":"product_cat-office-2019","10":"first","11":"onbackorder","12":"sale","13":"taxable","14":"shipping-taxable","15":"purchasable","16":"product-type-simple"},"_links":{"self":[{"href":"https:\/\/swisssoftware24.ch\/it\/wp-json\/wp\/v2\/product\/15226","targetHints":{"allow":["GET"]}}],"collection":[{"href":"https:\/\/swisssoftware24.ch\/it\/wp-json\/wp\/v2\/product"}],"about":[{"href":"https:\/\/swisssoftware24.ch\/it\/wp-json\/wp\/v2\/types\/product"}],"wp:featuredmedia":[{"embeddable":true,"href":"https:\/\/swisssoftware24.ch\/it\/wp-json\/wp\/v2\/media\/15227"}],"wp:attachment":[{"href":"https:\/\/swisssoftware24.ch\/it\/wp-json\/wp\/v2\/media?parent=15226"}],"wp:term":[{"taxonomy":"product_brand","embeddable":true,"href":"https:\/\/swisssoftware24.ch\/it\/wp-json\/wp\/v2\/product_brand?post=15226"},{"taxonomy":"product_cat","embeddable":true,"href":"https:\/\/swisssoftware24.ch\/it\/wp-json\/wp\/v2\/product_cat?post=15226"},{"taxonomy":"product_tag","embeddable":true,"href":"https:\/\/swisssoftware24.ch\/it\/wp-json\/wp\/v2\/product_tag?post=15226"}],"curies":[{"name":"wp","href":"https:\/\/api.w.org\/{rel}","templated":true}]}}