{"id":15233,"date":"2023-03-11T03:48:47","date_gmt":"2023-03-11T02:48:47","guid":{"rendered":"https:\/\/swisssoftware24.ch\/?post_type=product&#038;p=15233"},"modified":"2025-11-30T00:17:25","modified_gmt":"2025-11-29T23:17:25","slug":"project-standard-2019","status":"publish","type":"product","link":"https:\/\/swisssoftware24.ch\/it\/products\/project-standard-2019\/","title":{"rendered":"Project Standard 2019"},"content":{"rendered":"<p data-start=\"210\" data-end=\"544\">Microsoft Project Standard 2019 \u00e8 la soluzione ideale per chiunque desideri realizzare progetti in modo strutturato e puntuale. Il software offre numerosi modelli predefiniti, con cui \u00e8 possibile creare e adattare piani di progetto in un batter d'occhio \u2013 che si tratti di progetti IT, iniziative di costruzione o processi interni.<\/p>\n<p data-start=\"546\" data-end=\"873\">Le funzioni di pianificazione automatizzate e l'interfaccia utente intuitiva garantiscono un avvio rapido. Grazie al calcolo automatico delle scadenze e alle chiare dipendenze, hai sempre il controllo delle tue tempistiche e delle tue risorse. L'interfaccia familiare, simile a Office, riduce al minimo lo sforzo di formazione.<\/p>\n<p data-start=\"875\" data-end=\"1154\">Particolarmente degni di nota sono gli scenari \"cosa succederebbe se\", che ti aiutano a simulare diverse situazioni di pianificazione. In questo modo puoi identificare i colli di bottiglia in anticipo, sviluppare alternative e raggiungere i tuoi obiettivi di progetto in modo ancora pi\u00f9 sicuro \u2013 tutto senza ricalcoli che richiedono tempo.<\/p>\n<p data-start=\"875\" data-end=\"1154\"><strong>Puoi trovare maggiori informazioni su questo prodotto\u00a0<a href=\"https:\/\/swisssoftware24.ch\/it\/microsoft-project-standard-2019-ihre-projekte-unter-kontrolle\/\">qui<\/a>.<\/strong><\/p>\n<h3>Project Standard 2019 \u2013 requisiti di sistema<\/h3>\n<ul>\n<li><strong>Processore<\/strong>\u00a0da 1,6 gigahertz (GHz) o superiore, 2 core<\/li>\n<li><strong>Sistema operativo<\/strong>\u00a0Windows 10, Windows Server 2019<\/li>\n<li><strong>Memoria di lavoro<\/strong>\u00a0RAM da 4GB; 2 GB di RAM (32 bit)<\/li>\n<li><strong>Spazio su disco<\/strong>\u00a0disponibile di 4,0 GB<\/li>\n<li><strong>Risoluzione dello schermo<\/strong>\u00a0di almeno 1280 x 768<\/li>\n<li><strong>Scheda grafica<\/strong>\u00a0DirectX 10 per accelerare l'hardware grafico<\/li>\n<li><strong>Requisiti di sistema aggiuntivi<\/strong>\u00a0accesso a Internet e un<br \/>\naccount Microsoft.<br \/>\nPer una lista completa dei requisiti di sistema, consulta office.com\/systemrequirements.<\/li>\n<\/ul>","protected":false},"excerpt":{"rendered":"<p>Acquistando questo prodotto riceverai: link per il download + chiave prodotto (ESD) per 1 PC.<\/p>\n<p><strong>Spedizione entro 24 ore via email!<\/strong><\/p>","protected":false},"featured_media":15234,"template":"","meta":{"_seopress_robots_primary_cat":"none","_seopress_titles_title":"Project Standard 2019 | Projektplanung | SwissSoftware24","_seopress_titles_desc":"Project Standard 2019 bietet grundlegende Funktionen f\u00fcr die Projektplanung. Perfekt f\u00fcr kleinere Projekte. Jetzt bei SwissSoftware24 erh\u00e4ltlich.","_seopress_robots_index":""},"product_brand":[],"product_cat":[71,96],"product_tag":[],"class_list":{"0":"post-15233","1":"product","2":"type-product","3":"status-publish","4":"has-post-thumbnail","6":"product_cat-office","7":"product_cat-einzelne-office-programme","9":"first","10":"onbackorder","11":"virtual","12":"taxable","13":"purchasable","14":"product-type-simple"},"_links":{"self":[{"href":"https:\/\/swisssoftware24.ch\/it\/wp-json\/wp\/v2\/product\/15233","targetHints":{"allow":["GET"]}}],"collection":[{"href":"https:\/\/swisssoftware24.ch\/it\/wp-json\/wp\/v2\/product"}],"about":[{"href":"https:\/\/swisssoftware24.ch\/it\/wp-json\/wp\/v2\/types\/product"}],"wp:featuredmedia":[{"embeddable":true,"href":"https:\/\/swisssoftware24.ch\/it\/wp-json\/wp\/v2\/media\/15234"}],"wp:attachment":[{"href":"https:\/\/swisssoftware24.ch\/it\/wp-json\/wp\/v2\/media?parent=15233"}],"wp:term":[{"taxonomy":"product_brand","embeddable":true,"href":"https:\/\/swisssoftware24.ch\/it\/wp-json\/wp\/v2\/product_brand?post=15233"},{"taxonomy":"product_cat","embeddable":true,"href":"https:\/\/swisssoftware24.ch\/it\/wp-json\/wp\/v2\/product_cat?post=15233"},{"taxonomy":"product_tag","embeddable":true,"href":"https:\/\/swisssoftware24.ch\/it\/wp-json\/wp\/v2\/product_tag?post=15233"}],"curies":[{"name":"wp","href":"https:\/\/api.w.org\/{rel}","templated":true}]}}