{"id":15264,"date":"2023-03-12T02:21:58","date_gmt":"2023-03-12T01:21:58","guid":{"rendered":"https:\/\/swisssoftware24.ch\/?post_type=product&#038;p=15264"},"modified":"2025-11-29T23:56:54","modified_gmt":"2025-11-29T22:56:54","slug":"norton-secure-vpn","status":"publish","type":"product","link":"https:\/\/swisssoftware24.ch\/it\/products\/norton-secure-vpn\/","title":{"rendered":"Norton Secure VPN"},"content":{"rendered":"<p data-start=\"179\" data-end=\"481\">Norton Secure VPN protegge la tua privacy online mascherando il tuo indirizzo IP e crittografando le tue attivit\u00e0 online. Questo strumento impedisce a terzi di visualizzare i tuoi dati o di tracciare la tua posizione \u2013 una protezione preziosa, specialmente nelle reti Wi-Fi pubbliche.<\/p>\n<p data-start=\"483\" data-end=\"766\">Inoltre, offre un accesso sicuro a siti web e contenuti bloccati \u2013 ad esempio, a causa di restrizioni geografiche o reti limitate. L'applicazione supporta i pi\u00f9 alti standard di crittografia, garantendo la massima sicurezza durante la navigazione, lo streaming o il lavoro.<\/p>\n<p data-start=\"768\" data-end=\"1034\">Con il supporto multipiattaforma per Windows, macOS, Android e iOS, Norton Secure VPN pu\u00f2 essere utilizzato su quasi tutti i dispositivi. Grazie alla sua interfaccia intuitiva, \u00e8 facile da usare sia per i principianti che per gli utenti esperti.<\/p>\n<p data-start=\"768\" data-end=\"1034\"><strong>Puoi trovare maggiori informazioni su questo prodotto\u00a0<a href=\"https:\/\/swisssoftware24.ch\/it\/norton-secure-vpn-privatsphaere-trifft-auf-freiheit-im-netz\/\">qui<\/a>.<\/strong><\/p>\n<h3>Norton Secure VPN \u2013 requisiti di sistema<\/h3>\n<ul>\n<li><strong>Sistema operativo <\/strong>Windows, Mac, Android, iOS<\/li>\n<\/ul>","protected":false},"excerpt":{"rendered":"<p><span style=\"font-weight: 400\">Norton Secure VPN \u00e8 uno strumento software complementare ai programmi antivirus che mira a proteggere la tua privacy e migliorare la tua sicurezza online.<\/span><\/p>\n<p>Link di download + chiave del prodotto (ESD) per 1 anno per 1 dispositivo.<\/p>","protected":false},"featured_media":15265,"template":"","meta":{"_seopress_robots_primary_cat":"none","_seopress_titles_title":"Norton Secure VPN | Datenschutz&Sicherheit | SwissSoftware24","_seopress_titles_desc":"Norton Secure VPN: Sch\u00fctzen Sie Ihre Privatsph\u00e4re online mit sicherer und verschl\u00fcsselter Verbindung. Perfekt f\u00fcr \u00f6ffentliches WLAN. Jetzt bei SwissSoftware24.","_seopress_robots_index":""},"product_brand":[],"product_cat":[93,63,109,84],"product_tag":[],"class_list":{"0":"post-15264","1":"product","2":"type-product","3":"status-publish","4":"has-post-thumbnail","6":"product_cat-antivirus","7":"product_cat-antivirus-security","8":"product_cat-norton","9":"product_cat-vpn","11":"first","12":"onbackorder","13":"taxable","14":"shipping-taxable","15":"purchasable","16":"product-type-variable"},"_links":{"self":[{"href":"https:\/\/swisssoftware24.ch\/it\/wp-json\/wp\/v2\/product\/15264","targetHints":{"allow":["GET"]}}],"collection":[{"href":"https:\/\/swisssoftware24.ch\/it\/wp-json\/wp\/v2\/product"}],"about":[{"href":"https:\/\/swisssoftware24.ch\/it\/wp-json\/wp\/v2\/types\/product"}],"wp:featuredmedia":[{"embeddable":true,"href":"https:\/\/swisssoftware24.ch\/it\/wp-json\/wp\/v2\/media\/15265"}],"wp:attachment":[{"href":"https:\/\/swisssoftware24.ch\/it\/wp-json\/wp\/v2\/media?parent=15264"}],"wp:term":[{"taxonomy":"product_brand","embeddable":true,"href":"https:\/\/swisssoftware24.ch\/it\/wp-json\/wp\/v2\/product_brand?post=15264"},{"taxonomy":"product_cat","embeddable":true,"href":"https:\/\/swisssoftware24.ch\/it\/wp-json\/wp\/v2\/product_cat?post=15264"},{"taxonomy":"product_tag","embeddable":true,"href":"https:\/\/swisssoftware24.ch\/it\/wp-json\/wp\/v2\/product_tag?post=15264"}],"curies":[{"name":"wp","href":"https:\/\/api.w.org\/{rel}","templated":true}]}}