{"id":15268,"date":"2023-03-12T02:32:54","date_gmt":"2023-03-12T01:32:54","guid":{"rendered":"https:\/\/swisssoftware24.ch\/?post_type=product&#038;p=15268"},"modified":"2026-02-24T11:49:59","modified_gmt":"2026-02-24T10:49:59","slug":"norton-antivirus-plus","status":"publish","type":"product","link":"https:\/\/swisssoftware24.ch\/it\/products\/norton-antivirus-plus\/","title":{"rendered":"Norton Antivirus Plus"},"content":{"rendered":"<p data-start=\"190\" data-end=\"468\">Norton Antivirus Plus \u00e8 una soluzione di sicurezza efficace e intuitiva che offre una protezione completa contro virus, malware e altre minacce online. Rileva e rimuove in modo affidabile software dannosi come Trojan, worm, ransomware e spyware in tempo reale.<\/p>\n<p data-start=\"470\" data-end=\"770\">Inoltre, il programma protegge dai tentativi di phishing bloccando i siti web fraudolenti che cercano di rubare informazioni riservate come password o dati di pagamento. Un firewall integrato impedisce l'accesso non autorizzato al tuo dispositivo e protegge la tua connessione internet.<\/p>\n<p data-start=\"772\" data-end=\"1024\">Norton Antivirus Plus \u00e8 efficiente in termini di risorse e non influisce sulle prestazioni del tuo sistema. \u00c8 disponibile su Windows, macOS, Android e iOS e offre a tutti gli utenti l'accesso al supporto tecnico \u2013 per un utilizzo completamente sicuro e stabile.<\/p>\n<p data-start=\"772\" data-end=\"1024\"><strong>Puoi trovare maggiori informazioni su questo prodotto\u00a0<a href=\"https:\/\/swisssoftware24.ch\/it\/norton-antivirus-plus-einfach-sicher-surfen\/\">qui<\/a>.<\/strong><\/p>\n<h3>Norton Antivirus Plus \u2013 requisiti di sistema<\/h3>\n<ul>\n<li><strong>Sistema operativo <\/strong>Windows, Mac, Android, iOS<\/li>\n<\/ul>","protected":false},"excerpt":{"rendered":"<p>Norton AntiVirus Plus \u00e8 ideale per un PC o un Mac e offre una protezione in tempo reale contro malware, spyware, ransomware, attacchi di phishing e altre minacce online.<\/p>\n<p>Link di download + chiave del prodotto (ESD) per 1 anno per 1 dispositivo.<\/p>","protected":false},"featured_media":25834,"template":"","meta":{"_seopress_robots_primary_cat":"none","_seopress_titles_title":"Norton Antivirus Plus | Schutz & Sicherheit | SwissSoftware24","_seopress_titles_desc":"Norton Antivirus Plus: Umfassender Schutz vor Viren, Malware und Phishing. Sch\u00fctzen Sie Ihre Daten und Ger\u00e4te. Jetzt bei SwissSoftware24 erh\u00e4ltlich.","_seopress_robots_index":""},"product_brand":[],"product_cat":[93,63,109],"product_tag":[],"class_list":{"0":"post-15268","1":"product","2":"type-product","3":"status-publish","4":"has-post-thumbnail","6":"product_cat-antivirus","7":"product_cat-antivirus-security","8":"product_cat-norton","10":"first","11":"onbackorder","12":"virtual","13":"taxable","14":"purchasable","15":"product-type-simple"},"_links":{"self":[{"href":"https:\/\/swisssoftware24.ch\/it\/wp-json\/wp\/v2\/product\/15268","targetHints":{"allow":["GET"]}}],"collection":[{"href":"https:\/\/swisssoftware24.ch\/it\/wp-json\/wp\/v2\/product"}],"about":[{"href":"https:\/\/swisssoftware24.ch\/it\/wp-json\/wp\/v2\/types\/product"}],"wp:featuredmedia":[{"embeddable":true,"href":"https:\/\/swisssoftware24.ch\/it\/wp-json\/wp\/v2\/media\/25834"}],"wp:attachment":[{"href":"https:\/\/swisssoftware24.ch\/it\/wp-json\/wp\/v2\/media?parent=15268"}],"wp:term":[{"taxonomy":"product_brand","embeddable":true,"href":"https:\/\/swisssoftware24.ch\/it\/wp-json\/wp\/v2\/product_brand?post=15268"},{"taxonomy":"product_cat","embeddable":true,"href":"https:\/\/swisssoftware24.ch\/it\/wp-json\/wp\/v2\/product_cat?post=15268"},{"taxonomy":"product_tag","embeddable":true,"href":"https:\/\/swisssoftware24.ch\/it\/wp-json\/wp\/v2\/product_tag?post=15268"}],"curies":[{"name":"wp","href":"https:\/\/api.w.org\/{rel}","templated":true}]}}