{"id":15272,"date":"2023-03-12T02:43:04","date_gmt":"2023-03-12T01:43:04","guid":{"rendered":"https:\/\/swisssoftware24.ch\/?post_type=product&#038;p=15272"},"modified":"2026-01-27T16:05:42","modified_gmt":"2026-01-27T15:05:42","slug":"g-data-total-security-copy","status":"publish","type":"product","link":"https:\/\/swisssoftware24.ch\/it\/products\/g-data-total-security-copy\/","title":{"rendered":"G Data Internet Security"},"content":{"rendered":"<p data-start=\"364\" data-end=\"718\">G Data Internet Security \u00e8 una soluzione di sicurezza completa che garantisce protezione durante la navigazione, l'online banking e gli acquisti su Internet. Il software protegge i tuoi dati personali da phishing, malware e attacchi informatici, e blocca i siti web sospetti in tempo reale. Grazie ad analisi intelligenti, la tua privacy rimane sempre protetta.<\/p>\n<p data-start=\"720\" data-end=\"1006\">I genitori beneficiano del controllo parentale integrato, che consente di filtrare in modo mirato i contenuti internet e di limitare il tempo online dei bambini. Inoltre, la protezione e-mail assicura che gli allegati dannosi e i messaggi di phishing vengano automaticamente rilevati e bloccati.<\/p>\n<p data-start=\"1008\" data-end=\"1305\">Con un potente motore antivirus, firewall e aggiornamenti continui, G Data Internet Security offre una protezione completa e moderna \u2013 senza compromettere le prestazioni del sistema. Il software \u00e8 disponibile per Windows e macOS e offre un elevato livello di usabilit\u00e0.<\/p>\n<p><strong>Puoi trovare maggiori informazioni su questo prodotto\u00a0<a href=\"https:\/\/swisssoftware24.ch\/it\/g-data-internet-security-sicherheit-die-mitdenkt\/\">qui<\/a>.<\/strong><\/p>\n<h3>G Data Internet Security \u2013 requisiti di sistema<\/h3>\n<ul>\n<li><strong>Sistemi operativi\u00a0<\/strong>Windows 10 \/ 8.1 \/ 7 (SP1); macOS 10.12 e versioni successive, 2 GB RAM; Android 4.1 e versioni successive; iOS 11 e versioni successive<\/li>\n<li><strong>Memoria di lavoro\u00a0<\/strong>2 GB DI RAM<\/li>\n<\/ul>","protected":false},"excerpt":{"rendered":"<p>G Data Internet Security \u00e8 un programma antivirus che utilizza un motore antivirus doppio composto dalla tecnologia Bitdefender e dal suo motore proprietario. Questa combinazione unica offre un'eccezionale efficacia nel rilevare e rimuovere software dannoso, riducendo al minimo il rischio di infezioni.<\/p>","protected":false},"featured_media":25753,"template":"","meta":{"_seopress_robots_primary_cat":"none","_seopress_titles_title":"G Data Internet Security | SwissSoftware24","_seopress_titles_desc":"Sch\u00fctzen Sie Ihre Online-Aktivit\u00e4ten mit G Data Internet Security. Umfassender Schutz vor Viren, Malware und Phishing. Jetzt erh\u00e4ltlich bei SwissSoftware24.","_seopress_robots_index":""},"product_brand":[],"product_cat":[111,63,93],"product_tag":[],"class_list":{"0":"post-15272","1":"product","2":"type-product","3":"status-publish","4":"has-post-thumbnail","6":"product_cat-g-data","7":"product_cat-antivirus-security","8":"product_cat-antivirus","10":"first","11":"onbackorder","12":"taxable","13":"shipping-taxable","14":"purchasable","15":"product-type-variable"},"_links":{"self":[{"href":"https:\/\/swisssoftware24.ch\/it\/wp-json\/wp\/v2\/product\/15272","targetHints":{"allow":["GET"]}}],"collection":[{"href":"https:\/\/swisssoftware24.ch\/it\/wp-json\/wp\/v2\/product"}],"about":[{"href":"https:\/\/swisssoftware24.ch\/it\/wp-json\/wp\/v2\/types\/product"}],"wp:featuredmedia":[{"embeddable":true,"href":"https:\/\/swisssoftware24.ch\/it\/wp-json\/wp\/v2\/media\/25753"}],"wp:attachment":[{"href":"https:\/\/swisssoftware24.ch\/it\/wp-json\/wp\/v2\/media?parent=15272"}],"wp:term":[{"taxonomy":"product_brand","embeddable":true,"href":"https:\/\/swisssoftware24.ch\/it\/wp-json\/wp\/v2\/product_brand?post=15272"},{"taxonomy":"product_cat","embeddable":true,"href":"https:\/\/swisssoftware24.ch\/it\/wp-json\/wp\/v2\/product_cat?post=15272"},{"taxonomy":"product_tag","embeddable":true,"href":"https:\/\/swisssoftware24.ch\/it\/wp-json\/wp\/v2\/product_tag?post=15272"}],"curies":[{"name":"wp","href":"https:\/\/api.w.org\/{rel}","templated":true}]}}