{"id":16973,"date":"2023-05-12T09:36:18","date_gmt":"2023-05-12T07:36:18","guid":{"rendered":"https:\/\/swisssoftware24.ch\/?post_type=product&#038;p=16973"},"modified":"2025-11-29T23:56:54","modified_gmt":"2025-11-29T22:56:54","slug":"adobe-photoshop-elements-2023","status":"publish","type":"product","link":"https:\/\/swisssoftware24.ch\/it\/products\/adobe-photoshop-elements-2023\/","title":{"rendered":"Adobe Photoshop Elements 2023"},"content":{"rendered":"<p data-start=\"79\" data-end=\"456\">Adobe Photoshop Elements 2023 offre una soluzione intuitiva e potente per la modifica di foto e grafiche. Con nuovi effetti come l'effetto Matrix e Bokeh, \u00e8 possibile creare accenti visivi creativi. La modalit\u00e0 di modifica del testo migliorata consente di regolare il testo direttamente nell'anteprima, il che accelera notevolmente il processo di progettazione.<\/p>\n<p data-start=\"458\" data-end=\"839\">Grazie agli strumenti di organizzazione dei progetti ottimizzati, le foto possono essere ordinate, contrassegnate e salvate pi\u00f9 velocemente. L'integrazione cloud facilita l'accesso ai progetti da vari dispositivi e consente una facile condivisione dei file. Inoltre, il programma supporta i formati di file comuni come JPEG, PNG, RAW e AVI, rendendolo versatile.<\/p>\n<p data-start=\"841\" data-end=\"1270\" data-is-last-node=\"\" data-is-only-node=\"\">Con la possibilit\u00e0 di lavorare a livelli, Adobe Photoshop Elements 2023 offre opzioni di modifica delle immagini avanzate per regolazioni precise. La versione base gratuita consente una semplice modifica delle foto, mentre la versione in abbonamento estesa offre funzionalit\u00e0 aggiuntive per progetti pi\u00f9 impegnativi. Ideale per gli utenti creativi che cercano un'alternativa intuitiva ad Adobe Photoshop.<\/p>\n<p data-start=\"841\" data-end=\"1270\" data-is-last-node=\"\" data-is-only-node=\"\"><strong>Puoi trovare maggiori informazioni su questo prodotto\u00a0<a href=\"https:\/\/swisssoftware24.ch\/it\/adobe-photoshop-elements-2023-kreative-bildbearbeitung-fuer-einsteiger-und-profis\/\">qui<\/a>.<\/strong><\/p>\n<h3>Adobe Photoshop Elements 2023 \u2013 requisiti di sistema<\/h3>\n<p>Windows<\/p>\n<ul>\n<li style=\"list-style-type: none\">\n<ul>\n<li>1,6-GHz-Prozessor oder schneller mit SSE2-Unterst\u00fctzung<\/li>\n<li>Microsoft Windows 7 Service Pack 1, Windows 8 oder Windows 10 (32-Bit-Versionen werden auf 32-Bit-Systemen installiert, 64-Bit-Versionen werden auf 64-Bit-Systemen installiert)<\/li>\n<li>2 GB DI RAM<\/li>\n<li>5 GB verf\u00fcgbarer Festplattenspeicher (zus\u00e4tzlicher freier Speicherplatz w\u00e4hrend der Installation erforderlich)<\/li>\n<li>Anzeige mit einer Aufl\u00f6sung von 1024 x 768 (bei 100 % Skalierungsfaktor)<\/li>\n<li>Ein Anzeigetreiber, der mit Microsoft DirectX 9 oder 10 kompatibel ist<\/li>\n<li>DVD-ROM-Laufwerk (zur Installation von DVD)<\/li>\n<li>QuickTime 7-Software<\/li>\n<li>Internetverbindung f\u00fcr Produktaktivierung und Downloads<\/li>\n<\/ul>\n<\/li>\n<\/ul>\n<p>Mac OS<\/p>\n<ul>\n<li style=\"list-style-type: none\">\n<ul>\n<li>Multi-Core-64-Bit-Intel-Prozessor<\/li>\n<li>Mac OS X 10.9 oder 10.10<\/li>\n<li>2 GB DI RAM<\/li>\n<li>5 GB verf\u00fcgbarer Festplattenspeicher (zus\u00e4tzlicher freier Speicherplatz w\u00e4hrend der Installation erforderlich)<\/li>\n<li>Anzeige mit einer Aufl\u00f6sung von 1024 x 768 (bei 100 % Skalierungsfaktor)<\/li>\n<li>DVD-ROM-Laufwerk (zur Installation von DVD)<\/li>\n<li>QuickTime 7-Software<\/li>\n<\/ul>\n<\/li>\n<\/ul>","protected":false},"excerpt":{"rendered":"<p>Versione completa ESD<\/p>\n<p><b>Lingue<\/b>Inglese, Francese, Tedesco, Italiano, Ceco, Olandese, Giapponese, Polacco, Svedese e Spagnolo.<\/p>\n<p><span style=\"font-weight: 400\">Adobe Photoshop Elements \u00e8 indubbiamente un bestseller tra i programmi di editing e manipolazione grafica, offrendo la creazione e la modifica semplici delle immagini. Fornisce una miriade di strumenti per il ritocco, la correzione del colore, la rimozione di elementi indesiderati, effetti speciali e altro ancora. Ci\u00f2 consente agli utenti di ottenere un look professionale nei loro progetti senza la necessit\u00e0 di conoscenze tecniche avanzate.<\/span><\/p>\n<p><strong>Spedizione: In 5 minuti via email<\/strong><\/p>","protected":false},"featured_media":25687,"template":"","meta":{"_seopress_robots_primary_cat":"none","_seopress_titles_title":"Adobe Photoshop Elements 2023 | SwissSoftware24","_seopress_titles_desc":"Bearbeiten Sie Fotos m\u00fchelos mit Adobe Photoshop Elements 2023. Kreative Tools und einfache Bedienung f\u00fcr Einsteiger. Jetzt bei SwissSoftware24 erh\u00e4ltlich.","_seopress_robots_index":""},"product_brand":[],"product_cat":[82,83,91,97],"product_tag":[],"class_list":{"0":"post-16973","1":"product","2":"type-product","3":"status-publish","4":"has-post-thumbnail","6":"product_cat-video-grafik","7":"product_cat-video-grafik-andere","8":"product_cat-adobe","9":"product_cat-grafik-design","11":"first","12":"outofstock","13":"taxable","14":"shipping-taxable","15":"purchasable","16":"product-type-simple"},"_links":{"self":[{"href":"https:\/\/swisssoftware24.ch\/it\/wp-json\/wp\/v2\/product\/16973","targetHints":{"allow":["GET"]}}],"collection":[{"href":"https:\/\/swisssoftware24.ch\/it\/wp-json\/wp\/v2\/product"}],"about":[{"href":"https:\/\/swisssoftware24.ch\/it\/wp-json\/wp\/v2\/types\/product"}],"wp:featuredmedia":[{"embeddable":true,"href":"https:\/\/swisssoftware24.ch\/it\/wp-json\/wp\/v2\/media\/25687"}],"wp:attachment":[{"href":"https:\/\/swisssoftware24.ch\/it\/wp-json\/wp\/v2\/media?parent=16973"}],"wp:term":[{"taxonomy":"product_brand","embeddable":true,"href":"https:\/\/swisssoftware24.ch\/it\/wp-json\/wp\/v2\/product_brand?post=16973"},{"taxonomy":"product_cat","embeddable":true,"href":"https:\/\/swisssoftware24.ch\/it\/wp-json\/wp\/v2\/product_cat?post=16973"},{"taxonomy":"product_tag","embeddable":true,"href":"https:\/\/swisssoftware24.ch\/it\/wp-json\/wp\/v2\/product_tag?post=16973"}],"curies":[{"name":"wp","href":"https:\/\/api.w.org\/{rel}","templated":true}]}}