{"id":17840,"date":"2023-07-03T13:07:55","date_gmt":"2023-07-03T11:07:55","guid":{"rendered":"https:\/\/swisssoftware24.ch\/?post_type=product&#038;p=17840"},"modified":"2025-11-29T23:56:54","modified_gmt":"2025-11-29T22:56:54","slug":"abelssoft-hackcheck","status":"publish","type":"product","link":"https:\/\/swisssoftware24.ch\/it\/products\/abelssoft-hackcheck\/","title":{"rendered":"Abelssoft HackCheck"},"content":{"rendered":"<h1>Abelssoft HackCheck \u2013 funzionalit\u00e0 principali<\/h1>\n<ol>\n<li class=\"translation-block\">Controllo dei programmi installati e dei loro aggiornamenti<\/li>\n<li>Scansione del sistema per minacce alla sicurezza<\/li>\n<li>Allarme per attivit\u00e0 sospette<\/li>\n<li>Protezione contro il furto di password<\/li>\n<li><strong>Notifiche per violazioni dei dati<\/strong><\/li>\n<\/ol>\n<h2>Abelssoft HackCheck \u2013 descrizione dettagliata del prodotto<\/h2>\n<p>Dopo l'installazione, Abelssoft HackCheck ti chieder\u00e0 di inserire le tue credenziali di accesso per monitorare automaticamente la rete alla ricerca di violazioni dei dati. Controlla se i tuoi dati sono stati pubblicati senza il tuo consenso.<\/p>\n<p>Nel caso in cui venga rilevata una violazione, il programma ti avviser\u00e0 immediatamente e ti consiglier\u00e0 di cambiare la password. Inoltre, offre la possibilit\u00e0 di verificare se il tuo indirizzo e-mail \u00e8 stato preso di mira da attacchi di phishing. In questo modo, <strong>Abelssoft HackCheck<\/strong> diventa uno strumento indispensabile per mantenere i tuoi dati al sicuro e proteggerti dal furto di identit\u00e0 e dalle frodi online.<\/p>\n<p class=\"translation-block\">Oltre al monitoraggio delle violazioni, il software analizza il tuo sistema alla ricerca di applicazioni installate e verifica che siano aggiornate. Questo \u00e8 fondamentale, poich\u00e9 gli aggiornamenti spesso includono miglioramenti alla sicurezza.<\/p>\n<p>Il programma non si limita al monitoraggio: esegue anche una scansione del sistema per individuare potenziali minacce come virus o malware. Lavora in background senza interferire con le tue attivit\u00e0 e, al termine della scansione, fornisce rapporti dettagliati sulle minacce rilevate e sulle azioni consigliate.<\/p>\n<p><strong>Abelssoft HackCheck<\/strong> non solo segnala violazioni dei dati, ma avvisa anche di attivit\u00e0 sospette e supporta la prevenzione di attacchi alle password. Grazie alla sua interfaccia intuitiva, \u00e8 facile da usare anche per chi non ha conoscenze approfondite di sicurezza informatica.<\/p>\n<h3>Abelssoft HackCheck \u2013 sistemi operativi compatibili<\/h3>\n<p>Windows\u00a011, Windows\u00a010, Windows\u00a08.1, Windows\u00a08, Windows\u00a07<\/p>","protected":false},"excerpt":{"rendered":"<p class=\"translation-block\">Abelssoft HackCheck \u00e8 lo strumento definitivo per massimizzare la sicurezza online. Controlla regolarmente, ogni quattro ore, la sicurezza dei tuoi dati personali, identifica eventuali violazioni e verifica se le tue credenziali di accesso sono state compromesse.<\/p>\n<p class=\"translation-block\">Acquistando questo prodotto, ottieni una licenza a vita sotto forma di chiave elettronica, che ti consente di utilizzare lo strumento per il monitoraggio delle violazioni dei dati. Questa versione \u00e8 progettata specificamente per i sistemi operativi Windows e supporta ben 14 lingue diverse.<\/p>\n<p><strong>Spedizione: In 5 minuti via email<\/strong><\/p>","protected":false},"featured_media":25556,"template":"","meta":{"_seopress_robots_primary_cat":"none","_seopress_titles_title":"Abelssoft HackCheck | Schutz | SwissSoftware24","_seopress_titles_desc":"Sch\u00fctzen Sie Ihre Online-Konten mit Abelssoft HackCheck. \u00dcberwachen Sie Ihre E-Mail-Adressen auf Datenlecks. Jetzt bei SwissSoftware24 erh\u00e4ltlich.","_seopress_robots_index":""},"product_brand":[],"product_cat":[63,93],"product_tag":[],"class_list":{"0":"post-17840","1":"product","2":"type-product","3":"status-publish","4":"has-post-thumbnail","6":"product_cat-antivirus-security","7":"product_cat-antivirus","9":"first","10":"outofstock","11":"virtual","12":"taxable","13":"purchasable","14":"product-type-simple"},"_links":{"self":[{"href":"https:\/\/swisssoftware24.ch\/it\/wp-json\/wp\/v2\/product\/17840","targetHints":{"allow":["GET"]}}],"collection":[{"href":"https:\/\/swisssoftware24.ch\/it\/wp-json\/wp\/v2\/product"}],"about":[{"href":"https:\/\/swisssoftware24.ch\/it\/wp-json\/wp\/v2\/types\/product"}],"wp:featuredmedia":[{"embeddable":true,"href":"https:\/\/swisssoftware24.ch\/it\/wp-json\/wp\/v2\/media\/25556"}],"wp:attachment":[{"href":"https:\/\/swisssoftware24.ch\/it\/wp-json\/wp\/v2\/media?parent=17840"}],"wp:term":[{"taxonomy":"product_brand","embeddable":true,"href":"https:\/\/swisssoftware24.ch\/it\/wp-json\/wp\/v2\/product_brand?post=17840"},{"taxonomy":"product_cat","embeddable":true,"href":"https:\/\/swisssoftware24.ch\/it\/wp-json\/wp\/v2\/product_cat?post=17840"},{"taxonomy":"product_tag","embeddable":true,"href":"https:\/\/swisssoftware24.ch\/it\/wp-json\/wp\/v2\/product_tag?post=17840"}],"curies":[{"name":"wp","href":"https:\/\/api.w.org\/{rel}","templated":true}]}}