{"id":17860,"date":"2023-07-04T07:15:11","date_gmt":"2023-07-04T05:15:11","guid":{"rendered":"https:\/\/swisssoftware24.ch\/?post_type=product&#038;p=17860"},"modified":"2025-11-29T23:56:54","modified_gmt":"2025-11-29T22:56:54","slug":"abelssoft-antibrowserspy","status":"publish","type":"product","link":"https:\/\/swisssoftware24.ch\/it\/products\/abelssoft-antibrowserspy\/","title":{"rendered":"Abelssoft AntiBrowserSpy"},"content":{"rendered":"<h1>Abelssoft AntiBrowserSpy \u2013 funzionalit\u00e0 principali<\/h1>\n<ol>\n<li class=\"translation-block\">Eliminazione automatica di cookie e cronologia del browser alla chiusura del browser, per proteggerti dal tracciamento.<\/li>\n<li class=\"translation-block\">Protezione della privacy online attraverso il blocco del browser-tracking.<\/li>\n<li class=\"translation-block\">Rimozione dei dati di tracciamento e prevenzione della raccolta di dati da parte delle reti pubblicitarie.<\/li>\n<li>Ripristino delle impostazioni del browser tramite copie di backup.<\/li>\n<\/ol>\n<h2>Abelssoft AntiBrowserSpy \u2013 descrizione dettagliata del prodotto<\/h2>\n<p class=\"translation-block\">Abelssoft AntiBrowserSpy \u00e8 apprezzato da molti utenti grazie alle sue misure efficaci contro una vasta gamma di minacce online. Il software rende facile eliminare automaticamente cookie e cronologia di navigazione da vari browser subito dopo la loro chiusura.<\/p>\n<p>Grazie alle sue regolazioni continue delle tracce digitali, il tool rende estremamente difficile per terze parti identificare la tua identit\u00e0 online. Inoltre, blocca gli annunci pubblicitari che potrebbero raccogliere informazioni sugli utenti, semplificando cos\u00ec la <strong>Protezione della privacy online<\/strong> e riducendo al minimo il tracciamento effettuato da siti web e pubblicit\u00e0.<\/p>\n<p class=\"translation-block\">Il software \u00e8 compatibile con i browser pi\u00f9 diffusi, come Google Chrome, Mozilla Firefox, Microsoft Edge e Safari, e offre funzionalit\u00e0 ottimizzate per ciascuno di essi. Questa compatibilit\u00e0 ti consente di proteggere la tua privacy su diversi browser utilizzando un unico strumento.<\/p>\n<p class=\"translation-block\">Gli aggiornamenti automatici garantiscono che il programma sia sempre aggiornato con le ultime novit\u00e0 in termini di sicurezza. Inoltre, Abelssoft AntiBrowserSpy disabilita le funzionalit\u00e0 che trasmettono informazioni ai server dei produttori di browser, proteggendo cos\u00ec i tuoi dati personali dall\u2019essere venduti a grandi aziende.<\/p>\n<h3>Abelssoft AntiBrowserSpy \u2013 sistemi operativi compatibili<\/h3>\n<p>Windows\u00a011, Windows\u00a010, Windows\u00a08.1, Windows\u00a08, Windows\u00a07<\/p>","protected":false},"excerpt":{"rendered":"<p class=\"translation-block\">Proteggi la tua privacy online con Abelssoft AntiBrowserSpy, un avanzato strumento anti-spyware progettato specificamente per rilevare, rimuovere e prevenire minacce future legate allo spyware. Bloccando efficacemente il tracciamento online, il software garantisce la sicurezza delle tue attivit\u00e0 su Internet, impedendo che vengano monitorate.<\/p>\n<p class=\"translation-block\">Acquistando questo prodotto, otterrai una licenza a vita sotto forma di chiave elettronica, che consente a un utente di utilizzare questo potente strumento di protezione della privacy online. Il software, sviluppato per i sistemi operativi Windows, \u00e8 multilingue per soddisfare le esigenze di una vasta gamma di utenti.<\/p>\n<p><strong>Spedizione: In 5 minuti via email<\/strong><\/p>","protected":false},"featured_media":25545,"template":"","meta":{"_seopress_robots_primary_cat":"none","_seopress_titles_title":"Abelssoft AntiBrowserSpy | Datenschutz online | SwissSoftware24","_seopress_titles_desc":"Abelssoft AntiBrowserSpy: Sch\u00fctzen Sie sich vor Online-Tracking und Spionage. Sicher und einfach zu bedienen. Jetzt bei SwissSoftware24 erh\u00e4ltlich.","_seopress_robots_index":""},"product_brand":[],"product_cat":[93,63],"product_tag":[],"class_list":{"0":"post-17860","1":"product","2":"type-product","3":"status-publish","4":"has-post-thumbnail","6":"product_cat-antivirus","7":"product_cat-antivirus-security","9":"first","10":"outofstock","11":"virtual","12":"taxable","13":"purchasable","14":"product-type-simple"},"_links":{"self":[{"href":"https:\/\/swisssoftware24.ch\/it\/wp-json\/wp\/v2\/product\/17860","targetHints":{"allow":["GET"]}}],"collection":[{"href":"https:\/\/swisssoftware24.ch\/it\/wp-json\/wp\/v2\/product"}],"about":[{"href":"https:\/\/swisssoftware24.ch\/it\/wp-json\/wp\/v2\/types\/product"}],"wp:featuredmedia":[{"embeddable":true,"href":"https:\/\/swisssoftware24.ch\/it\/wp-json\/wp\/v2\/media\/25545"}],"wp:attachment":[{"href":"https:\/\/swisssoftware24.ch\/it\/wp-json\/wp\/v2\/media?parent=17860"}],"wp:term":[{"taxonomy":"product_brand","embeddable":true,"href":"https:\/\/swisssoftware24.ch\/it\/wp-json\/wp\/v2\/product_brand?post=17860"},{"taxonomy":"product_cat","embeddable":true,"href":"https:\/\/swisssoftware24.ch\/it\/wp-json\/wp\/v2\/product_cat?post=17860"},{"taxonomy":"product_tag","embeddable":true,"href":"https:\/\/swisssoftware24.ch\/it\/wp-json\/wp\/v2\/product_tag?post=17860"}],"curies":[{"name":"wp","href":"https:\/\/api.w.org\/{rel}","templated":true}]}}