{"id":17862,"date":"2023-07-04T07:20:27","date_gmt":"2023-07-04T05:20:27","guid":{"rendered":"https:\/\/swisssoftware24.ch\/?post_type=product&#038;p=17862"},"modified":"2025-11-29T23:56:54","modified_gmt":"2025-11-29T22:56:54","slug":"abelssoft-antiransomware","status":"publish","type":"product","link":"https:\/\/swisssoftware24.ch\/it\/products\/abelssoft-antiransomware\/","title":{"rendered":"Abelssoft AntiRansomware"},"content":{"rendered":"<h1>Abelssoft AntiRansomware \u2013 funzionalit\u00e0 principali<\/h1>\n<ol>\n<li class=\"translation-block\">Misure di sicurezza preventive contro la crittografia dei file grazie alla protezione in tempo reale.<\/li>\n<li>Blocco di processi e applicazioni sospette per una protezione proattiva.<\/li>\n<li class=\"translation-block\">Backup automatico dei file per ripristinare i dati in seguito a un attacco ransomware.<\/li>\n<li>Analisi avanzata e scansioni personalizzabili per una sicurezza completa.<\/li>\n<\/ol>\n<h2>Abelssoft AntiRansomware \u2013 descrizione dettagliata del prodotto<\/h2>\n<p><strong>Abelssoft AntiRansomware<\/strong> utilizza tecnologie avanzate per difendere il tuo sistema da una vasta gamma di ransomware, che tentano di compromettere i tuoi dati tramite tecniche di crittografia sofisticate, phishing o spam. Questo programma garantisce che la tua sicurezza digitale sia sempre al massimo livello, senza creare conflitti con eventuali soluzioni antivirus gi\u00e0 installate.<\/p>\n<p>In caso di minaccia, il software blocca immediatamente i processi sospetti e offre una protezione in tempo reale, monitorando costantemente il sistema e intervenendo in caso di attivit\u00e0 potenzialmente dannose. Inoltre, permette un ripristino sicuro del sistema, riportandolo a uno stato protetto e funzionante.<\/p>\n<p>La sua interfaccia utente intuitiva, combinata con la possibilit\u00e0 di personalizzare le aree di protezione, offre una soluzione flessibile e mirata. <strong>Abelssoft AntiRansomware<\/strong> \u00e8 ideale per proteggere documenti, foto e video preziosi da eventuali attacchi informatici.<\/p>\n<h3>Abelssoft AntiRansomware \u2013 sistemi operativi compatibili<\/h3>\n<p>Windows\u00a011, Windows\u00a010, Windows\u00a08.1, Windows\u00a08, Windows\u00a07<\/p>","protected":false},"excerpt":{"rendered":"<div class=\"flex-shrink-0 flex flex-col relative items-end\">\n<div>\n<div class=\"pt-0.5\">\n<div class=\"gizmo-shadow-stroke flex h-6 w-6 items-center justify-center overflow-hidden rounded-full\">\n<div class=\"h-6 w-6\"><\/div>\n<\/div>\n<\/div>\n<\/div>\n<\/div>\n<div class=\"relative flex w-full flex-col agent-turn\">\n<div class=\"font-semibold select-none translation-block\">Abelssoft AntiRansomware offre una protezione robusta contro i ransomware, salvaguardando i tuoi file dalla crittografia e bloccando gli attacchi dannosi che potrebbero impedirti l'accesso ai tuoi dati, richiedendo un riscatto.<\/div>\n<div class=\"flex-col gap-1 md:gap-3\">\n<div class=\"flex flex-grow flex-col max-w-full\">\n<div class=\"min-h-[20px] text-message flex flex-col items-start gap-3 whitespace-pre-wrap break-words [.text-message+&amp;]:mt-5 overflow-x-auto\" data-message-author-role=\"assistant\" data-message-id=\"5f8f96e5-1d3b-4563-a32b-bc433ede0290\">\n<div class=\"markdown prose w-full break-words dark:prose-invert dark\">\n<p>Acquistando questo prodotto, otterrai una licenza a vita sotto forma di chiave elettronica, che consente l'utilizzo di questo potente strumento di protezione su sistemi operativi Windows. Il software \u00e8 progettato in pi\u00f9 lingue per garantire una vasta accessibilit\u00e0 agli utenti.<\/p>\n<\/div>\n<\/div>\n<\/div>\n<\/div>\n<\/div>\n<p><strong>Spedizione: In 5 minuti via email<\/strong><\/p>","protected":false},"featured_media":25546,"template":"","meta":{"_seopress_robots_primary_cat":"none","_seopress_titles_title":"Abelssoft AntiRansomware | Schutz | SwissSoftware24","_seopress_titles_desc":"Abelssoft AntiRansomware sch\u00fctzt Ihren PC vor Erpressungssoftware. Erkennen und verhindern Sie Angriffe. Jetzt erh\u00e4ltlich bei SwissSoftware24.","_seopress_robots_index":""},"product_brand":[],"product_cat":[63,93],"product_tag":[],"class_list":{"0":"post-17862","1":"product","2":"type-product","3":"status-publish","4":"has-post-thumbnail","6":"product_cat-antivirus-security","7":"product_cat-antivirus","9":"first","10":"outofstock","11":"virtual","12":"taxable","13":"purchasable","14":"product-type-simple"},"_links":{"self":[{"href":"https:\/\/swisssoftware24.ch\/it\/wp-json\/wp\/v2\/product\/17862","targetHints":{"allow":["GET"]}}],"collection":[{"href":"https:\/\/swisssoftware24.ch\/it\/wp-json\/wp\/v2\/product"}],"about":[{"href":"https:\/\/swisssoftware24.ch\/it\/wp-json\/wp\/v2\/types\/product"}],"wp:featuredmedia":[{"embeddable":true,"href":"https:\/\/swisssoftware24.ch\/it\/wp-json\/wp\/v2\/media\/25546"}],"wp:attachment":[{"href":"https:\/\/swisssoftware24.ch\/it\/wp-json\/wp\/v2\/media?parent=17862"}],"wp:term":[{"taxonomy":"product_brand","embeddable":true,"href":"https:\/\/swisssoftware24.ch\/it\/wp-json\/wp\/v2\/product_brand?post=17862"},{"taxonomy":"product_cat","embeddable":true,"href":"https:\/\/swisssoftware24.ch\/it\/wp-json\/wp\/v2\/product_cat?post=17862"},{"taxonomy":"product_tag","embeddable":true,"href":"https:\/\/swisssoftware24.ch\/it\/wp-json\/wp\/v2\/product_tag?post=17862"}],"curies":[{"name":"wp","href":"https:\/\/api.w.org\/{rel}","templated":true}]}}