{"id":17865,"date":"2023-07-04T07:23:27","date_gmt":"2023-07-04T05:23:27","guid":{"rendered":"https:\/\/swisssoftware24.ch\/?post_type=product&#038;p=17865"},"modified":"2025-11-29T23:56:54","modified_gmt":"2025-11-29T22:56:54","slug":"abelssoft-cleverprint","status":"publish","type":"product","link":"https:\/\/swisssoftware24.ch\/it\/products\/abelssoft-cleverprint\/","title":{"rendered":"Abelssoft CleverPrint"},"content":{"rendered":"<p data-start=\"95\" data-end=\"415\">Abelssoft CleverPrint offre una soluzione intelligente per ottimizzare i processi di stampa, aiutando a risparmiare carta, inchiostro e costi. Consentendo di stampare pi\u00f9 pagine su un singolo foglio, il consumo di carta \u00e8 notevolmente ridotto senza compromettere la leggibilit\u00e0.<\/p>\n<p data-start=\"417\" data-end=\"736\">Grazie all'anteprima di stampa integrata, gli utenti possono rivedere e regolare i documenti prima della stampa per evitare errori e ridurre le stampe inutili. Inoltre, il software consente di salvare i documenti in formato PDF, che \u00e8 un'alternativa ecologica alla stampa fisica.<\/p>\n<p data-start=\"738\" data-end=\"1005\" data-is-last-node=\"\" data-is-only-node=\"\">La facile integrazione con tutte le applicazioni comuni rende Abelssoft CleverPrint uno strumento versatile per uffici e utenti domestici. Chi desidera ridurre i costi di stampa e lavorare in modo pi\u00f9 sostenibile trover\u00e0 una soluzione efficiente in questo software.<\/p>\n<p data-start=\"738\" data-end=\"1005\" data-is-last-node=\"\" data-is-only-node=\"\"><strong>Puoi trovare maggiori informazioni su questo prodotto\u00a0<a href=\"https:\/\/swisssoftware24.ch\/it\/abelssoft-cleverprint-effiziente-druckverwaltung-fuer-weniger-kosten-und-mehr-nachhaltigkeit\/\">qui<\/a>.<\/strong><\/p>\n<h3>Abelssoft CleverPrint \u2013 sistemi operativi compatibili<\/h3>\n<p>Windows\u00a011, Windows\u00a010, Windows\u00a08.1, Windows\u00a08, Windows\u00a07<\/p>","protected":false},"excerpt":{"rendered":"<p class=\"translation-block\">Abelssoft CleverPrint ottimizza il processo di stampa, aiuta a ridurre i costi di stampa e promuove un uso efficiente delle risorse come carta e inchiostro, senza compromettere la qualit\u00e0 delle stampe. Grazie a funzioni intelligenti, secondo il produttore, \u00e8 possibile risparmiare fino al 50% sui costi di stampa.<\/p>\n<p class=\"translation-block\">Acquistando questo prodotto, riceverai una licenza annuale sotto forma di chiave elettronica, che consente a un utente di utilizzare questo avanzato strumento di ottimizzazione della stampa su un sistema operativo Windows.<\/p>\n<p><strong>Spedizione: In 5 minuti via email<\/strong><\/p>","protected":false},"featured_media":25547,"template":"","meta":{"_seopress_robots_primary_cat":"none","_seopress_titles_title":"Abelssoft CleverPrint | Drucken & Sparen | SwissSoftware24","_seopress_titles_desc":"Abelssoft CleverPrint: Sparen Sie Tinte und Papier beim Drucken. Optimieren Sie Ihre Druckauftr\u00e4ge einfach und effizient. Jetzt bei SwissSoftware24.","_seopress_robots_index":""},"product_brand":[],"product_cat":[95,65,77],"product_tag":[],"class_list":{"0":"post-17865","1":"product","2":"type-product","3":"status-publish","4":"has-post-thumbnail","6":"product_cat-buro-software","7":"product_cat-fur-unternehmen","8":"product_cat-office-programme","10":"first","11":"outofstock","12":"virtual","13":"taxable","14":"purchasable","15":"product-type-simple"},"_links":{"self":[{"href":"https:\/\/swisssoftware24.ch\/it\/wp-json\/wp\/v2\/product\/17865","targetHints":{"allow":["GET"]}}],"collection":[{"href":"https:\/\/swisssoftware24.ch\/it\/wp-json\/wp\/v2\/product"}],"about":[{"href":"https:\/\/swisssoftware24.ch\/it\/wp-json\/wp\/v2\/types\/product"}],"wp:featuredmedia":[{"embeddable":true,"href":"https:\/\/swisssoftware24.ch\/it\/wp-json\/wp\/v2\/media\/25547"}],"wp:attachment":[{"href":"https:\/\/swisssoftware24.ch\/it\/wp-json\/wp\/v2\/media?parent=17865"}],"wp:term":[{"taxonomy":"product_brand","embeddable":true,"href":"https:\/\/swisssoftware24.ch\/it\/wp-json\/wp\/v2\/product_brand?post=17865"},{"taxonomy":"product_cat","embeddable":true,"href":"https:\/\/swisssoftware24.ch\/it\/wp-json\/wp\/v2\/product_cat?post=17865"},{"taxonomy":"product_tag","embeddable":true,"href":"https:\/\/swisssoftware24.ch\/it\/wp-json\/wp\/v2\/product_tag?post=17865"}],"curies":[{"name":"wp","href":"https:\/\/api.w.org\/{rel}","templated":true}]}}