{"id":17871,"date":"2023-07-04T07:33:31","date_gmt":"2023-07-04T05:33:31","guid":{"rendered":"https:\/\/swisssoftware24.ch\/?post_type=product&#038;p=17871"},"modified":"2025-11-29T23:56:54","modified_gmt":"2025-11-29T22:56:54","slug":"abelssoft-easy-pdf","status":"publish","type":"product","link":"https:\/\/swisssoftware24.ch\/it\/products\/abelssoft-easy-pdf\/","title":{"rendered":"Abelsoft Easy PDF"},"content":{"rendered":"<p class=\"\" data-start=\"109\" data-end=\"460\">Abelssoft Easy PDF \u00e8 un software facile da usare per la gestione completa dei file PDF. Consente di convertire i PDF in formati come Word, Excel, HTML, TXT e JPG, e viceversa \u2013 ideale per lo scambio di dati flessibile. Con pochi clic, il contenuto pu\u00f2 essere convertito comodamente senza perdere la formattazione.<\/p>\n<p class=\"\" data-start=\"462\" data-end=\"825\">Grazie alla protezione con password integrata, i documenti PDF possono essere protetti efficacemente da accessi non autorizzati. Inoltre, il programma offre una variet\u00e0 di funzioni di editing: testi, immagini, font e colori possono essere regolati e personalizzati direttamente nel PDF. Anche l'unione o la divisione dei file \u00e8 rapida e intuitiva.<\/p>\n<p class=\"\" data-start=\"827\" data-end=\"1206\">Abelssoft Easy PDF supporta nove lingue, il che facilita l'uso internazionale. Il software \u00e8 perfetto per gli utenti professionali che lavorano regolarmente con i PDF e colpisce per la connettivit\u00e0 cloud e la possibilit\u00e0 di inserire firme digitali. In questo modo, mantieni sempre il pieno controllo sui tuoi documenti \u2013 in modo semplice, sicuro ed efficiente.<\/p>\n<p data-start=\"827\" data-end=\"1206\"><strong>Puoi trovare maggiori informazioni su questo prodotto\u00a0<a href=\"https:\/\/swisssoftware24.ch\/it\/abelssoft-easy-pdf-ihr-vielseitiges-pdf-werkzeug-fuer-alltag-und-beruf\/\">qui<\/a>.<\/strong><\/p>\n<h3>Abelssoft Easy PDF \u2013 sistemi operativi compatibili<\/h3>\n<p>Windows 11, Windows 10, Windows 8.1, Windows 8, Windows 7<\/p>","protected":false},"excerpt":{"rendered":"<p><strong>Abelsoft Easy PDF<\/strong> \u00e8 la soluzione completa per tutte le esigenze relative ai PDF, dalla conversione all'unione e divisione di documenti, fino alla protezione dei file. Con una licenza annuale attivata tramite una chiave elettronica, questo software offre un'ampia gamma di funzionalit\u00e0 per la gestione e la protezione efficace dei documenti PDF su sistemi operativi Windows.<\/p>\n<p><strong>\u00a0<\/strong><\/p>","protected":false},"featured_media":25550,"template":"","meta":{"_seopress_robots_primary_cat":"none","_seopress_titles_title":"Abelssoft Easy PDF | PDFs bearbeiten | SwissSoftware24","_seopress_titles_desc":"Abelssoft Easy PDF: Erstellen, bearbeiten und konvertieren Sie PDFs m\u00fchelos. Ideal f\u00fcr Ihre Dokumentenverwaltung. Jetzt bei SwissSoftware24 erh\u00e4ltlich.","_seopress_robots_index":""},"product_brand":[],"product_cat":[65,95],"product_tag":[],"class_list":{"0":"post-17871","1":"product","2":"type-product","3":"status-publish","4":"has-post-thumbnail","6":"product_cat-fur-unternehmen","7":"product_cat-buro-software","9":"first","10":"outofstock","11":"virtual","12":"taxable","13":"purchasable","14":"product-type-simple"},"_links":{"self":[{"href":"https:\/\/swisssoftware24.ch\/it\/wp-json\/wp\/v2\/product\/17871","targetHints":{"allow":["GET"]}}],"collection":[{"href":"https:\/\/swisssoftware24.ch\/it\/wp-json\/wp\/v2\/product"}],"about":[{"href":"https:\/\/swisssoftware24.ch\/it\/wp-json\/wp\/v2\/types\/product"}],"wp:featuredmedia":[{"embeddable":true,"href":"https:\/\/swisssoftware24.ch\/it\/wp-json\/wp\/v2\/media\/25550"}],"wp:attachment":[{"href":"https:\/\/swisssoftware24.ch\/it\/wp-json\/wp\/v2\/media?parent=17871"}],"wp:term":[{"taxonomy":"product_brand","embeddable":true,"href":"https:\/\/swisssoftware24.ch\/it\/wp-json\/wp\/v2\/product_brand?post=17871"},{"taxonomy":"product_cat","embeddable":true,"href":"https:\/\/swisssoftware24.ch\/it\/wp-json\/wp\/v2\/product_cat?post=17871"},{"taxonomy":"product_tag","embeddable":true,"href":"https:\/\/swisssoftware24.ch\/it\/wp-json\/wp\/v2\/product_tag?post=17871"}],"curies":[{"name":"wp","href":"https:\/\/api.w.org\/{rel}","templated":true}]}}