{"id":17877,"date":"2023-07-04T07:50:51","date_gmt":"2023-07-04T05:50:51","guid":{"rendered":"https:\/\/swisssoftware24.ch\/?post_type=product&#038;p=17877"},"modified":"2025-11-29T23:56:54","modified_gmt":"2025-11-29T22:56:54","slug":"abelssoft-filefusion","status":"publish","type":"product","link":"https:\/\/swisssoftware24.ch\/it\/products\/abelssoft-filefusion\/","title":{"rendered":"Abelssoft FileFusion"},"content":{"rendered":"<p class=\"\" data-start=\"321\" data-end=\"682\">Abelssoft FileFusion \u00e8 la soluzione ideale per chiunque desideri liberare spazio di archiviazione e organizzare i propri file in modo efficiente. Utilizzando algoritmi intelligenti, il programma identifica file duplicati e simili che occupano spazio inutilmente. La modalit\u00e0 di anteprima dei file integrata assicura che tu elimini solo ci\u00f2 di cui non hai pi\u00f9 bisogno.<\/p>\n<p class=\"\" data-start=\"684\" data-end=\"1038\">Il software offre numerose opzioni di configurazione per il processo di eliminazione. Gli utenti possono scansionare tipi di file specifici, impostare i propri criteri di confronto e decidere se eliminare i file direttamente o archiviarli prima. Le copie di sicurezza vengono create prima di ogni azione per prevenire la perdita di dati importanti.<\/p>\n<p class=\"\" data-start=\"1040\" data-end=\"1369\">Un vantaggio significativo \u00e8 la possibilit\u00e0 di selezionare cartelle specifiche per la scansione, il che accelera notevolmente il processo. L'interfaccia user-friendly \u00e8 adatta anche agli utenti meno esperti di tecnologia. FileFusion protegge anche dall'eliminazione accidentale di file di sistema, garantendo cos\u00ec un funzionamento sicuro.<\/p>\n<p data-start=\"1040\" data-end=\"1369\"><strong>Puoi trovare maggiori informazioni su questo prodotto\u00a0<a href=\"https:\/\/swisssoftware24.ch\/it\/abelssoft-filefusion-intelligentes-festplatten-cleanup-fuer-mehr-speicherplatz\/\">qui<\/a>.<\/strong><\/p>\n<h3>Abelssoft FileFusion \u2013 sistemi operativi compatibili<\/h3>\n<p>Windows 11, Windows 10, Windows 8.1, Windows 8, Windows 7<\/p>","protected":false},"excerpt":{"rendered":"<div class=\"flex-shrink-0 flex flex-col relative items-end\">\n<div>\n<div class=\"pt-0.5\">\n<div class=\"gizmo-shadow-stroke flex h-6 w-6 items-center justify-center overflow-hidden rounded-full\">\n<div class=\"h-6 w-6\">\n<div class=\"gizmo-shadow-stroke overflow-hidden rounded-full translation-block\">Abelssoft FileFusion \u00e8 stato appositamente progettato per aiutarvi a migliorare l'efficienza del vostro disco rigido. Elimina in modo efficace i file duplicati, ottimizza l'organizzazione del disco e aumenta lo spazio disponibile sul vostro computer.<\/div>\n<\/div>\n<\/div>\n<\/div>\n<\/div>\n<\/div>\n<div class=\"relative flex w-full flex-col agent-turn\">\n<div class=\"flex-col gap-1 md:gap-3\">\n<div class=\"flex flex-grow flex-col max-w-full\">\n<div class=\"min-h-[20px] text-message flex flex-col items-start gap-3 whitespace-pre-wrap break-words [.text-message+&amp;]:mt-5 overflow-x-auto\" data-message-author-role=\"assistant\" data-message-id=\"fe6ff1da-4f26-4298-ba98-f4093f2d74b9\">\n<div class=\"result-streaming markdown prose w-full break-words dark:prose-invert light\">\n<p class=\"translation-block\">Con l'acquisto di questo programma per la ricerca dei duplicati, riceverete una licenza via e-mail che vi garantir\u00e0 l'accesso a una chiave digitale. Questa licenza consente di utilizzare lo strumento per un intero anno ed \u00e8 ideale per i computer con sistemi operativi Windows.<\/p>\n<\/div>\n<\/div>\n<\/div>\n<\/div>\n<\/div>\n<p><strong>Spedizione: In 5 minuti via email<\/strong><\/p>","protected":false},"featured_media":25555,"template":"","meta":{"_seopress_robots_primary_cat":"none","_seopress_titles_title":"Abelssoft FileFusion | Datenfusion | SwissSoftware24","_seopress_titles_desc":"Abelssoft FileFusion: Sparen Sie Speicherplatz durch das Finden und Zusammenf\u00fchren doppelter Dateien. Jetzt bei SwissSoftware24 erh\u00e4ltlich.","_seopress_robots_index":""},"product_brand":[],"product_cat":[95,77],"product_tag":[],"class_list":{"0":"post-17877","1":"product","2":"type-product","3":"status-publish","4":"has-post-thumbnail","6":"product_cat-buro-software","7":"product_cat-office-programme","9":"first","10":"outofstock","11":"virtual","12":"taxable","13":"purchasable","14":"product-type-simple"},"_links":{"self":[{"href":"https:\/\/swisssoftware24.ch\/it\/wp-json\/wp\/v2\/product\/17877","targetHints":{"allow":["GET"]}}],"collection":[{"href":"https:\/\/swisssoftware24.ch\/it\/wp-json\/wp\/v2\/product"}],"about":[{"href":"https:\/\/swisssoftware24.ch\/it\/wp-json\/wp\/v2\/types\/product"}],"wp:featuredmedia":[{"embeddable":true,"href":"https:\/\/swisssoftware24.ch\/it\/wp-json\/wp\/v2\/media\/25555"}],"wp:attachment":[{"href":"https:\/\/swisssoftware24.ch\/it\/wp-json\/wp\/v2\/media?parent=17877"}],"wp:term":[{"taxonomy":"product_brand","embeddable":true,"href":"https:\/\/swisssoftware24.ch\/it\/wp-json\/wp\/v2\/product_brand?post=17877"},{"taxonomy":"product_cat","embeddable":true,"href":"https:\/\/swisssoftware24.ch\/it\/wp-json\/wp\/v2\/product_cat?post=17877"},{"taxonomy":"product_tag","embeddable":true,"href":"https:\/\/swisssoftware24.ch\/it\/wp-json\/wp\/v2\/product_tag?post=17877"}],"curies":[{"name":"wp","href":"https:\/\/api.w.org\/{rel}","templated":true}]}}