{"id":17895,"date":"2023-07-04T08:46:27","date_gmt":"2023-07-04T06:46:27","guid":{"rendered":"https:\/\/swisssoftware24.ch\/?post_type=product&#038;p=17895"},"modified":"2025-11-29T23:56:54","modified_gmt":"2025-11-29T22:56:54","slug":"abelssoft-washandgo","status":"publish","type":"product","link":"https:\/\/swisssoftware24.ch\/it\/products\/abelssoft-washandgo\/","title":{"rendered":"Abelssoft WashAndGo"},"content":{"rendered":"<h1>Abelssoft WashAndGo \u2013 funzionalit\u00e0 principali<\/h1>\n<ol>\n<li class=\"translation-block\">Rimozione efficace di file e dati inutili.<\/li>\n<li>Protezione della privacy tramite pulizia dei dati del browser.<\/li>\n<li>Pulizia del sistema veloce e sicura.<\/li>\n<li>Ricerca ed eliminazione di file duplicati.<\/li>\n<\/ol>\n<h2>Abelssoft WashAndGo \u2013 descrizione dettagliata del prodotto<\/h2>\n<p class=\"translation-block\">Abelssoft WashAndGo si distingue per la sua capacit\u00e0 di rimuovere rapidamente e in sicurezza dati superflui, affermandosi come uno dei programmi leader nell'ottimizzazione del PC. Offre una vasta gamma di funzioni che consentono una pulizia approfondita ed efficace del tuo computer.<\/p>\n<p class=\"translation-block\">Il programma non solo si occupa della pulizia del sistema, ma contribuisce anche alla protezione della privacy online eliminando cronologie di navigazione, cookie e file temporanei. Grazie a diversi livelli di intensit\u00e0 di pulizia, si adatta alle tue esigenze e ottimizza il PC automaticamente seguendo un programma personalizzato.<\/p>\n<p class=\"translation-block\">WashAndGo \u00e8 in grado di trovare fino a otto volte pi\u00f9 dati inutili rispetto ad altri programmi di pulizia simili, liberando cos\u00ec spazio prezioso sul disco e migliorando significativamente le prestazioni del sistema. Inoltre, supporta la pulizia del registro di sistema e garantisce la protezione dei file riservati tramite una cancellazione sicura.<\/p>\n<p>Prima di eseguire i processi di pulizia pi\u00f9 importanti, il programma crea automaticamente una copia di backup per prevenire eventuali perdite di dati, rendendo WashAndGo uno strumento indispensabile per ogni utente di PC. Rimuovendo regolarmente i file superflui, il tuo sistema rimarr\u00e0 sempre in condizioni ottimali e altamente performante.<\/p>\n<h3>Abelssoft WashAndGo \u2013 sistemi operativi compatibili<\/h3>\n<p>Windows\u00a011, Windows\u00a010, Windows\u00a08.1, Windows\u00a08, Windows\u00a07<\/p>","protected":false},"excerpt":{"rendered":"<p class=\"translation-block\">Abelssoft WashAndGo \u00e8 lo strumento definitivo per la pulizia del computer, progettato per ottimizzare le prestazioni del tuo PC. Libera spazio sul disco rimuovendo dati inutili, elimina i duplicati e protegge la tua privacy attraverso la pulizia dei dati del browser.<\/p>\n<p class=\"translation-block\">Con l'acquisto di questo prodotto, riceverai una licenza a vita sotto forma di chiave elettronica, che ti consente di utilizzare questo efficace strumento di ottimizzazione sui sistemi Windows. Il software \u00e8 disponibile in cinque lingue.<\/p>\n<p><strong>SPEDIZIONE IN 1 GIORNO LAVORATIVO VIA EMAIL<\/strong><\/p>","protected":false},"featured_media":25564,"template":"","meta":{"_seopress_robots_primary_cat":"none","_seopress_titles_title":"Abelssoft WashAndGo | PC-Cleaner | SwissSoftware24","_seopress_titles_desc":"Reinigen Sie Ihren PC von unn\u00f6tigen Dateien mit Abelssoft WashAndGo. Erh\u00f6hen Sie die Leistung und sparen Sie Speicherplatz. Jetzt bei SwissSoftware24.","_seopress_robots_index":""},"product_brand":[],"product_cat":[99,83],"product_tag":[],"class_list":{"0":"post-17895","1":"product","2":"type-product","3":"status-publish","4":"has-post-thumbnail","6":"product_cat-pc-tuning","7":"product_cat-video-grafik-andere","9":"first","10":"outofstock","11":"virtual","12":"taxable","13":"purchasable","14":"product-type-simple"},"_links":{"self":[{"href":"https:\/\/swisssoftware24.ch\/it\/wp-json\/wp\/v2\/product\/17895","targetHints":{"allow":["GET"]}}],"collection":[{"href":"https:\/\/swisssoftware24.ch\/it\/wp-json\/wp\/v2\/product"}],"about":[{"href":"https:\/\/swisssoftware24.ch\/it\/wp-json\/wp\/v2\/types\/product"}],"wp:featuredmedia":[{"embeddable":true,"href":"https:\/\/swisssoftware24.ch\/it\/wp-json\/wp\/v2\/media\/25564"}],"wp:attachment":[{"href":"https:\/\/swisssoftware24.ch\/it\/wp-json\/wp\/v2\/media?parent=17895"}],"wp:term":[{"taxonomy":"product_brand","embeddable":true,"href":"https:\/\/swisssoftware24.ch\/it\/wp-json\/wp\/v2\/product_brand?post=17895"},{"taxonomy":"product_cat","embeddable":true,"href":"https:\/\/swisssoftware24.ch\/it\/wp-json\/wp\/v2\/product_cat?post=17895"},{"taxonomy":"product_tag","embeddable":true,"href":"https:\/\/swisssoftware24.ch\/it\/wp-json\/wp\/v2\/product_tag?post=17895"}],"curies":[{"name":"wp","href":"https:\/\/api.w.org\/{rel}","templated":true}]}}