{"id":18296,"date":"2023-02-25T15:42:53","date_gmt":"2023-02-25T14:42:53","guid":{"rendered":"https:\/\/swisssoftware24.ch\/?post_type=product&#038;p=18296"},"modified":"2026-04-06T15:24:06","modified_gmt":"2026-04-06T13:24:06","slug":"microsoft-365-family-multilingual","status":"publish","type":"product","link":"https:\/\/swisssoftware24.ch\/it\/products\/microsoft-365-family-multilingual\/","title":{"rendered":"Microsoft 365 Family"},"content":{"rendered":"<p>Riceverai questo prodotto comodamente via email. L'email conterr\u00e0 il codice Product Key, un link per il download e una fattura conforme all'IVA. Vendiamo solo prodotti originali e offriamo una garanzia di 2 anni. Saremo lieti di assisterti anche nell'installazione.<\/p>\n<h2><a href=\"https:\/\/swisssoftware24.ch\/it\/products\/office-2024-standard-5-user\/\"><strong>Achtung: Als preisg\u00fcnstige Alternative bieten wir <\/strong><strong>Office 2024 Standard f\u00fcr 5 Benutzer<\/strong><strong> an. Keine J\u00e4hrliche kosten f\u00fcr nur 59.\u2013 Franken. Klicke hier!<\/strong><\/a><\/h2>\n<p>&nbsp;<\/p>\n<p><img loading=\"lazy\" decoding=\"async\" class=\"aligncenter wp-image-13484 size-full\" src=\"https:\/\/swisssoftware24.ch\/wp-content\/uploads\/2023\/02\/auf_the_nutzer.jpg\" alt=\"\" width=\"1200\" height=\"100\" srcset=\"https:\/\/swisssoftware24.ch\/wp-content\/uploads\/2023\/02\/auf_the_nutzer.jpg 1200w, https:\/\/swisssoftware24.ch\/wp-content\/uploads\/2023\/02\/auf_the_nutzer-600x50.jpg 600w, https:\/\/swisssoftware24.ch\/wp-content\/uploads\/2023\/02\/auf_the_nutzer-64x5.jpg 64w, https:\/\/swisssoftware24.ch\/wp-content\/uploads\/2023\/02\/auf_the_nutzer-300x25.jpg 300w, https:\/\/swisssoftware24.ch\/wp-content\/uploads\/2023\/02\/auf_the_nutzer-1024x85.jpg 1024w, https:\/\/swisssoftware24.ch\/wp-content\/uploads\/2023\/02\/auf_the_nutzer-768x64.jpg 768w\" sizes=\"auto, (max-width: 1200px) 100vw, 1200px\" \/><\/p>\n<p data-sourcepos=\"3:1-3:344\">Microsoft 365 Family \u00e8 la soluzione ideale per le famiglie moderne che apprezzano comfort, efficienza e sicurezza. Con questo pacchetto, la tua famiglia avr\u00e0 accesso alle ultime versioni delle popolari applicazioni Microsoft Office come Word, Excel, PowerPoint e Outlook. Tutto ci\u00f2 di cui hai bisogno per lavorare, studiare e realizzare progetti creativi.<\/p>\n<p data-sourcepos=\"5:1-5:330\">Con Microsoft 365 Family, ogni membro della famiglia pu\u00f2 lavorare sui propri dispositivi preferiti. Che tu utilizzi un PC, un Mac, un iPad o uno smartphone, avrai accesso ai tuoi documenti, fogli di calcolo e presentazioni ovunque e in qualsiasi momento. Grazie alla sincronizzazione nel cloud, tutti i tuoi file sono conservati in modo sicuro e sempre disponibili.<\/p>\n<p data-sourcepos=\"7:1-7:390\">Microsoft 365 Family non \u00e8 solo per il lavoro, ma \u00e8 anche un'ottima piattaforma per l'apprendimento e lo sviluppo. Applicazioni come OneNote ti permettono di creare note, disegni e schizzi, il che \u00e8 ideale per studenti. E grazie all'integrazione con Teams, puoi facilmente organizzare riunioni familiari online e collaborare a progetti comuni.<\/p>\n<p data-sourcepos=\"9:1-9:270\">Offri alla tua famiglia l'accesso ai migliori strumenti Microsoft a un prezzo accessibile. Microsoft 365 Family \u00e8 un investimento nel futuro della tua famiglia, che aumenter\u00e0 la produttivit\u00e0, migliorer\u00e0 l'organizzazione e creer\u00e0 ricordi indimenticabili.<\/p>\n<p data-sourcepos=\"9:1-9:270\"><strong>Puoi trovare maggiori informazioni su questo prodotto\u00a0<a href=\"https:\/\/swisssoftware24.ch\/it\/microsoft-365-family-die-perfekte-loesung-fuer-ihre-familie\/\">qui<\/a>.<\/strong><\/p>\n<p><img loading=\"lazy\" decoding=\"async\" class=\"aligncenter wp-image-13485 size-full\" src=\"https:\/\/swisssoftware24.ch\/wp-content\/uploads\/2023\/02\/bis-zu-6.jpg\" alt=\"\" width=\"1200\" height=\"100\" srcset=\"https:\/\/swisssoftware24.ch\/wp-content\/uploads\/2023\/02\/bis-zu-6.jpg 1200w, https:\/\/swisssoftware24.ch\/wp-content\/uploads\/2023\/02\/bis-zu-6-600x50.jpg 600w, https:\/\/swisssoftware24.ch\/wp-content\/uploads\/2023\/02\/bis-zu-6-64x5.jpg 64w, https:\/\/swisssoftware24.ch\/wp-content\/uploads\/2023\/02\/bis-zu-6-300x25.jpg 300w, https:\/\/swisssoftware24.ch\/wp-content\/uploads\/2023\/02\/bis-zu-6-1024x85.jpg 1024w, https:\/\/swisssoftware24.ch\/wp-content\/uploads\/2023\/02\/bis-zu-6-768x64.jpg 768w\" sizes=\"auto, (max-width: 1200px) 100vw, 1200px\" \/><\/p>\n<h3>Microsoft 365 Family &#8211; Systemvoraussetzungen<\/h3>\n<ul>\n<li>Sistema operativo \u2013 Windows 10 e 11, Windows 8.1; Mac: le ultime tre versioni di macOS<\/li>\n<li>Mobile Android - ultime 4 versioni principali; iOS \u2013 ultime due versioni<\/li>\n<li>RAM del PC: 4 GB di RAM, 2 GB di RAM (32 bit); Mac: 4 GB di RAM<\/li>\n<li>Computer con processore - 1,6 GHz o pi\u00f9 veloce (dual-core); Mac: processore Intel<\/li>\n<li>Disco rigido del PC - 4 GB; Mac: 10 GB<\/li>\n<li>Grafica L&#039;accelerazione hardware grafica richiede DirectX 9 o successivo con WDDM 2.0 o successivo per Windows 10 (o WDDM 1.3 o successivo per Windows 10 Fall Creators Update).<\/li>\n<\/ul>","protected":false},"excerpt":{"rendered":"<p><span style=\"font-weight: 400;\">Come suggerisce il nome, Microsoft 365 Family \u00e8 un ottimo pacchetto per le famiglie. Con una licenza ottieni l&#039;accesso ai programmi Microsoft per un massimo di 6 utenti! La scelta di questo pacchetto ti far\u00e0 risparmiare denaro, ma guadagnerai anche molta libert\u00e0 e comodit\u00e0 di lavoro grazie all&#039;applicazione in esecuzione nel cloud. <\/span>Gut zu wissen! Dieses Produkt l\u00e4sst sich stapeln. Das bedeutet 1 Produktschl\u00fcssel = plus 365 Tage Lauftzeit. Sie k\u00f6nnen max. 5 Schl\u00fcssel verwenden um die Laufzeit f\u00fcr 5 Jahre zu verl\u00e4ngern.<\/p>\n<p><strong>Spedizione: In 5 minuti via email<br \/>\n<\/strong><\/p>\n<p><strong>Licenza: 6 utenti per 1 anno<\/strong><\/p>\n<p><strong>Versione linguistica: Tutte le lingue<\/strong><\/p>","protected":false},"featured_media":13487,"template":"","meta":{"_seopress_robots_primary_cat":"none","_seopress_titles_title":"Microsoft 365 Family | Ideal f\u00fcr Familien | SwissSoftware24","_seopress_titles_desc":"Microsoft 365 Family bietet Premium-Apps und 1 TB Cloudspeicher pro Person. Ideal f\u00fcr die ganze Familie! Jetzt bei SwissSoftware24 kaufen.","_seopress_robots_index":""},"product_brand":[],"product_cat":[77],"product_tag":[],"class_list":{"0":"post-18296","1":"product","2":"type-product","3":"status-publish","4":"has-post-thumbnail","6":"product_cat-office-programme","8":"first","9":"instock","10":"sale","11":"taxable","12":"shipping-taxable","13":"purchasable","14":"product-type-simple"},"_links":{"self":[{"href":"https:\/\/swisssoftware24.ch\/it\/wp-json\/wp\/v2\/product\/18296","targetHints":{"allow":["GET"]}}],"collection":[{"href":"https:\/\/swisssoftware24.ch\/it\/wp-json\/wp\/v2\/product"}],"about":[{"href":"https:\/\/swisssoftware24.ch\/it\/wp-json\/wp\/v2\/types\/product"}],"wp:featuredmedia":[{"embeddable":true,"href":"https:\/\/swisssoftware24.ch\/it\/wp-json\/wp\/v2\/media\/13487"}],"wp:attachment":[{"href":"https:\/\/swisssoftware24.ch\/it\/wp-json\/wp\/v2\/media?parent=18296"}],"wp:term":[{"taxonomy":"product_brand","embeddable":true,"href":"https:\/\/swisssoftware24.ch\/it\/wp-json\/wp\/v2\/product_brand?post=18296"},{"taxonomy":"product_cat","embeddable":true,"href":"https:\/\/swisssoftware24.ch\/it\/wp-json\/wp\/v2\/product_cat?post=18296"},{"taxonomy":"product_tag","embeddable":true,"href":"https:\/\/swisssoftware24.ch\/it\/wp-json\/wp\/v2\/product_tag?post=18296"}],"curies":[{"name":"wp","href":"https:\/\/api.w.org\/{rel}","templated":true}]}}