{"id":19139,"date":"2023-08-30T09:30:44","date_gmt":"2023-08-30T07:30:44","guid":{"rendered":"https:\/\/swisssoftware24.ch\/?post_type=product&#038;p=19139"},"modified":"2026-04-14T18:53:39","modified_gmt":"2026-04-14T16:53:39","slug":"bitdefender-premium-vpn","status":"publish","type":"product","link":"https:\/\/swisssoftware24.ch\/it\/products\/bitdefender-premium-vpn\/","title":{"rendered":"Bitdefender PREMIUM VPN"},"content":{"rendered":"<p data-sourcepos=\"5:1-5:364\">Bitdefender Premium VPN \u00e8 uno strumento avanzato che garantisce completa anonimit\u00e0 e sicurezza durante l'utilizzo di Internet. Grazie alla tecnologia di crittografia di altissimo livello, protegge tutti i dati trasmessi da accessi non autorizzati, anche nelle reti Wi-Fi pubbliche. \u00c8 la soluzione ideale per gli utenti che apprezzano la privacy e la libert\u00e0 online.<\/p>\n<p data-sourcepos=\"7:1-7:324\">Il programma previene efficacemente il tracciamento da parte di siti web, inserzionisti e altre terze parti. Maschera l'indirizzo IP e la posizione, consentendo di aggirare la censura e accedere a contenuti bloccati a livello regionale. L'utente pu\u00f2 liberamente usufruire di servizi di streaming e altri servizi da qualsiasi parte del mondo.<\/p>\n<p data-sourcepos=\"9:1-9:388\">Bitdefender Premium VPN \u00e8 stato progettato pensando alla semplicit\u00e0 d'uso. Attiva automaticamente la connessione VPN in reti non attendibili e funziona con applicazioni selezionate. Grazie all'interfaccia intuitiva e alla compatibilit\u00e0 con molteplici piattaforme, \u00e8 una scelta eccellente sia per gli utenti principianti che per quelli avanzati.<\/p>\n<p><strong>Puoi trovare maggiori informazioni su questo prodotto\u00a0<a href=\"https:\/\/swisssoftware24.ch\/it\/bitdefender-premium-vpn-sicher-schnell-ohne-kompromisse\/\">qui<\/a>.<\/strong><\/p>\n<h3>Bitdefender PREMIUM VPN \u2013 requisiti di sistema<\/h3>\n<ul>\n<li>Sistema Operativo: Windows 7 con Service Pack 1, Windows 8.1, Windows 10 e Windows 11<\/li>\n<li>Memoria (RAM): 1 GB<\/li>\n<li>Spazio su Disco: 500 MB di spazio libero<br \/>\nProcessore: I dispositivi con processori di generazione precedente potrebbero risentire di un calo delle prestazioni.<\/li>\n<li>NET Framework: Versione 4.5.2 o superiore<\/li>\n<\/ul>","protected":false},"excerpt":{"rendered":"<p>Bitdefender Premium VPN \u00e8 stato sviluppato per gli utenti che necessitano di una protezione affidabile dei propri dati su Internet. Offre una vasta gamma di funzionalit\u00e0 che consentono una navigazione sicura sul web, l'accesso a contenuti con restrizioni geografiche e protezione dalle minacce online.<\/p>\n<p>Acquistando questo prodotto, si riceve una licenza annuale sotto forma di chiave elettronica, che consente l'utilizzo dello strumento per la navigazione anonima su Internet su dieci dispositivi. Questa versione \u00e8 compatibile con dispositivi che utilizzano i sistemi operativi Windows, macOS, Android e iOS. Il software \u00e8 disponibile in pi\u00f9 lingue.<\/p>\n<p><strong>Spedizione: In 5 minuti via email<\/strong><\/p>","protected":false},"featured_media":33968,"template":"","meta":{"_seopress_robots_primary_cat":"none","_seopress_titles_title":"Bitdefender Premium VPN | SwissSoftware24","_seopress_titles_desc":"Bitdefender Premium VPN: Sch\u00fctzen Sie Ihre Privatsph\u00e4re online mit sicherer und verschl\u00fcsselter Verbindung. Ideal f\u00fcr Streaming und Surfen. Jetzt bei SwissSoftware24.","_seopress_robots_index":""},"product_brand":[],"product_cat":[93,63,94,112,84],"product_tag":[],"class_list":{"0":"post-19139","1":"product","2":"type-product","3":"status-publish","4":"has-post-thumbnail","6":"product_cat-antivirus","7":"product_cat-antivirus-security","8":"product_cat-antivirus-security-fur-unternehmen","9":"product_cat-bitdefender","10":"product_cat-vpn","12":"first","13":"outofstock","14":"taxable","15":"shipping-taxable","16":"purchasable","17":"product-type-simple"},"_links":{"self":[{"href":"https:\/\/swisssoftware24.ch\/it\/wp-json\/wp\/v2\/product\/19139","targetHints":{"allow":["GET"]}}],"collection":[{"href":"https:\/\/swisssoftware24.ch\/it\/wp-json\/wp\/v2\/product"}],"about":[{"href":"https:\/\/swisssoftware24.ch\/it\/wp-json\/wp\/v2\/types\/product"}],"wp:featuredmedia":[{"embeddable":true,"href":"https:\/\/swisssoftware24.ch\/it\/wp-json\/wp\/v2\/media\/33968"}],"wp:attachment":[{"href":"https:\/\/swisssoftware24.ch\/it\/wp-json\/wp\/v2\/media?parent=19139"}],"wp:term":[{"taxonomy":"product_brand","embeddable":true,"href":"https:\/\/swisssoftware24.ch\/it\/wp-json\/wp\/v2\/product_brand?post=19139"},{"taxonomy":"product_cat","embeddable":true,"href":"https:\/\/swisssoftware24.ch\/it\/wp-json\/wp\/v2\/product_cat?post=19139"},{"taxonomy":"product_tag","embeddable":true,"href":"https:\/\/swisssoftware24.ch\/it\/wp-json\/wp\/v2\/product_tag?post=19139"}],"curies":[{"name":"wp","href":"https:\/\/api.w.org\/{rel}","templated":true}]}}