{"id":19197,"date":"2023-09-01T14:01:21","date_gmt":"2023-09-01T12:01:21","guid":{"rendered":"https:\/\/swisssoftware24.ch\/?post_type=product&#038;p=19197"},"modified":"2025-11-29T23:56:54","modified_gmt":"2025-11-29T22:56:54","slug":"microsofths-2021-2","status":"publish","type":"product","link":"https:\/\/swisssoftware24.ch\/it\/products\/microsofths-2021-2\/","title":{"rendered":"Microsoft Office Home &amp;Student 2021"},"content":{"rendered":"<p><img loading=\"lazy\" decoding=\"async\" class=\"alignnone wp-image-13751 size-full\" src=\"https:\/\/swisssoftware24.ch\/wp-content\/uploads\/2023\/02\/office-21_1.jpeg\" alt=\"\" width=\"2000\" height=\"300\" srcset=\"https:\/\/swisssoftware24.ch\/wp-content\/uploads\/2023\/02\/office-21_1.jpeg 2000w, https:\/\/swisssoftware24.ch\/wp-content\/uploads\/2023\/02\/office-21_1-600x90.jpeg 600w, https:\/\/swisssoftware24.ch\/wp-content\/uploads\/2023\/02\/office-21_1-64x10.jpeg 64w, https:\/\/swisssoftware24.ch\/wp-content\/uploads\/2023\/02\/office-21_1-300x45.jpeg 300w, https:\/\/swisssoftware24.ch\/wp-content\/uploads\/2023\/02\/office-21_1-1024x154.jpeg 1024w, https:\/\/swisssoftware24.ch\/wp-content\/uploads\/2023\/02\/office-21_1-768x115.jpeg 768w, https:\/\/swisssoftware24.ch\/wp-content\/uploads\/2023\/02\/office-21_1-1536x230.jpeg 1536w\" sizes=\"auto, (max-width: 2000px) 100vw, 2000px\" \/><\/p>\n<h1>Microsoft Office Home&amp;Student 2021<\/h1>\n<h2>\u2013 funzionalit\u00e0 principali<\/h2>\n<ul>\n<li style=\"font-weight: 400;\"><span style=\"font-weight: 400;\">Con una licenza a vita, puoi utilizzare Word, Excel, PowerPoint e OneNote* in qualsiasi momento, senza costi aggiuntivi.<\/span><\/li>\n<li style=\"font-weight: 400;\"><span style=\"font-weight: 400;\">Avrai la possibilit\u00e0 di scegliere la versione linguistica grazie al pacchetto multilingue.<\/span><\/li>\n<li style=\"font-weight: 400;\"><span style=\"font-weight: 400;\">Il tema scuro rende pi\u00f9 semplice prendersi cura della vista.<\/span><\/li>\n<li style=\"font-weight: 400;\"><span style=\"font-weight: 400;\">Analisi semplificata dei dati con nuove formule e grafici in Excel.<\/span><\/li>\n<li style=\"font-weight: 400;\"><span style=\"font-weight: 400;\">Una vasta gamma di elementi da utilizzare nei documenti, come modelli, foto, icone e caratteri in Word, Excel e PowerPoint.<\/span><\/li>\n<\/ul>\n<p><span style=\"font-weight: 400;\">*OneNote \u00e8 un'applicazione online disponibile per il download durante l'installazione.<\/span><\/p>\n<p>&nbsp;<\/p>\n<h2><strong>Nota: questo prodotto alternativo \u00e8 pi\u00f9 economico e non richiede un abbonamento, costa solo CHF 59.\u00a0 <\/strong><\/h2>\n<h2><strong><a href=\"https:\/\/swisssoftware24.ch\/it\/products\/office-2024-standard-5-user\/\">Office 2024 per 5 utenti<\/a><\/strong><\/h2>\n<p>&nbsp;<\/p>\n<h2>Microsoft Office Home &amp; Student 2021 \u2013 descrizione dettagliata del prodotto<\/h2>\n<p><span style=\"font-weight: 400;\">Office \u00e8 noto praticamente a tutti gli utenti di computer. L'ultima versione, del 2021, si caratterizza per un'interfaccia rinnovata o la possibilit\u00e0 di utilizzare un tema scuro, scelto sempre pi\u00f9 spesso da molte persone in molti sistemi e applicazioni. Sono state introdotte numerose migliorie delle prestazioni che accelerano il lavoro sui file e migliorano le funzionalit\u00e0 gi\u00e0 disponibili, consentendo di utilizzarle pi\u00f9 spesso e in modo pi\u00f9 attivo.<\/span><\/p>\n<p><span style=\"font-weight: 400;\">Da ora in poi, in PowerPoint, \u00e8 anche possibile registrare presentazioni (compresa la voce del presentatore). Questo \u00e8 particolarmente importante se, ad esempio, si tiene una formazione che deve essere registrata per un utilizzo successivo, anche per le persone che non hanno potuto partecipare alla lezione nella data prevista. Le presentazioni preparate nel programma Microsoft possono essere ulteriormente migliorate con nuovi elementi pronti all'uso aggiunti al database di contenuti creativi Premium. E se ti vengono in mente nuove idee che potresti voler utilizzare in seguito, puoi facilmente appuntarle in OneNote, dove puoi organizzare i tuoi pensieri in quaderni suddivisi in pagine e sezioni.<\/span><\/p>\n<p><span style=\"font-weight: 400;\">Per quanto riguarda Excel, \u00e8 disponibile un'opzione per supportare matrici dinamiche e la funzione XMATCH per una ricerca e corrispondenza migliorata. Un'altra novit\u00e0, LET, consente di assegnare nomi ai risultati dei calcoli. Office per la casa e per gli studenti ha anche abilitato il salvataggio dei file nel formato ODF 1.3. Questo \u00e8 un grande vantaggio per coloro che condividono file con persone che non hanno una licenza Office e utilizzano solo software gratuito. Word ha acquisito funzionalit\u00e0 nella scheda Disegno che sono ben note agli utenti di programmi grafici professionali come Photoshop. Si tratta del cancellino, del laccio e della riga. Lavorare sui documenti assume una nuova dimensione!<\/span><\/p>\n<p><span style=\"font-weight: 400;\">Naturalmente, Office 2021 Home include anche tutte le funzionalit\u00e0 che sono state introdotte come novit\u00e0 nella versione precedente, cio\u00e8 quelle del 2019. Queste includono un tool per la modifica e la traduzione di testi e per la scrittura a mano. Cosa significa? Utilizzando il dito, una penna o un mouse, puoi scrivere o sottolineare il testo o inserire diversi tipi di motivi, il che \u00e8 particolarmente importante nel caso di settori legati alle scienze esatte. Il pacchetto include anche Microsoft Translator, cio\u00e8 un dizionario integrato che suggerisce parole nella lingua desiderata.<\/span><\/p>\n<p><span style=\"font-weight: 400;\">Microsoft \u00e8 un'azienda che si preoccupa molto di creare soluzioni che rispondano alle esigenze della societ\u00e0, che emergono insieme allo sviluppo della digitalizzazione. Oltre a Microsoft 365 che opera nel cloud, le tradizionali suite Office hanno ricevuto funzioni di condivisione dei documenti, il che rende molto pi\u00f9 facile, ad esempio, svolgere lavori di gruppo per le classi scolastiche. Puoi facilmente modificare e condividere documenti con altri utenti in tempo reale. La ricerca di informazioni aggiuntive \u00e8 anche semplificata, grazie alla funzione di ricerca intelligente senza dover passare da una finestra all'altra, puoi trovare ci\u00f2 che stai cercando. Office Home &amp; Student 2021 offre anche segnalazioni audio per gli errori. Questa funzione \u00e8 particolarmente utile per le persone che scrivono molto e lo fanno in fretta.<\/span><\/p>\n<p><span style=\"font-weight: 400;\">Microsoft si \u00e8 anche preoccupata dell'inclusivit\u00e0 attraverso lo strumento di verifica dell'accessibilit\u00e0. Ora, prima di inviare qualsiasi file di testo o grafico, puoi verificare se sar\u00e0 leggibile da una persona con disabilit\u00e0. L'apprendimento e la condivisione di documenti insieme sono anche senza problemi, grazie all'aiuto del programma gratuito Microsoft Teams, puoi, ad esempio, condividere il tuo schermo e discutere ed esporre compiti l'uno all'altro in modo pi\u00f9 semplice.<\/span><\/p>\n<p><a href=\"https:\/\/www.microsoft.com\/en-us\/Useterms\/Retail\/Office\/OfficeHomeandStudent2021\/Useterms_Retail_Office_OfficeHomeandStudent2021_GermancountriesotherthanGermany.htm\"><img loading=\"lazy\" decoding=\"async\" class=\"alignnone size-full wp-image-13691\" src=\"https:\/\/swisssoftware24.ch\/wp-content\/uploads\/2023\/02\/license_term-1.jpg\" alt=\"\" width=\"227\" height=\"40\" srcset=\"https:\/\/swisssoftware24.ch\/wp-content\/uploads\/2023\/02\/license_term-1.jpg 227w, https:\/\/swisssoftware24.ch\/wp-content\/uploads\/2023\/02\/license_term-1-64x11.jpg 64w\" sizes=\"auto, (max-width: 227px) 100vw, 227px\" \/><\/a><\/p>\n<h3>Microsoft Office Home &amp; Student 2021 \u2013 requisiti di sistema<\/h3>\n<ul>\n<li><strong>Sistema operativo <\/strong>Da Windows 10 e 11 \/ Mac - le ultime tre versioni di macOS<\/li>\n<li><strong>Processore<\/strong>\u00a0Windows 11 o Windows 10 con 1,6 GHz, processore a 2 core<\/li>\n<li><strong>RAM<\/strong>\u00a04 GB (64 bit), 2 GB (32 bit) di RAM per PC;<\/li>\n<li><strong>Spazio su disco<\/strong>4 GB di spazio disponibile su disco per PC,<\/li>\n<li><strong>Risoluzione dello schermo<\/strong>Risoluzione: 1024 \u00d7 768 per PC,<\/li>\n<\/ul>","protected":false},"excerpt":{"rendered":"<p><span style=\"font-weight: 400;\">Microsoft Office 2021 Home &amp; Student \u00e8 stato preparato principalmente per utenti domestici individuali e studenti. Le attivit\u00e0 quotidiane diventeranno molto pi\u00f9 veloci e, allo stesso tempo, il comfort di lavoro aumenter\u00e0 significativamente.<\/span><\/p>\n<p><strong>Spedizione: In 5 minuti via email<\/strong><\/p>\n<div id=\"gtx-trans\" style=\"position: absolute; left: -41px; top: 102px;\">\n<div class=\"gtx-trans-icon\"><\/div>\n<\/div>","protected":false},"featured_media":15177,"template":"","meta":{"_seopress_robots_primary_cat":"none","_seopress_titles_title":"Microsoft Office Home&Student 2021 | SwissSoftware24","_seopress_titles_desc":"Microsoft Office Home&Student 2021: Die perfekte L\u00f6sung f\u00fcr Studierende und Haushalte. Enth\u00e4lt Word, Excel und PowerPoint. Jetzt bei SwissSoftware24.","_seopress_robots_index":""},"product_brand":[],"product_cat":[15],"product_tag":[],"class_list":{"0":"post-19197","1":"product","2":"type-product","3":"status-publish","4":"has-post-thumbnail","6":"product_cat-uncategorised","8":"first","9":"instock","10":"sale","11":"taxable","12":"shipping-taxable","13":"purchasable","14":"product-type-variable","15":"has-default-attributes"},"_links":{"self":[{"href":"https:\/\/swisssoftware24.ch\/it\/wp-json\/wp\/v2\/product\/19197","targetHints":{"allow":["GET"]}}],"collection":[{"href":"https:\/\/swisssoftware24.ch\/it\/wp-json\/wp\/v2\/product"}],"about":[{"href":"https:\/\/swisssoftware24.ch\/it\/wp-json\/wp\/v2\/types\/product"}],"wp:featuredmedia":[{"embeddable":true,"href":"https:\/\/swisssoftware24.ch\/it\/wp-json\/wp\/v2\/media\/15177"}],"wp:attachment":[{"href":"https:\/\/swisssoftware24.ch\/it\/wp-json\/wp\/v2\/media?parent=19197"}],"wp:term":[{"taxonomy":"product_brand","embeddable":true,"href":"https:\/\/swisssoftware24.ch\/it\/wp-json\/wp\/v2\/product_brand?post=19197"},{"taxonomy":"product_cat","embeddable":true,"href":"https:\/\/swisssoftware24.ch\/it\/wp-json\/wp\/v2\/product_cat?post=19197"},{"taxonomy":"product_tag","embeddable":true,"href":"https:\/\/swisssoftware24.ch\/it\/wp-json\/wp\/v2\/product_tag?post=19197"}],"curies":[{"name":"wp","href":"https:\/\/api.w.org\/{rel}","templated":true}]}}