{"id":19262,"date":"2023-09-04T18:29:55","date_gmt":"2023-09-04T16:29:55","guid":{"rendered":"https:\/\/swisssoftware24.ch\/?post_type=product&#038;p=19262"},"modified":"2025-11-29T23:56:54","modified_gmt":"2025-11-29T22:56:54","slug":"microsoft-office-home-business-2021-2","status":"publish","type":"product","link":"https:\/\/swisssoftware24.ch\/it\/products\/microsoft-office-home-business-2021-2\/","title":{"rendered":"Microsoft Office Home &amp; Business 2021"},"content":{"rendered":"<p><img loading=\"lazy\" decoding=\"async\" class=\"alignnone wp-image-13751 size-full\" src=\"https:\/\/swisssoftware24.ch\/wp-content\/uploads\/2023\/02\/office-21_1.jpeg\" alt=\"\" width=\"2000\" height=\"300\" srcset=\"https:\/\/swisssoftware24.ch\/wp-content\/uploads\/2023\/02\/office-21_1.jpeg 2000w, https:\/\/swisssoftware24.ch\/wp-content\/uploads\/2023\/02\/office-21_1-600x90.jpeg 600w, https:\/\/swisssoftware24.ch\/wp-content\/uploads\/2023\/02\/office-21_1-64x10.jpeg 64w, https:\/\/swisssoftware24.ch\/wp-content\/uploads\/2023\/02\/office-21_1-300x45.jpeg 300w, https:\/\/swisssoftware24.ch\/wp-content\/uploads\/2023\/02\/office-21_1-1024x154.jpeg 1024w, https:\/\/swisssoftware24.ch\/wp-content\/uploads\/2023\/02\/office-21_1-768x115.jpeg 768w, https:\/\/swisssoftware24.ch\/wp-content\/uploads\/2023\/02\/office-21_1-1536x230.jpeg 1536w\" sizes=\"auto, (max-width: 2000px) 100vw, 2000px\" \/><\/p>\n<p data-start=\"283\" data-end=\"705\">Microsoft Office Home &amp; Business 2021 \u00e8 pensato per professionisti e piccole aziende che desiderano una soluzione potente ma semplice per il lavoro quotidiano. Include i classici Word, Excel, PowerPoint, Outlook e OneNote*, offrendo tutti gli strumenti per un\u2019attivit\u00e0 produttiva. La licenza perpetua elimina costi aggiuntivi e abbonamenti.<\/p>\n<p data-start=\"707\" data-end=\"1038\">La versione 2021 introduce numerose novit\u00e0: interfaccia rinnovata con Dark Mode, nuove funzioni in Excel (LET, XMATCH) e contenuti creativi aggiornati in PowerPoint. L\u2019integrazione con OneNote aiuta a catturare idee rapidamente, mentre Outlook resta il centro delle comunicazioni aziendali.<\/p>\n<p data-start=\"1040\" data-end=\"1299\">Accessibilit\u00e0 migliorata, collaborazione in tempo reale e strumenti avanzati di scrittura e riconoscimento del testo rendono questa versione una soluzione moderna, inclusiva e completa.<\/p>\n<p data-start=\"1101\" data-end=\"1310\"><strong>Puoi trovare maggiori informazioni su questo prodotto\u00a0<a href=\"https:\/\/swisssoftware24.ch\/it\/microsoft-office-home-business-2021-zeitgemaess-leistungsstark-zuverlaessig\/\">qui<\/a>.<\/strong><\/p>\n<p><a href=\"\/\/www.microsoft.com\/en-us\/Useterms\/Retail\/Office\/OfficeHomeandBusiness2021\/Useterms_Retail_Office_OfficeHomeandBusiness2021_GermancountriesotherthanGermany.html\"><img loading=\"lazy\" decoding=\"async\" class=\"alignnone size-full wp-image-13691\" src=\"https:\/\/swisssoftware24.ch\/wp-content\/uploads\/2023\/02\/license_term-1.jpg\" alt=\"\" width=\"227\" height=\"40\" srcset=\"https:\/\/swisssoftware24.ch\/wp-content\/uploads\/2023\/02\/license_term-1.jpg 227w, https:\/\/swisssoftware24.ch\/wp-content\/uploads\/2023\/02\/license_term-1-64x11.jpg 64w\" sizes=\"auto, (max-width: 227px) 100vw, 227px\" \/><\/a><\/p>\n<h3>Microsoft Office Home &amp; Business 2021 \u2013 requisiti di sistema<\/h3>\n<ul>\n<li><strong>Sistema operativo<\/strong>Da Windows 10 e 11 \/ da macOS Big Sur<\/li>\n<li><strong>Processore<\/strong>\u00a0Windows 11 o Windows 10 con 1,6 GHz, processore a 2 core\/macOS pi\u00f9 recente<\/li>\n<li><strong>RAM<\/strong>\u00a04 GB (64 bit), 2 GB (32 bit) di RAM per PC; 4 GB di RAM per Mac<\/li>\n<li><strong>Spazio su disco<\/strong>4 GB di spazio disponibile su disco per PC, 10 GB per Mac<\/li>\n<li><strong>Risoluzione dello schermo<\/strong>Risoluzione: 1024\u00d7768 per PC, 1280\u00d7800 per Mac<\/li>\n<\/ul>","protected":false},"excerpt":{"rendered":"<p><span style=\"font-weight: 400;\">Microsoft Office Home &amp; Business 2021 \u00e8 un insieme degli strumenti Office pi\u00f9 popolari che vengono utilizzati nelle aziende ogni giorno. Cosa guadagni scegliendo questo pacchetto? Il valore pi\u00f9 grande, TEMPO, perch\u00e9 ora l&#039;esecuzione delle attivit\u00e0 quotidiane \u00e8 ottimizzata molto meglio e il comfort del lavoro \u00e8 aumentato. E inoltre\u2026<\/span><\/p>\n<p><strong>VERSAND IN 5 Minuten PER E-MAIL<\/strong><\/p>","protected":false},"featured_media":13750,"template":"","meta":{"_seopress_robots_primary_cat":"none","_seopress_titles_title":"Microsoft Office Home & Business 2021 | SwissSoftware24","_seopress_titles_desc":"Microsoft Office Home & Business 2021: Ideal f\u00fcr kleine Unternehmen und Selbstst\u00e4ndige. Enth\u00e4lt Word, Excel und Outlook. Jetzt bei SwissSoftware24 erh\u00e4ltlich.","_seopress_robots_index":""},"product_brand":[],"product_cat":[71,74,122,76],"product_tag":[],"class_list":{"0":"post-19262","1":"product","2":"type-product","3":"status-publish","4":"has-post-thumbnail","6":"product_cat-office","7":"product_cat-office-2021","8":"product_cat-office-bestseller","9":"product_cat-office-fur-mac","11":"first","12":"onbackorder","13":"sale","14":"taxable","15":"shipping-taxable","16":"purchasable","17":"product-type-variable"},"_links":{"self":[{"href":"https:\/\/swisssoftware24.ch\/it\/wp-json\/wp\/v2\/product\/19262","targetHints":{"allow":["GET"]}}],"collection":[{"href":"https:\/\/swisssoftware24.ch\/it\/wp-json\/wp\/v2\/product"}],"about":[{"href":"https:\/\/swisssoftware24.ch\/it\/wp-json\/wp\/v2\/types\/product"}],"wp:featuredmedia":[{"embeddable":true,"href":"https:\/\/swisssoftware24.ch\/it\/wp-json\/wp\/v2\/media\/13750"}],"wp:attachment":[{"href":"https:\/\/swisssoftware24.ch\/it\/wp-json\/wp\/v2\/media?parent=19262"}],"wp:term":[{"taxonomy":"product_brand","embeddable":true,"href":"https:\/\/swisssoftware24.ch\/it\/wp-json\/wp\/v2\/product_brand?post=19262"},{"taxonomy":"product_cat","embeddable":true,"href":"https:\/\/swisssoftware24.ch\/it\/wp-json\/wp\/v2\/product_cat?post=19262"},{"taxonomy":"product_tag","embeddable":true,"href":"https:\/\/swisssoftware24.ch\/it\/wp-json\/wp\/v2\/product_tag?post=19262"}],"curies":[{"name":"wp","href":"https:\/\/api.w.org\/{rel}","templated":true}]}}