{"id":19428,"date":"2023-09-11T10:10:49","date_gmt":"2023-09-11T08:10:49","guid":{"rendered":"https:\/\/swisssoftware24.ch\/?post_type=product&#038;p=19428"},"modified":"2025-11-29T23:56:54","modified_gmt":"2025-11-29T22:56:54","slug":"kaspersky-standard-mobile-edition","status":"publish","type":"product","link":"https:\/\/swisssoftware24.ch\/it\/products\/kaspersky-standard-mobile-edition\/","title":{"rendered":"Kaspersky Standard Mobile Edition"},"content":{"rendered":"<p data-start=\"457\" data-end=\"825\">Kaspersky Standard \u2013 Mobile Edition protegge il tuo smartphone o tablet con le stesse tecnologie affidabili di cui si fidano milioni di utenti in tutto il mondo. Che si tratti di virus, attacchi di phishing o siti web pericolosi, sei protetto 24 ore su 24. La protezione in tempo reale analizza tutte le attivit\u00e0 sul tuo dispositivo, blocca immediatamente le minacce e mantiene i tuoi dati al sicuro.<\/p>\n<p data-start=\"827\" data-end=\"1142\">Inoltre, Kaspersky ottimizza le prestazioni del tuo dispositivo Android tramite la pulizia intelligente delle app. Le applicazioni inutilizzate vengono rilevate e possono essere eliminate per risparmiare spazio di archiviazione e aumentare la velocit\u00e0. Ci\u00f2 garantisce un'esperienza utente fluida, il tutto senza interventi manuali.<\/p>\n<p data-start=\"1144\" data-end=\"1433\">Per una maggiore privacy, la Mobile Edition offre ulteriori livelli di protezione: fotocamere e microfoni possono essere bloccati specificamente, le fughe di dati vengono rilevate automaticamente e le applicazioni spyware vengono immediatamente segnalate. Il software \u00e8 compatibile con Android e iOS ed \u00e8 intuitivo da usare.<\/p>\n<p data-start=\"1144\" data-end=\"1433\"><strong>Puoi trovare maggiori informazioni su questo prodotto\u00a0<a href=\"https:\/\/swisssoftware24.ch\/it\/rundumschutz-fuer-unterwegs-mit-kaspersky-standard-mobile-edition\/\">qui<\/a>.<\/strong><\/p>\n<h3>Kaspersky Standard Mobile Edition \u2013 requisiti di sistema<\/h3>\n<ul>\n<li>\u00a0\u00a0\u00a0\u00a0 iOS 15.0+<\/li>\n<li>\u00a0\u00a0\u00a0 Android 8+<\/li>\n<\/ul>","protected":false},"excerpt":{"rendered":"<div class=\"message-2CShn3 cozyMessage-1DWF9U wrapper-30-Nkg cozy-VmLDNB zalgo-26OfGz\" role=\"article\" data-list-item-id=\"chat-messages___chat-messages-1075103057983045703-1149640234691207218\" aria-labelledby=\"message-username-1149640003790577704 uid_1 message-content-1149640234691207218 uid_2 message-timestamp-1149640234691207218\">\n<div class=\"contents-2MsGLg\">\n<div id=\"message-content-1149640234691207218\" class=\"markup-eYLPri messageContent-2t3eCI\">\n<p><strong>Spedizione: In 5 minuti via email<\/strong><\/p>\n<\/div>\n<\/div>\n<\/div>","protected":false},"featured_media":25830,"template":"","meta":{"_seopress_robots_primary_cat":"none","_seopress_titles_title":"Kaspersky Standard Mobile Edition | SwissSoftware24","_seopress_titles_desc":"Kaspersky Standard Mobile Edition: Sch\u00fctzen Sie Ihr Smartphone vor Viren und Malware. Zuverl\u00e4ssige Sicherheit f\u00fcr unterwegs. Jetzt bei SwissSoftware24.","_seopress_robots_index":""},"product_brand":[],"product_cat":[63,108],"product_tag":[],"class_list":{"0":"post-19428","1":"product","2":"type-product","3":"status-publish","4":"has-post-thumbnail","6":"product_cat-antivirus-security","7":"product_cat-kaspersky","9":"first","10":"instock","11":"taxable","12":"shipping-taxable","13":"purchasable","14":"product-type-variable"},"_links":{"self":[{"href":"https:\/\/swisssoftware24.ch\/it\/wp-json\/wp\/v2\/product\/19428","targetHints":{"allow":["GET"]}}],"collection":[{"href":"https:\/\/swisssoftware24.ch\/it\/wp-json\/wp\/v2\/product"}],"about":[{"href":"https:\/\/swisssoftware24.ch\/it\/wp-json\/wp\/v2\/types\/product"}],"wp:featuredmedia":[{"embeddable":true,"href":"https:\/\/swisssoftware24.ch\/it\/wp-json\/wp\/v2\/media\/25830"}],"wp:attachment":[{"href":"https:\/\/swisssoftware24.ch\/it\/wp-json\/wp\/v2\/media?parent=19428"}],"wp:term":[{"taxonomy":"product_brand","embeddable":true,"href":"https:\/\/swisssoftware24.ch\/it\/wp-json\/wp\/v2\/product_brand?post=19428"},{"taxonomy":"product_cat","embeddable":true,"href":"https:\/\/swisssoftware24.ch\/it\/wp-json\/wp\/v2\/product_cat?post=19428"},{"taxonomy":"product_tag","embeddable":true,"href":"https:\/\/swisssoftware24.ch\/it\/wp-json\/wp\/v2\/product_tag?post=19428"}],"curies":[{"name":"wp","href":"https:\/\/api.w.org\/{rel}","templated":true}]}}