{"id":19520,"date":"2023-09-13T14:37:01","date_gmt":"2023-09-13T12:37:01","guid":{"rendered":"https:\/\/swisssoftware24.ch\/?post_type=product&#038;p=19520"},"modified":"2025-11-29T23:56:54","modified_gmt":"2025-11-29T22:56:54","slug":"adobe-photoshop-premiere-elements-2023-windows-mac-vollversion-deutsch","status":"publish","type":"product","link":"https:\/\/swisssoftware24.ch\/it\/products\/adobe-photoshop-premiere-elements-2023-windows-mac-vollversion-deutsch\/","title":{"rendered":"Adobe Photoshop + Premiere Elements 2023 Windows\/Mac, Vollversion, Deutsch"},"content":{"rendered":"<h1>Adobe Photoshop&amp;Premiere Elements 2023 \u2013 \n funzionalit\u00e0 principali<\/h1>\n<ul>\n<li style=\"font-weight: 400\"><span style=\"font-weight: 400\">Strumenti di editing video tra cui il rilevamento automatico dei fotogrammi chiave e strumenti intelligenti per il ritaglio e la modifica dello sfondo.<\/span><\/li>\n<li style=\"font-weight: 400\"><span style=\"font-weight: 400\">Effetto Matrice ed Effetto Bokeh: Questi effetti consentono affascinanti miglioramenti visivi nei progetti.<\/span><\/li>\n<li style=\"font-weight: 400\"><span style=\"font-weight: 400\">Le modalit\u00e0 di modifica del testo migliorate rendono pi\u00f9 facile apportare modifiche e aggiungere contenuti ai progetti.<\/span><\/li>\n<li style=\"font-weight: 400\"><span style=\"font-weight: 400\">Miglioramenti degli Strumenti di Organizzazione dei Progetti: Facilita la ricerca e la classificazione pi\u00f9 veloce delle immagini e la memorizzazione pi\u00f9 semplice dei progetti nel cloud.<\/span><\/li>\n<li style=\"font-weight: 400\"><span style=\"font-weight: 400\">Compatibilit\u00e0 con Formati di File Popolari: Supporta vari formati di file, tra cui JPEG, PNG, RAW e AVI.<\/span><\/li>\n<li style=\"font-weight: 400\"><span style=\"font-weight: 400\">Lavoro con i Livelli: Consente un editing grafico pi\u00f9 avanzato attraverso il lavoro con i livelli.<\/span><\/li>\n<\/ul>\n<h2>Adobe Photoshop&amp;Premiere Elements 2023 \u2013 descrizione dettagliata del prodotto<\/h2>\n<p><span style=\"font-weight: 400\">Rispetto alle versioni degli anni precedenti, questa edizione \u00e8 stata migliorata in alcuni punti ed \u00e8 stata ampliata per includere una serie di nuove funzioni. Ci\u00f2 include miglioramenti alla modalit\u00e0 di editing video, incluso il rilevamento automatico dei fotogrammi chiave e strumenti intelligenti per ritagliare e modificare lo sfondo. Il primo di questi miglioramenti consente un facile ritaglio di elementi selezionati dalla scena, ad es. B. Personaggi o Oggetti. Il programma stesso riconosce i fotogrammi chiave, ovvero i momenti in cui compaiono o scompaiono nella scena, e li taglia automaticamente dal resto del videoclip. Ci\u00f2 rende il processo di modifica molto pi\u00f9 semplice e veloce.<\/span><\/p>\n<p><span style=\"font-weight: 400\">Gli strumenti intelligenti per ritagliare e modificare lo sfondo ti offrono un controllo ancora maggiore sull&#039;editing video. Si pu\u00f2 scegliere quali elementi ritagliare e quali mantenere sullo sfondo, quindi rimuovere o modificare facilmente lo sfondo nelle cornici selezionate. Questi strumenti utilizzano algoritmi avanzati di intelligenza artificiale per ritagliare e modificare accuratamente lo sfondo e il risultato finale \u00e8 molto realistico.<\/span><\/p>\n<p><span style=\"font-weight: 400\">Con nuovi effetti speciali come l&#039;effetto matrice o il bokeh, puoi aggiungere interessanti accenti visivi ai progetti. L&#039;effetto matrice ricorda la grafica in pixel dei giochi degli anni &#039;80 e &#039;90. Grazie a questo, si pu\u00f2 ottenere un aspetto di design molto particolare ed elegante. Pu\u00f2 essere utilizzato sia per interi dipinti che per i loro frammenti, il che consente composizioni interessanti.<\/span><\/p>\n<p><span style=\"font-weight: 400\">L&#039;effetto bokeh riproduce la luce sfocata sullo sfondo della foto. Questo crea un effetto di morbidezza e profondit\u00e0 che conferisce alle foto un aspetto unico. In Adobe Photoshop Elements, questo effetto \u00e8 disponibile come strumento separato, quindi puoi regolarlo facilmente per ottenere l&#039;effetto desiderato.<\/span><\/p>\n<p><span style=\"font-weight: 400\">Nella modalit\u00e0 di modifica del testo di Adobe Photoshop Elements, ora \u00e8 possibile modificare il testo direttamente nell'anteprima del progetto senza la necessit\u00e0 di aprire un pannello separato. Gli utenti possono visualizzare contemporaneamente il progetto e modificare il testo, accelerando notevolmente il processo di modifica.<\/span><\/p>\n<p><span style=\"font-weight: 400\">Inoltre, il programma offre una serie di nuovi strumenti di formattazione del testo, tra cui varie opzioni di allineamento, opzioni di forma del testo, stili di testo aggiuntivi ed effetti di testo. Ci\u00f2 assicura che il testo si integri perfettamente con l'immagine e offre nuove funzionalit\u00e0 tipografiche, come la correzione dell'allineamento per mantenere l'equilibrio tra lettere e linee e l'allineamento automatico delle linee per migliorare la leggibilit\u00e0 del testo.<\/span><\/p>\n<p><span style=\"font-weight: 400\">I miglioramenti apportati alla modalit\u00e0 di modifica del testo rendono pi\u00f9 semplice apportare modifiche e aggiungere testo ai progetti. I nuovi strumenti consentono una formattazione del testo pi\u00f9 rapida e precisa, nonch\u00e9 un controllo pi\u00f9 semplice del suo aspetto e della sua collocazione nel progetto.<\/span><\/p>\n<p><span style=\"font-weight: 400\">Una delle innovazioni pi\u00f9 importanti in questo senso \u00e8 la funzione di visualizzazione del testo migliorata, con la quale ora \u00e8 possibile regolare la posizione e la dimensione del testo in modo pi\u00f9 preciso. Grazie a ci\u00f2, gli utenti possono ora apportare modifiche al testo in modo pi\u00f9 rapido e semplice e avere un controllo migliore sul suo aspetto e sulla sua posizione nel design.<\/span><\/p>\n<p><span style=\"font-weight: 400\">Ma non \u00e8 la fine delle correzioni! Anche gli strumenti di organizzazione del progetto sono stati migliorati, consentendo una ricerca e un ordinamento delle foto rapido e intuitivo. Gli utenti possono trovare foto specifiche pi\u00f9 facilmente, consentendo loro di lavorare pi\u00f9 velocemente e migliorare l&#039;efficienza del progetto.<\/span><\/p>\n<p><span style=\"font-weight: 400\">I nuovi strumenti per l&#039;organizzazione dei progetti in Adobe Photoshop Elements hanno anche una ricerca migliorata che consente di cercare i progetti in base a vari criteri come data di creazione, nome file o tag. In questo modo \u00e8 pi\u00f9 facile trovare le foto e i materiali di cui hai bisogno.<\/span><\/p>\n<p><span style=\"font-weight: 400\">Inoltre, il programma ora offre un ordinamento pi\u00f9 semplice di foto e progetti, che consente di organizzarli pi\u00f9 velocemente. Gli utenti possono ora ordinare le foto in base a vari criteri come data, nome o dimensione del file. Ora \u00e8 pi\u00f9 facile aggiungere tag o etichette alle foto, semplificando l&#039;organizzazione dei progetti e velocizzando il processo di ricerca.<\/span><\/p>\n<p><span style=\"font-weight: 400\">Adobe Photoshop Elements offre anche strumenti facili da usare per salvare i progetti nel cloud. In questo modo \u00e8 possibile condividere facilmente i progetti con altri utenti e salvare i dati in modo sicuro. Gli utenti possono ora archiviare in modo sicuro i propri progetti nel cloud, consentendo un accesso pi\u00f9 semplice da diversi dispositivi e proteggendoli dalla perdita di dati.<\/span><\/p>\n<p><span style=\"font-weight: 400\">Adobe Photoshop Elements offre nuovi strumenti di organizzazione dei progetti che semplificano l&#039;archiviazione e la condivisione dei progetti nel cloud. Grazie a ci\u00f2, gli utenti possono ora salvare i propri progetti nel cloud, consentendo un accesso pi\u00f9 semplice da diversi dispositivi e condividendoli con altri utenti.<\/span><\/p>\n<p><span style=\"font-weight: 400\">\u00c8 interessante notare che puoi anche utilizzare una versione limitata del programma descritto, che ti consente di modificare rapidamente le foto, anche su dispositivi mobili. L&#039;applicazione \u00e8 disponibile gratuitamente nella versione base e sotto forma di abbonamento mensile se vuoi che includa funzionalit\u00e0 aggiuntive.<\/span><\/p>\n<p><iframe loading=\"lazy\" title=\"Premiere Elements 2023: premi play per la creativit\u00e0.\" width=\"800\" height=\"450\" src=\"https:\/\/www.youtube.com\/embed\/ptFPEc7fQMo?feature=oembed\" frameborder=\"0\" allow=\"accelerometer; autoplay; clipboard-write; encrypted-media; gyroscope; picture-in-picture; web-share\" referrerpolicy=\"strict-origin-when-cross-origin\" allowfullscreen><\/iframe><\/p>\n<h3>Adobe Photoshop&amp;Premiere Elements 2023 \u2013 \n requisiti di sistema<\/h3>\n<p>Windows:<\/p>\n<ul>\n<li><strong>Processore\u00a0<\/strong>Processore Intel di sesta generazione o processore AMD superiore o equivalente con supporto SSE4.1<\/li>\n<li><strong>Memoria di lavoro\u00a0<\/strong>RAM: 8 GB<\/li>\n<li><strong>Memoria\u00a0<\/strong>5,8 GB di spazio libero su disco per l&#039;installazione; spazio di archiviazione aggiuntivo per il download di contenuti online; fino a 20 GB di memoria aggiuntiva per i file temporanei durante l&#039;installazione e l&#039;utilizzo (nessuna installazione possibile su file system con distinzione tra maiuscole e minuscole o supporti di archiviazione flash portatili)<\/li>\n<li><strong>Sistema operativo\u00a0<\/strong>Microsoft Windows 10 versione 2004 o successiva (versione 21H1 consigliata); Microsoft Windows 11 (versione 21H2); Solo versioni a 64 bit; Windows 7 e Windows 8.1 non vengono supportati<\/li>\n<li><strong>Risoluzione dello schermo\u00a0<\/strong>Risoluzione monitor 1280 x 800 punti con scala 100 %<\/li>\n<li><strong>connessione internet<\/strong>Connessione Internet per l&#039;attivazione del prodotto e il download dei contenuti<\/li>\n<\/ul>\n<p>Mac OS:<\/p>\n<ul>\n<li><strong>Processore\u00a0<\/strong>Processore Intel di sesta generazione o superiore, processore Apple M1 (con Rosetta 2)<\/li>\n<li><strong>Memoria di lavoro\u00a0<\/strong>RAM: 8 GB<\/li>\n<li><strong>Memoria\u00a0<\/strong>6 GB di spazio libero su disco per l&#039;installazione; spazio di archiviazione aggiuntivo per il download di contenuti online; fino a 20 GB di memoria aggiuntiva per i file temporanei durante l&#039;installazione e l&#039;utilizzo (nessuna installazione possibile su file system con distinzione tra maiuscole e minuscole o supporti di archiviazione flash portatili)<\/li>\n<li><strong>Sistema operativo\u00a0<\/strong>macOS versione 10.15 o macOS 11<\/li>\n<li><strong>Risoluzione dello schermo\u00a0<\/strong>Risoluzione monitor 1280 x 800 punti con scala 100 %<\/li>\n<li><strong>connessione internet<\/strong>Connessione Internet per l&#039;attivazione del prodotto e il download dei contenuti<\/li>\n<\/ul>","protected":false},"excerpt":{"rendered":"<p><span style=\"font-weight: 400\">Adobe Photoshop Elements + Premiere Elements \u00e8 una suite di programmi che offre molti strumenti e funzionalit\u00e0 avanzate per l&#039;editing di foto e video. Permette di creare e modificare facilmente le immagini. Include molti strumenti per il ritocco, la correzione del colore, la rimozione di elementi indesiderati, la creazione di effetti speciali e molto altro. Ci\u00f2 consente di rendere i progetti professionali senza richiedere conoscenze tecniche avanzate.<\/span><\/p>\n<p>ESD Windiws\/Mac<\/p>\n<p><b>Lingue<\/b>: Inglese, Francese, Tedesco, Italiano, Ceco, Olandese, Giapponese, Polacco, Svedese e Spagnolo<\/p>\n<p>Acquistando questo prodotto riceverai: link per il download + chiave prodotto (ESD) per 1 PC.<\/p>\n<p><strong>Spedizione: In 5 minuti via email<\/strong><\/p>\n<div id=\"gtx-trans\" style=\"position: absolute;left: -35px;top: 254px\">\n<div class=\"gtx-trans-icon\"><\/div>\n<\/div>","protected":false},"featured_media":25684,"template":"","meta":{"_seopress_robots_primary_cat":"none","_seopress_titles_title":"Adobe Photoshop&Premiere Elements 2023 | SwissSoftware24","_seopress_titles_desc":"Adobe Photoshop&Premiere Elements 2023: Bearbeiten Sie Fotos und Videos m\u00fchelos. Kreative Tools f\u00fcr atemberaubende Projekte. Jetzt bei SwissSoftware24.","_seopress_robots_index":""},"product_brand":[],"product_cat":[91,92,97,100,83],"product_tag":[],"class_list":{"0":"post-19520","1":"product","2":"type-product","3":"status-publish","4":"has-post-thumbnail","6":"product_cat-adobe","7":"product_cat-animation","8":"product_cat-grafik-design","9":"product_cat-video","10":"product_cat-video-grafik-andere","12":"first","13":"outofstock","14":"sale","15":"taxable","16":"shipping-taxable","17":"purchasable","18":"product-type-simple"},"_links":{"self":[{"href":"https:\/\/swisssoftware24.ch\/it\/wp-json\/wp\/v2\/product\/19520","targetHints":{"allow":["GET"]}}],"collection":[{"href":"https:\/\/swisssoftware24.ch\/it\/wp-json\/wp\/v2\/product"}],"about":[{"href":"https:\/\/swisssoftware24.ch\/it\/wp-json\/wp\/v2\/types\/product"}],"wp:featuredmedia":[{"embeddable":true,"href":"https:\/\/swisssoftware24.ch\/it\/wp-json\/wp\/v2\/media\/25684"}],"wp:attachment":[{"href":"https:\/\/swisssoftware24.ch\/it\/wp-json\/wp\/v2\/media?parent=19520"}],"wp:term":[{"taxonomy":"product_brand","embeddable":true,"href":"https:\/\/swisssoftware24.ch\/it\/wp-json\/wp\/v2\/product_brand?post=19520"},{"taxonomy":"product_cat","embeddable":true,"href":"https:\/\/swisssoftware24.ch\/it\/wp-json\/wp\/v2\/product_cat?post=19520"},{"taxonomy":"product_tag","embeddable":true,"href":"https:\/\/swisssoftware24.ch\/it\/wp-json\/wp\/v2\/product_tag?post=19520"}],"curies":[{"name":"wp","href":"https:\/\/api.w.org\/{rel}","templated":true}]}}