{"id":21631,"date":"2023-11-22T12:25:07","date_gmt":"2023-11-22T11:25:07","guid":{"rendered":"https:\/\/swisssoftware24.ch\/?post_type=product&#038;p=21631"},"modified":"2025-11-29T23:56:54","modified_gmt":"2025-11-29T22:56:54","slug":"panda-dome-complete","status":"publish","type":"product","link":"https:\/\/swisssoftware24.ch\/it\/products\/panda-dome-complete\/","title":{"rendered":"Panda Dome Complete"},"content":{"rendered":"<p data-start=\"0\" data-end=\"290\">Panda Dome Complete protegge la vita digitale con protezione in tempo reale multilivello contro malware, ransomware e phishing - Windows, macOS, Android e iOS in un solo abbonamento. Leggero, rapido, discreto.<\/p>\n<p data-start=\"292\" data-end=\"555\">Con firewall avanzato, Network Inspector e VPN (fino a 150 MB\/giorno, una posizione virtuale) metti al sicuro il Wi-Fi e anonimizzai il traffico. Controllo genitori, protezione webcam, scansione USB e antifurto completano il pacchetto.<\/p>\n<p data-start=\"557\" data-end=\"820\">L\u2019edizione Complete aggiunge extra di privacy &amp; comodit\u00e0: crittografia file, tastiera virtuale, password manager e pulizia per migliorare prestazioni e autonomia. Dispositivi scattanti e dati al sicuro.<\/p>\n<p><strong>Puoi trovare maggiori informazioni su questo prodotto\u00a0<a href=\"https:\/\/swisssoftware24.ch\/it\/panda-dome-complete-vollschutz-der-alltagstauglich-bleibt\/\">qui<\/a>.<\/strong><\/p>\n<h3>Panda Dome Complete \u2013 requisiti di sistema<\/h3>\n<p>Windows<\/p>\n<p>Sistema Operativo:<br \/>\nWindows 11 (32\/64-Bit)<br \/>\nWindows 10 (32\/64-Bit)<br \/>\nWindows 8\/8.1 (32\/64-Bit)<br \/>\nWindows 7 (32\/64-Bit)<br \/>\nWindows Vista (32\/64-Bit)<br \/>\nWindows XP 32-bit (SP3 o superiore)Windows XP 32-bit (SP3 o superiore)<br \/>\nProcessore: Pentium 300 MHz o superiore<br \/>\nRAM: 256 MB<br \/>\nSpazio su disco: 240 MB di spazio libero<br \/>\nNOTA: Panda VPN richiede Windows 7 o versioni successive e .NET Framework 4.6 o versioni superiori.<\/p>\n<p>Android<\/p>\n<p>Sistema operativo: Android 4 o versioni successive<br \/>\niPhone\/iPad<\/p>\n<p>Sistema operativo: iOS 7 o versioni successive<\/p>","protected":false},"excerpt":{"rendered":"<p>Panda Dome Complete \u00e8 la tua garanzia per una sicurezza completa e totale per tutti i tuoi dispositivi, dati, privacy, identit\u00e0 online e i tuoi bambini.<\/p>\n<p><strong>SPEDITO IN 1 GIORNO TRAMITE EMAIL<\/strong><\/p>\n<div id=\"gtx-trans\" style=\"position: absolute; left: -46px; top: -10px;\">\n<div class=\"gtx-trans-icon\"><\/div>\n<\/div>","protected":false},"featured_media":25715,"template":"","meta":{"_seopress_robots_primary_cat":"none","_seopress_titles_title":"Panda Dome Complete | SwissSoftware24","_seopress_titles_desc":"Panda Dome Complete: Vollst\u00e4ndiger Schutz f\u00fcr Ihre Ger\u00e4te. Inklusive Antivirus, VPN, Passwort-Manager und mehr. Jetzt bei SwissSoftware24 erh\u00e4ltlich.","_seopress_robots_index":""},"product_brand":[],"product_cat":[93,63,130,115],"product_tag":[],"class_list":{"0":"post-21631","1":"product","2":"type-product","3":"status-publish","4":"has-post-thumbnail","6":"product_cat-antivirus","7":"product_cat-antivirus-security","8":"product_cat-antivirushome","9":"product_cat-panda","11":"first","12":"instock","13":"sale","14":"taxable","15":"shipping-taxable","16":"purchasable","17":"product-type-variable"},"_links":{"self":[{"href":"https:\/\/swisssoftware24.ch\/it\/wp-json\/wp\/v2\/product\/21631","targetHints":{"allow":["GET"]}}],"collection":[{"href":"https:\/\/swisssoftware24.ch\/it\/wp-json\/wp\/v2\/product"}],"about":[{"href":"https:\/\/swisssoftware24.ch\/it\/wp-json\/wp\/v2\/types\/product"}],"wp:featuredmedia":[{"embeddable":true,"href":"https:\/\/swisssoftware24.ch\/it\/wp-json\/wp\/v2\/media\/25715"}],"wp:attachment":[{"href":"https:\/\/swisssoftware24.ch\/it\/wp-json\/wp\/v2\/media?parent=21631"}],"wp:term":[{"taxonomy":"product_brand","embeddable":true,"href":"https:\/\/swisssoftware24.ch\/it\/wp-json\/wp\/v2\/product_brand?post=21631"},{"taxonomy":"product_cat","embeddable":true,"href":"https:\/\/swisssoftware24.ch\/it\/wp-json\/wp\/v2\/product_cat?post=21631"},{"taxonomy":"product_tag","embeddable":true,"href":"https:\/\/swisssoftware24.ch\/it\/wp-json\/wp\/v2\/product_tag?post=21631"}],"curies":[{"name":"wp","href":"https:\/\/api.w.org\/{rel}","templated":true}]}}