{"id":22024,"date":"2023-12-04T11:35:42","date_gmt":"2023-12-04T10:35:42","guid":{"rendered":"https:\/\/swisssoftware24.ch\/?post_type=product&#038;p=22024"},"modified":"2025-11-29T23:56:54","modified_gmt":"2025-11-29T22:56:54","slug":"adobe-photoshop-elements-2024","status":"publish","type":"product","link":"https:\/\/swisssoftware24.ch\/it\/products\/adobe-photoshop-elements-2024\/","title":{"rendered":"Adobe Photoshop Elements 2024"},"content":{"rendered":"<h1>Adobe Photoshop Elements 2024 &#8211; wichtigste Funktionen<\/h1>\n<ol>\n<li><strong>Integrazione con il cloud:<\/strong> f\u00fcr den einfachen Zugriff und das Teilen Ihrer Werke.<\/li>\n<li><strong>Intuitive Organisationswerkzeuge<\/strong> f\u00fcr eine effiziente Verwaltung Ihrer Bildbibliothek.<\/li>\n<li><strong>Adobe Sensei KI-Technologie<\/strong> f\u00fcr die automatisierte Auswahl und Bearbeitung von Bildsegmenten.<\/li>\n<li><strong>Erstellung von dynamischen Fotoslideshows<\/strong> mit Texten, Grafiken und Spezialeffekten.<\/li>\n<li><strong>Zugriff auf Adobe Stock Fotos<\/strong> und die Nutzung einer mobilen App mit vielseitigen, automatisierten Bearbeitungsoptionen.<\/li>\n<li><strong>Innovative visuelle Effekte<\/strong>, darunter Matrix- und Bokeh-Effekte, um Ihren Bildern einen einzigartigen Charakter zu verleihen.<\/li>\n<li><strong>Vielf\u00e4ltige Textbearbeitungsm\u00f6glichkeiten<\/strong> f\u00fcr stilvolle, aussagekr\u00e4ftige Beschriftungen.<\/li>\n<\/ol>\n<h2>Adobe Photoshop Elements 2024 &#8211; ausf\u00fchrliche Produktbeschreibung<\/h2>\n<p>Adobe Photoshop Elements 2024 hebt sich durch seine Benutzerfreundlichkeit und Effizienz hervor. Die <strong>Adobe Sensei KI<\/strong> revolutioniert die Bearbeitung durch Features wie die automatische Himmel- und Hintergrundauswahl, wodurch zeitaufw\u00e4ndige Bearbeitungsschritte vereinfacht werden. Die Integration mit <strong>Adobe Stock<\/strong> er\u00f6ffnet eine Welt hochwertiger Bilder f\u00fcr Ihre Projekte, w\u00e4hrend die zugeh\u00f6rige mobile App eine nahtlose Bearbeitung und Synchronisierung Ihrer Arbeiten \u00fcber alle Ger\u00e4te hinweg erm\u00f6glicht.<\/p>\n<p>Neben diesen Neuerungen bietet Adobe Photoshop Elements weiterhin beliebte Bearbeitungswerkzeuge und -effekte, die es Benutzern erlauben, ihre Kreativit\u00e4t voll auszusch\u00f6pfen. Die Software unterst\u00fctzt sowohl die Erstellung von Fotoslideshows mit eingebetteten Spezialeffekten als auch die Nutzung verschiedener Textwerkzeuge f\u00fcr das Design einzigartiger Beschriftungen und Titel.<\/p>\n<p>Sicherheitsfunktionen und die <strong>Erstellung barrierefreier Inhalte<\/strong> sind ebenfalls Teil des umfassenden Pakets, das Adobe Photoshop Elements 2024 zu bieten hat. Verbesserungen in der Organisation und Verwaltung von Projekten erm\u00f6glichen ein schnelleres Auffinden und Sortieren von Bildern, wobei Cloud-Speicherl\u00f6sungen eine sichere Aufbewahrung und einfachen Zugriff auf Ihre Daten garantieren.<\/p>\n<p>Mit seiner verbesserten Benutzeroberfl\u00e4che, die sowohl einen hellen als auch einen dunklen Modus bietet, modernen Designelementen und einer F\u00fclle von Funktionen ist Adobe Photoshop Elements 2024 nicht nur eine Software f\u00fcr die Bildbearbeitung, sondern ein unverzichtbares Werkzeug f\u00fcr jeden, der seine kreativen Visionen in die Realit\u00e4t umsetzen m\u00f6chte.<\/p>\n<h3>Adobe Photoshop Elements 2024 &#8211; anforderungen<\/h3>\n<p>Windows-System:<\/p>\n<ul>\n<li>Processore: Intel di 6a generazione o superiore (o AMD equivalente) con supporto SSE 4.1<\/li>\n<li>Microsoft Windows 10 (Version 22H2); Windows 11 (Version 22H2); Nur 64-Bit-Versionen; keine Unterst\u00fctzung f\u00fcr Windows 7 und Windows 8.1<\/li>\n<li>RAM: 8 GB<\/li>\n<li>8 GB verf\u00fcgbarer Speicherplatz f\u00fcr die Installation von Anwendungen; zus\u00e4tzlicher Speicherplatz f\u00fcr herunterladbare Online-Inhalte und tempor\u00e4re Dateien, w\u00e4hrend Sie das Produkt installieren und verwenden; kann nicht auf einem Dateisystem, bei dem die Gro\u00df-\/Kleinschreibung beachtet wird, oder auf entfernbaren Flash-Speicherger\u00e4ten installiert werden<\/li>\n<li>Risoluzione display: 1280 x 800 (fattore di scala al 100%).<\/li>\n<li>Microsoft DirectX 12-kompatibler Anzeigetreiber<\/li>\n<li>Internetverbindung zur Produktaktivierung und zum Herunterladen von Online-Funktionen und -Inhalten<\/li>\n<\/ul>\n<p>Mac OS:<\/p>\n<ul>\n<li>Intel-Prozessor der 6. Generation oder h\u00f6her oder Apple M1 oder h\u00f6her<\/li>\n<li>macOS 12, macOS 13 (13.4 oder h\u00f6her)<\/li>\n<li>RAM: 8 GB<\/li>\n<li>6 GB verf\u00fcgbarer Speicherplatz f\u00fcr die Installation von Anwendungen; zus\u00e4tzlicher Speicherplatz f\u00fcr herunterladbare Online-Inhalte und tempor\u00e4re Dateien, w\u00e4hrend Sie das Produkt installieren und verwenden; kann nicht auf einem Dateisystem, bei dem die Gro\u00df-\/Kleinschreibung beachtet wird, oder auf entfernbaren Flash-Speicherger\u00e4ten installiert werden<\/li>\n<li>Risoluzione display: 1280 x 800 (fattore di scala al 100%).<\/li>\n<li>Internetverbindung zur Produktaktivierung und zum Herunterladen von Online-Funktionen und -Inhalten<\/li>\n<\/ul>","protected":false},"excerpt":{"rendered":"<div class=\"text aem-GridColumn--tablet--12 aem-GridColumn--offset--tablet--0 aem-GridColumn--phone--hide aem-GridColumn--phone--12 aem-GridColumn aem-GridColumn--default--12 aem-GridColumn--offset--phone--0 aem-GridColumn--tablet--hide\">\n<div class=\"cmp-text mobile-padding-top-100 mobile-padding-bottom-20 tablet-padding-top-100 tablet-padding-bottom-0 tablet-padding-left-44 desktop-padding-top-28 NoMargin heading-XXL\">\n<p>Adobe Photoshop Elements 2024 ist die neueste Innovation f\u00fcr Kreativprofis, die eine einfache, aber leistungsstarke L\u00f6sung zur Bildbearbeitung suchen. Beim Kauf dieses Produkts erhalten Sie eine <strong>dauerhafte Lizenz<\/strong> f\u00fcr ein vielseitiges Bildbearbeitungsprogramm, das sich durch eine breite Palette von Funktionen auszeichnet und die Arbeit von Grafikdesignern, Fotografen und Designern revolutioniert.<\/p>\n<p>Diese mehrsprachige Software, verf\u00fcgbar f\u00fcr Windows- und macOS-Betriebssysteme sowie Android- und iOS-Mobilger\u00e4te, bietet Zugang zu zehn Sprachoptionen und verbindet sich nahtlos mit Cloud-Diensten f\u00fcr eine flexible Dateiverwaltung.<\/p>\n<\/div>\n<\/div>\n<div class=\"text aem-GridColumn aem-GridColumn--default--12\">\n<div class=\"cmp-text desktop-padding-left-44 NoMargin heading-S\">\n<p><strong>SPEDITO IN 1 GIORNO TRAMITE EMAIL<\/strong><\/p>\n<\/div>\n<\/div>","protected":false},"featured_media":25690,"template":"","meta":{"_seopress_robots_primary_cat":"none","_seopress_titles_title":"Adobe Photoshop Elements 2024 | SwissSoftware24","_seopress_titles_desc":"Adobe Photoshop Elements 2024: Bearbeiten und verbessern Sie Ihre Fotos m\u00fchelos. Kreative Effekte und einfache Bedienung. Jetzt bei SwissSoftware24 erh\u00e4ltlich.","_seopress_robots_index":""},"product_brand":[],"product_cat":[91,97,82,83],"product_tag":[],"class_list":{"0":"post-22024","1":"product","2":"type-product","3":"status-publish","4":"has-post-thumbnail","6":"product_cat-adobe","7":"product_cat-grafik-design","8":"product_cat-video-grafik","9":"product_cat-video-grafik-andere","11":"first","12":"outofstock","13":"sale","14":"taxable","15":"shipping-taxable","16":"purchasable","17":"product-type-variable"},"_links":{"self":[{"href":"https:\/\/swisssoftware24.ch\/it\/wp-json\/wp\/v2\/product\/22024","targetHints":{"allow":["GET"]}}],"collection":[{"href":"https:\/\/swisssoftware24.ch\/it\/wp-json\/wp\/v2\/product"}],"about":[{"href":"https:\/\/swisssoftware24.ch\/it\/wp-json\/wp\/v2\/types\/product"}],"wp:featuredmedia":[{"embeddable":true,"href":"https:\/\/swisssoftware24.ch\/it\/wp-json\/wp\/v2\/media\/25690"}],"wp:attachment":[{"href":"https:\/\/swisssoftware24.ch\/it\/wp-json\/wp\/v2\/media?parent=22024"}],"wp:term":[{"taxonomy":"product_brand","embeddable":true,"href":"https:\/\/swisssoftware24.ch\/it\/wp-json\/wp\/v2\/product_brand?post=22024"},{"taxonomy":"product_cat","embeddable":true,"href":"https:\/\/swisssoftware24.ch\/it\/wp-json\/wp\/v2\/product_cat?post=22024"},{"taxonomy":"product_tag","embeddable":true,"href":"https:\/\/swisssoftware24.ch\/it\/wp-json\/wp\/v2\/product_tag?post=22024"}],"curies":[{"name":"wp","href":"https:\/\/api.w.org\/{rel}","templated":true}]}}