{"id":22033,"date":"2023-12-04T13:11:23","date_gmt":"2023-12-04T12:11:23","guid":{"rendered":"https:\/\/swisssoftware24.ch\/?post_type=product&#038;p=22033"},"modified":"2026-04-09T15:41:22","modified_gmt":"2026-04-09T13:41:22","slug":"adobe-photoshop-elements-2024-2","status":"publish","type":"product","link":"https:\/\/swisssoftware24.ch\/it\/products\/adobe-photoshop-elements-2024-2\/","title":{"rendered":"Adobe Premiere Elements 2024"},"content":{"rendered":"<div class=\"text NoMargin dx-text-mobile--center dx-text-tablet--right dx-text-desktop--center heading-XXL aem-GridColumn--tablet--12 aem-GridColumn--offset--tablet--0 aem-GridColumn--phone--hide aem-GridColumn--phone--12 aem-GridColumn aem-GridColumn--default--12 aem-GridColumn--offset--phone--0 aem-GridColumn--tablet--hide\">\n<div class=\"cmp-text mobile-padding-top-100 mobile-padding-bottom-20 tablet-padding-top-100 tablet-padding-bottom-0 tablet-padding-left-44 desktop-padding-top-28 NoMargin heading-XXL\"><\/div>\n<\/div>\n<div class=\"text NoMargin heading-M aem-GridColumn aem-GridColumn--default--12\">\n<div class=\"cmp-text desktop-padding-left-44 NoMargin heading-S\">\n<div class=\"text aem-GridColumn aem-GridColumn--default--12\">\n<div class=\"cmp-text mobile-padding-top-16 NoMargin body-XL\">\n<div class=\"text aem-GridColumn aem-GridColumn--default--12\">\n<div class=\"cmp-text mobile-padding-top-16 NoMargin body-XL\">\n<div class=\"text aem-GridColumn aem-GridColumn--default--12\">\n<div class=\"cmp-text mobile-padding-top-16 NoMargin body-XL\">\n<div class=\"text aem-GridColumn aem-GridColumn--default--12\">\n<div class=\"cmp-text mobile-padding-top-16 NoMargin body-XL\">\n<div class=\"text aem-GridColumn aem-GridColumn--default--12\">\n<div class=\"cmp-text mobile-padding-top-16 NoMargin body-XL\">\n<p data-start=\"0\" data-end=\"345\">Adobe Premiere Elements 2024 \u00e8 il programma di montaggio video per chi vuole creare clip di alta qualit\u00e0 senza interfacce professionali complesse. Tre modalit\u00e0 di editing (Rapida, Guidata e Avanzata) aiutano a procedere passo dopo passo, dal primo taglio a una timeline rifinita.<\/p>\n<p data-start=\"347\" data-end=\"695\">La versione 2024 offre un\u2019interfaccia modernizzata con temi chiaro e scuro, nuova grafica, tempi di avvio pi\u00f9 rapidi e funzioni basate sull\u2019IA come Highlight Reels e Color Match. Le clip possono essere armonizzate nei colori con un clic, pre-ordinate automaticamente e arricchite con nuovi effetti audio.<\/p>\n<p data-start=\"697\" data-end=\"1045\">Che si tratti di video per i social, vlog di viaggio o film di famiglia, Adobe Premiere Elements 2024 combina automazioni e strumenti precisi. Il montaggio video diventa accessibile ai principianti, mentre gli utenti esperti mantengono il controllo necessario per un color grading accurato, un buon mix audio e l\u2019export nei formati pi\u00f9 comuni.<\/p>\n<p><strong>Puoi trovare maggiori informazioni su questo prodotto\u00a0<a href=\"https:\/\/swisssoftware24.ch\/it\/adobe-premiere-elements-2024-schneller-zum-fertigen-video\/\">qui<\/a>.<\/strong><\/p>\n<div class=\"text aem-GridColumn aem-GridColumn--default--12\">\n<div class=\"cmp-text mobile-padding-top-16 NoMargin body-XL\">\n<div class=\"text aem-GridColumn aem-GridColumn--default--12\">\n<div class=\"cmp-text mobile-padding-top-16 NoMargin body-XL\">\n<h2>Adobe Premiere Elements 2024 \u2013 requisiti di sistema<\/h2>\n<h3>Windows<\/h3>\n<ul>\n<li>Processore: Intel di 6a generazione o superiore (o AMD equivalente) con supporto SSE 4.1<\/li>\n<li>Sistema operativo: Windows 10 (Versione 21H1, consigliata 21H2), Windows 11 (Versione 21H2); solo versioni a 64 bit. Nessun supporto per Windows 7 o 8.1.<\/li>\n<li>RAM: 8 GB<\/li>\n<li>Spazio disco: 5 GB disponibili per l\u2019installazione; ulteriore spazio per contenuti scaricabili online e file temporanei. Non compatibile con file system che distinguono maiuscole\/minuscole o con dispositivi di archiviazione rimovibili.<\/li>\n<li>Risoluzione display: 1280 x 800 (fattore di scala al 100%).<\/li>\n<li>Driver: compatibili con Microsoft DirectX 12.<\/li>\n<li>Media Player: richiesto per l\u2019importazione di file Windows Media.<\/li>\n<\/ul>\n<h3>macOS<\/h3>\n<ul>\n<li>Processore: Intel di 6a generazione o Apple M1.<\/li>\n<li>Sistema operativo: macOS 11, macOS 12 (12.4 o superiore).<\/li>\n<li>RAM: 8 GB<\/li>\n<li>Spazio disco: 6 GB disponibili per l\u2019installazione; ulteriore spazio per contenuti online e file temporanei. Non compatibile con file system che distinguono maiuscole\/minuscole o dispositivi rimovibili.<\/li>\n<li>Risoluzione display: 1280 x 800 (fattore di scala al 100%).<\/li>\n<\/ul>\n<\/div>\n<\/div>\n<\/div>\n<\/div>\n<\/div>\n<\/div>\n<\/div>\n<\/div>\n<\/div>\n<\/div>\n<\/div>\n<\/div>\n<\/div>\n<\/div>\n<\/div>\n<\/div>","protected":false},"excerpt":{"rendered":"<div class=\"text NoMargin dx-text-mobile--center dx-text-tablet--right dx-text-desktop--center heading-XXL aem-GridColumn--tablet--12 aem-GridColumn--offset--tablet--0 aem-GridColumn--phone--hide aem-GridColumn--phone--12 aem-GridColumn aem-GridColumn--default--12 aem-GridColumn--offset--phone--0 aem-GridColumn--tablet--hide\">\n<div class=\"cmp-text mobile-padding-top-100 mobile-padding-bottom-20 tablet-padding-top-100 tablet-padding-bottom-0 tablet-padding-left-44 desktop-padding-top-28 NoMargin heading-XXL\">\n<p><strong>Video sensazionali in pochi secondi<\/strong><\/p>\n<\/div>\n<\/div>\n<div class=\"text NoMargin heading-M aem-GridColumn aem-GridColumn--default--12\">\n<div class=\"cmp-text desktop-padding-left-44 NoMargin heading-S\">\n<p><span class=\"type-light\">L\u2019intelligenza artificiale, l\u2019automazione e un\u2019interfaccia rinnovata semplificano l\u2019editing video.<\/span><\/p>\n<p><strong>SPEDITO IN 1 GIORNO TRAMITE EMAIL<\/strong><\/p>\n<\/div>\n<\/div>","protected":false},"featured_media":25688,"template":"","meta":{"_seopress_robots_primary_cat":"none","_seopress_titles_title":"Adobe Premiere Elements 2024 | Video-Editor | SwissSoftware24","_seopress_titles_desc":"Adobe Premiere Elements 2024: Erstellen und bearbeiten Sie beeindruckende Videos. Einfach zu bedienende Tools f\u00fcr jeden Anlass. Jetzt bei SwissSoftware24.","_seopress_robots_index":""},"product_brand":[],"product_cat":[91,92,97,100,82,83],"product_tag":[],"class_list":{"0":"post-22033","1":"product","2":"type-product","3":"status-publish","4":"has-post-thumbnail","6":"product_cat-adobe","7":"product_cat-animation","8":"product_cat-grafik-design","9":"product_cat-video","10":"product_cat-video-grafik","11":"product_cat-video-grafik-andere","13":"first","14":"outofstock","15":"taxable","16":"shipping-taxable","17":"purchasable","18":"product-type-simple"},"_links":{"self":[{"href":"https:\/\/swisssoftware24.ch\/it\/wp-json\/wp\/v2\/product\/22033","targetHints":{"allow":["GET"]}}],"collection":[{"href":"https:\/\/swisssoftware24.ch\/it\/wp-json\/wp\/v2\/product"}],"about":[{"href":"https:\/\/swisssoftware24.ch\/it\/wp-json\/wp\/v2\/types\/product"}],"wp:featuredmedia":[{"embeddable":true,"href":"https:\/\/swisssoftware24.ch\/it\/wp-json\/wp\/v2\/media\/25688"}],"wp:attachment":[{"href":"https:\/\/swisssoftware24.ch\/it\/wp-json\/wp\/v2\/media?parent=22033"}],"wp:term":[{"taxonomy":"product_brand","embeddable":true,"href":"https:\/\/swisssoftware24.ch\/it\/wp-json\/wp\/v2\/product_brand?post=22033"},{"taxonomy":"product_cat","embeddable":true,"href":"https:\/\/swisssoftware24.ch\/it\/wp-json\/wp\/v2\/product_cat?post=22033"},{"taxonomy":"product_tag","embeddable":true,"href":"https:\/\/swisssoftware24.ch\/it\/wp-json\/wp\/v2\/product_tag?post=22033"}],"curies":[{"name":"wp","href":"https:\/\/api.w.org\/{rel}","templated":true}]}}