{"id":22211,"date":"2023-12-11T12:00:06","date_gmt":"2023-12-11T11:00:06","guid":{"rendered":"https:\/\/swisssoftware24.ch\/?post_type=product&#038;p=22211"},"modified":"2025-11-29T23:56:54","modified_gmt":"2025-11-29T22:56:54","slug":"adobe-photoshop-elements-2024-premiere-elements-2024","status":"publish","type":"product","link":"https:\/\/swisssoftware24.ch\/it\/products\/adobe-photoshop-elements-2024-premiere-elements-2024\/","title":{"rendered":"Adobe Photoshop Elements 2024 + Premiere Elements 2024"},"content":{"rendered":"<div class=\"text aem-GridColumn--tablet--12 aem-GridColumn--offset--tablet--0 aem-GridColumn--phone--hide aem-GridColumn--phone--12 aem-GridColumn aem-GridColumn--default--12 aem-GridColumn--offset--phone--0 aem-GridColumn--tablet--hide\">\n<div class=\"cmp-text mobile-padding-top-100 mobile-padding-bottom-20 tablet-padding-top-100 tablet-padding-bottom-0 tablet-padding-left-44 desktop-padding-top-28 NoMargin heading-XXL\">\n<h1><strong>Adobe Photoshop &amp; Premiere Elements 2024 \u2013 Dalla ritoccatina veloce alla trasformazione completa<\/strong><\/h1>\n<\/div>\n<\/div>\n<div class=\"text aem-GridColumn aem-GridColumn--default--12\">\n<div class=\"cmp-text desktop-padding-left-44 NoMargin heading-S\">\n<p><span class=\"type-light\">L\u2019intelligenza artificiale (AI), l\u2019automazione e un\u2019interfaccia rinnovata rendono l\u2019editing di foto e video ancora pi\u00f9 semplice.<\/span><\/p>\n<div class=\"text aem-GridColumn aem-GridColumn--default--12\">\n<div class=\"cmp-text NoMargin heading-XL\">\n<p><b>Pi\u00f9 fresco. Pi\u00f9 intelligente. Pi\u00f9 creativo.<\/b><\/p>\n<\/div>\n<\/div>\n<div class=\"text aem-GridColumn aem-GridColumn--default--12\">\n<div class=\"cmp-text mobile-padding-top-16 NoMargin body-XL\">\n<p>Adatta automaticamente colori e tonalit\u00e0 delle immagini. Scegli un cielo o uno sfondo per le foto con un solo clic, grazie all\u2019intelligenza artificiale di Adobe Sensei.<\/p>\n<div class=\"text aem-GridColumn aem-GridColumn--default--12\">\n<div class=\"cmp-text NoMargin heading-XL\">\n<p><b>Funzioni principali<\/b><\/p>\n<\/div>\n<\/div>\n<div class=\"text aem-GridColumn aem-GridColumn--default--12\">\n<div class=\"cmp-text mobile-padding-top-16 NoMargin body-XL\">\n<p>Utilizza le seguenti funzionalit\u00e0 per regolare i dettagli o dare alle tue foto un aspetto completamente nuovo.<\/p>\n<div class=\"text aem-GridColumn aem-GridColumn--default--12\">\n<div class=\"cmp-text NoMargin heading-XL\">\n<p><b>Foto con un tocco di AI<\/b><\/p>\n<\/div>\n<\/div>\n<div class=\"text aem-GridColumn aem-GridColumn--default--12\">\n<div class=\"cmp-text mobile-padding-top-16 NoMargin body-XL\">\n<p>Modifica le immagini con la potenza dell\u2019AI: Adobe Sensei* e le opzioni automatizzate fanno il lavoro per te, cos\u00ec puoi concentrarti sulle tue idee creative.<\/p>\n<div class=\"text aem-GridColumn aem-GridColumn--default--12\">\n<div class=\"cmp-text NoMargin heading-XL\">\n<p><b>Impara con i tutorial<\/b><\/p>\n<\/div>\n<\/div>\n<div class=\"text aem-GridColumn aem-GridColumn--default--12\">\n<div class=\"cmp-text mobile-padding-top-16 NoMargin body-XL\">\n<p>62 tutorial passo-passo ti mostrano come fare modifiche rapide, creare composizioni personalizzate o applicare effetti mozzafiato.<\/p>\n<div class=\"text aem-GridColumn aem-GridColumn--default--12\">\n<div class=\"cmp-text NoMargin heading-XL\">\n<p><b>Risparmia tempo con i modelli<\/b><\/p>\n<\/div>\n<\/div>\n<div class=\"text aem-GridColumn aem-GridColumn--default--12\">\n<div class=\"cmp-text mobile-padding-top-16 NoMargin body-XL\">\n<p>Presenta le tue foto migliori con collage, diapositive, grafiche con citazioni o video-reel creati automaticamente.<\/p>\n<div class=\"text aem-GridColumn aem-GridColumn--default--12\">\n<div class=\"cmp-text NoMargin heading-XL\">\n<p><b>Libera la creativit\u00e0 ovunque ti trovi<\/b><\/p>\n<\/div>\n<\/div>\n<div class=\"text aem-GridColumn aem-GridColumn--default--12\">\n<div class=\"cmp-text mobile-padding-top-16 NoMargin body-XL\">\n<p>Apri, modifica e condividi le tue foto con Elements sul web, smartphone o tablet. Nel browser, aggiungi overlay creativi o applica correzioni rapide direttamente dalla Mobile App. (Versioni beta disponibili solo in inglese per i clienti con una licenza di Photoshop Elements e\/o Premiere Elements.)<\/p>\n<div class=\"text aem-GridColumn aem-GridColumn--default--12\">\n<div class=\"cmp-text NoMargin heading-XL\">\n<p><b>Gestisci facilmente le tue foto<\/b><\/p>\n<\/div>\n<\/div>\n<div class=\"text aem-GridColumn aem-GridColumn--default--12\">\n<div class=\"cmp-text mobile-padding-top-16 NoMargin body-XL\">\n<p>Organizza la tua libreria fotografica con ordinamento e backup automatici. Trova velocemente ci\u00f2 che cerchi grazie al tagging e alla curatela automatica.<\/p>\n<div class=\"text NoMargin dx-text-mobile--center dx-text-tablet--right dx-text-desktop--center heading-XXL aem-GridColumn--tablet--12 aem-GridColumn--offset--tablet--0 aem-GridColumn--phone--hide aem-GridColumn--phone--12 aem-GridColumn aem-GridColumn--default--12 aem-GridColumn--offset--phone--0 aem-GridColumn--tablet--hide\">\n<div class=\"cmp-text mobile-padding-top-100 mobile-padding-bottom-20 tablet-padding-top-100 tablet-padding-bottom-0 tablet-padding-left-44 desktop-padding-top-28 NoMargin heading-XXL\">\n<h2>Adobe Photoshop Elements 2024 + Premiere Elements 2024 \u2013 Funzionalit\u00e0 aggiuntive<\/h2>\n<p><strong>Video sensazionali in pochi secondi<\/strong><\/p>\n<\/div>\n<\/div>\n<div class=\"text NoMargin heading-M aem-GridColumn aem-GridColumn--default--12\">\n<div class=\"cmp-text desktop-padding-left-44 NoMargin heading-S\">\n<p><span class=\"type-light\">L\u2019intelligenza artificiale, l\u2019automazione e un\u2019interfaccia rinnovata semplificano l\u2019editing video.<\/span><\/p>\n<div class=\"text aem-GridColumn aem-GridColumn--default--12\">\n<div class=\"cmp-text heading-XL\">\n<p><b>Pi\u00f9 fresco. Pi\u00f9 intelligente. Pi\u00f9 creativo.<\/b><\/p>\n<\/div>\n<\/div>\n<div class=\"text aem-GridColumn aem-GridColumn--default--12\">\n<div class=\"cmp-text mobile-padding-top-16 NoMargin body-XL\">\n<p>Adatta automaticamente colori e tonalit\u00e0 di foto e video, oppure crea highlight-reels con le tue riprese migliori.<\/p>\n<div class=\"text aem-GridColumn aem-GridColumn--default--12\">\n<div class=\"cmp-text heading-XL\">\n<p><b>Funzioni principali<\/b><\/p>\n<\/div>\n<\/div>\n<div class=\"text aem-GridColumn aem-GridColumn--default--12\">\n<div class=\"cmp-text mobile-padding-top-16 NoMargin body-XL\">\n<p>Utilizza le seguenti funzionalit\u00e0 per personalizzare i dettagli o dare ai tuoi video un aspetto completamente nuovo.<\/p>\n<div class=\"text aem-GridColumn aem-GridColumn--default--12\">\n<div class=\"cmp-text heading-XL\">\n<p><b>Modifica video con la potenza dell'intelligenza artificiale.<\/b><\/p>\n<\/div>\n<\/div>\n<div class=\"text aem-GridColumn aem-GridColumn--default--12\">\n<div class=\"cmp-text mobile-padding-top-16 NoMargin body-XL\">\n<p>La tecnologia AI e le opzioni automatizzate di Adobe Sensei* lavorano per te. Ci\u00f2 significa che puoi concentrarti interamente sulla realizzazione delle tue idee.<\/p>\n<div class=\"text aem-GridColumn aem-GridColumn--default--12\">\n<div class=\"cmp-text heading-XL\">\n<p><b>Impara con i tutorial<\/b><\/p>\n<\/div>\n<\/div>\n<div class=\"text aem-GridColumn aem-GridColumn--default--12\">\n<div class=\"cmp-text mobile-padding-top-16 NoMargin body-XL\">\n<p>26 istruzioni ti mostrano passo dopo passo come apportare correzioni rapide, applicare effetti cinematografici o inserire animazioni divertenti.<\/p>\n<div class=\"text aem-GridColumn aem-GridColumn--default--12\">\n<div class=\"cmp-text heading-XL\">\n<p><b>Risparmia tempo con i modelli<\/b><\/p>\n<\/div>\n<\/div>\n<div class=\"text aem-GridColumn aem-GridColumn--default--12\">\n<div class=\"cmp-text mobile-padding-top-16 NoMargin body-XL\">\n<p>Mostra le tue clip pi\u00f9 belle con i momenti salienti, le presentazioni, i collage, i titoli in movimento e i post social animati.<\/p>\n<div class=\"text aem-GridColumn aem-GridColumn--default--12\">\n<div class=\"cmp-text heading-XL\">\n<p><b>Libera la creativit\u00e0 ovunque ti trovi<\/b><\/p>\n<\/div>\n<\/div>\n<div class=\"text aem-GridColumn aem-GridColumn--default--12\">\n<div class=\"cmp-text mobile-padding-top-16 NoMargin body-XL\">\n<p>Apri, modifica e condividi foto e video con Elements sul tuo desktop, smartphone o tablet. (VERSIONI BETA, SOLO IN INGLESE)<\/p>\n<div class=\"text aem-GridColumn aem-GridColumn--default--12\">\n<div class=\"cmp-text heading-XL\">\n<p><b>Gestisci facilmente le tue foto e i tuoi video.<\/b><\/p>\n<\/div>\n<\/div>\n<div class=\"text aem-GridColumn aem-GridColumn--default--12\">\n<div class=\"cmp-text mobile-padding-top-16 NoMargin body-XL\">\n<p>Organizza la tua raccolta video con l'ordinamento e il backup automatici. Accelera le ricerche con tagging automatico, curation automatico e riconoscimento facciale.<\/p>\n<h2>Adobe Photoshop &amp; Premiere Elements 2024 \u2013 requisiti di sistema<\/h2>\n<h3>Windows<\/h3>\n<ul>\n<li>Processore: Intel di 6a generazione o superiore (o AMD equivalente) con supporto SSE 4.1<\/li>\n<li>Sistema operativo: Windows 10 (Versione 21H1, consigliata 21H2), Windows 11 (Versione 21H2); solo versioni a 64 bit. Nessun supporto per Windows 7 o 8.1.<\/li>\n<li>RAM: 8 GB<\/li>\n<li>Spazio disco: 5 GB disponibili per l\u2019installazione; ulteriore spazio per contenuti scaricabili online e file temporanei. Non compatibile con file system che distinguono maiuscole\/minuscole o con dispositivi di archiviazione rimovibili.<\/li>\n<li>Risoluzione display: 1280 x 800 (fattore di scala al 100%).<\/li>\n<li>Driver: compatibili con Microsoft DirectX 12.<\/li>\n<li>Media Player: richiesto per l\u2019importazione di file Windows Media.<\/li>\n<\/ul>\n<h3>macOS<\/h3>\n<ul>\n<li>Processore: Intel di 6a generazione o Apple M1.<\/li>\n<li>Sistema operativo: macOS 11, macOS 12 (12.4 o superiore).<\/li>\n<li>RAM: 8 GB<\/li>\n<li>Spazio disco: 6 GB disponibili per l\u2019installazione; ulteriore spazio per contenuti online e file temporanei. Non compatibile con file system che distinguono maiuscole\/minuscole o dispositivi rimovibili.<\/li>\n<li>Risoluzione display: 1280 x 800 (fattore di scala al 100%).<\/li>\n<\/ul>\n<h3>Windows e macOS<\/h3>\n<ul>\n<li>Connessione Internet per l'attivazione del prodotto e il download dei contenuti online<\/li>\n<li>Specifiche consigliate:\n<ul>\n<li>Processore: Intel di 7a generazione o superiore (o AMD equivalente) con supporto per SSE4.1 e AVX.<\/li>\n<li>RAM: 16 GB per contenuti HD<\/li>\n<li>32 GB o pi\u00f9 per 4K.<\/li>\n<li>GPU: 4 GB di memoria (VRAM).<\/li>\n<li>Archiviazione: SSD interna veloce per l\u2019installazione del software e per la cache.<\/li>\n<li>Unit\u00e0 multimediali veloci aggiuntive<\/li>\n<\/ul>\n<\/li>\n<li>AVCHD (importazione), MPEG-1 (importazione), MPEG-2 (importazione), MPEG-4 (importazione), HEVC (importazione), DV-AVI (importazione in Windows), Windows Media (importazione in Windows), Apple ProRes (Importazione), H.264, HDV, MP3, QuickTime (codec limitati) e altro ancora<\/li>\n<li>* Elenco delle GPU consigliate: www.adobe.com\/go\/pregpu_pl<\/li>\n<\/ul>\n<\/div>\n<\/div>\n<\/div>\n<\/div>\n<\/div>\n<\/div>\n<\/div>\n<\/div>\n<\/div>\n<\/div>\n<\/div>\n<\/div>\n<\/div>\n<\/div>\n<\/div>\n<\/div>\n<\/div>\n<\/div>\n<\/div>\n<\/div>\n<\/div>\n<\/div>\n<\/div>\n<\/div>\n<\/div>\n<\/div>\n<\/div>\n<\/div>\n<\/div>\n<\/div>\n<\/div>\n<\/div>","protected":false},"excerpt":{"rendered":"<p>Una serie di programmi per una gestione completa di video e grafica. Risparmia acquistandoli insieme!<\/p>\n<p><strong>SPEDITO IN 1 GIORNO TRAMITE EMAIL<\/strong><\/p>","protected":false},"featured_media":25686,"template":"","meta":{"_seopress_robots_primary_cat":"none","_seopress_titles_title":"Adobe Photoshop&Premiere Elements 2024 | SwissSoftware24","_seopress_titles_desc":"Adobe Photoshop&Premiere Elements 2024: Bearbeiten Sie Fotos und Videos m\u00fchelos. Kreative Tools f\u00fcr atemberaubende Projekte. Jetzt bei SwissSoftware24.","_seopress_robots_index":""},"product_brand":[],"product_cat":[91,92,97,100,82,83],"product_tag":[],"class_list":{"0":"post-22211","1":"product","2":"type-product","3":"status-publish","4":"has-post-thumbnail","6":"product_cat-adobe","7":"product_cat-animation","8":"product_cat-grafik-design","9":"product_cat-video","10":"product_cat-video-grafik","11":"product_cat-video-grafik-andere","13":"first","14":"outofstock","15":"sale","16":"taxable","17":"shipping-taxable","18":"purchasable","19":"product-type-simple"},"_links":{"self":[{"href":"https:\/\/swisssoftware24.ch\/it\/wp-json\/wp\/v2\/product\/22211","targetHints":{"allow":["GET"]}}],"collection":[{"href":"https:\/\/swisssoftware24.ch\/it\/wp-json\/wp\/v2\/product"}],"about":[{"href":"https:\/\/swisssoftware24.ch\/it\/wp-json\/wp\/v2\/types\/product"}],"wp:featuredmedia":[{"embeddable":true,"href":"https:\/\/swisssoftware24.ch\/it\/wp-json\/wp\/v2\/media\/25686"}],"wp:attachment":[{"href":"https:\/\/swisssoftware24.ch\/it\/wp-json\/wp\/v2\/media?parent=22211"}],"wp:term":[{"taxonomy":"product_brand","embeddable":true,"href":"https:\/\/swisssoftware24.ch\/it\/wp-json\/wp\/v2\/product_brand?post=22211"},{"taxonomy":"product_cat","embeddable":true,"href":"https:\/\/swisssoftware24.ch\/it\/wp-json\/wp\/v2\/product_cat?post=22211"},{"taxonomy":"product_tag","embeddable":true,"href":"https:\/\/swisssoftware24.ch\/it\/wp-json\/wp\/v2\/product_tag?post=22211"}],"curies":[{"name":"wp","href":"https:\/\/api.w.org\/{rel}","templated":true}]}}