{"id":24578,"date":"2024-03-17T21:26:30","date_gmt":"2024-03-17T20:26:30","guid":{"rendered":"https:\/\/swisssoftware24.ch\/?post_type=product&#038;p=24578"},"modified":"2026-01-27T22:15:40","modified_gmt":"2026-01-27T21:15:40","slug":"abbyy-finereader-pdf-16-standard","status":"publish","type":"product","link":"https:\/\/swisssoftware24.ch\/it\/products\/abbyy-finereader-pdf-16-standard\/","title":{"rendered":"ABBYY FineReader PDF 16 Standard"},"content":{"rendered":"<p data-start=\"40\" data-end=\"274\">ABBYY FineReader PDF 16 Standard unisce modifica PDF, OCR e firme elettroniche in una soluzione semplice. Testi, tabelle e layout si editano direttamente nel PDF, senza cambiare programma.<\/p>\n<p data-start=\"276\" data-end=\"484\">Con la scansione mobile digitalizzi con lo smartphone e converti via OCR in testo modificabile. Copiare tabelle da PDF risulta pulito, con struttura e larghezze di colonna integre.<\/p>\n<p data-start=\"486\" data-end=\"719\">Contratti, report o ricevute scansionate: converti PDF in Word, Excel o altri formati, firma digitalmente e velocizza le approvazioni\u2014sicuro, tracciabile e compatibile nel team.<\/p>\n<p data-start=\"486\" data-end=\"719\"><strong>Puoi trovare maggiori informazioni su questo prodotto\u00a0<a href=\"https:\/\/swisssoftware24.ch\/it\/abbyy-finereader-pdf-16-standard-smarte-pdf-bearbeitung-mit-ocr-e-signaturen\/\">qui<\/a>.<\/strong><\/p>\n<h3>ABBYY FineReader PDF 16 Standard \u2013 requisiti di sistema<\/h3>\n<ul>\n<li class=\"p1\"><b>Sistemi operativi supportati: <\/b>Microsoft Windows 7 \/ 8 \/ 8.1 \/ 10 \/ 11, Microsoft Windows Server 2008 R2, Microsoft Microsoft Windows Server 2012 R2, Microsoft Windows Server 2016, Microsoft Windows Server 2019<\/li>\n<li class=\"li1\"><strong>Processore:<\/strong> PC con processore x86 o x64 da 1 GHz (o superiore) con set di istruzioni SSE2.<\/li>\n<li class=\"li1\">1GB <strong>RAM<\/strong> (consigliati 4 GB); per ogni processore aggiuntivo nei sistemi multiprocessore sono richiesti 512 MB di RAM extra.<\/li>\n<li class=\"li1\"><strong>Spazio su disco:<\/strong> 1,2 GB per l\u2019installazione tipica del programma.\n1,2 GB di spazio libero per un funzionamento ottimale del programma.<\/li>\n<li class=\"li1\"><strong>Scheda grafica:<\/strong> Risoluzione minima di 1024\u00d7768 o superiore.<\/li>\n<li class=\"li1\">Connessione Internet: necessaria per l'attivazione della chiave di licenza.<\/li>\n<li class=\"li1\">Periferiche: Tastiera, mouse o altro dispositivo di puntamento.<\/li>\n<\/ul>","protected":false},"excerpt":{"rendered":"<p class=\"translation-block\">Ottimizza la gestione dei tuoi documenti PDF con ABBYY FineReader PDF 16 Standard, un software avanzato che utilizza l'intelligenza artificiale per garantire flussi di lavoro rapidi ed efficienti. Questa soluzione converte automaticamente documenti scansionati e immagini in file di testo modificabili, consentendo una facile modifica e ricerca dei contenuti.<\/p>\n<p>Acquistando questo prodotto, riceverai una chiave elettronica che ti permette di utilizzare questo software avanzato per la modifica di PDF su un dispositivo per un singolo utente, per un periodo di tempo prestabilito. Progettato per computer con sistemi operativi Windows, ABBYY FineReader PDF 16 Standard \u00e8 disponibile in diverse lingue, tra cui tedesco, inglese, francese, italiano e spagnolo.<\/p>","protected":false},"featured_media":24750,"template":"","meta":{"_seopress_robots_primary_cat":"none","_seopress_titles_title":"ABBYY FineReader PDF 16 Standard | SwissSoftware24","_seopress_titles_desc":"ABBYY FineReader PDF 16 Standard: Konvertieren und bearbeiten Sie PDFs und Scans mit hoher Genauigkeit. Ideal f\u00fcr das B\u00fcro. Jetzt bei SwissSoftware24 erh\u00e4ltlich","_seopress_robots_index":""},"product_brand":[],"product_cat":[83,95],"product_tag":[],"class_list":{"0":"post-24578","1":"product","2":"type-product","3":"status-publish","4":"has-post-thumbnail","6":"product_cat-video-grafik-andere","7":"product_cat-buro-software","9":"first","10":"instock","11":"taxable","12":"shipping-taxable","13":"purchasable","14":"product-type-variable"},"_links":{"self":[{"href":"https:\/\/swisssoftware24.ch\/it\/wp-json\/wp\/v2\/product\/24578","targetHints":{"allow":["GET"]}}],"collection":[{"href":"https:\/\/swisssoftware24.ch\/it\/wp-json\/wp\/v2\/product"}],"about":[{"href":"https:\/\/swisssoftware24.ch\/it\/wp-json\/wp\/v2\/types\/product"}],"wp:featuredmedia":[{"embeddable":true,"href":"https:\/\/swisssoftware24.ch\/it\/wp-json\/wp\/v2\/media\/24750"}],"wp:attachment":[{"href":"https:\/\/swisssoftware24.ch\/it\/wp-json\/wp\/v2\/media?parent=24578"}],"wp:term":[{"taxonomy":"product_brand","embeddable":true,"href":"https:\/\/swisssoftware24.ch\/it\/wp-json\/wp\/v2\/product_brand?post=24578"},{"taxonomy":"product_cat","embeddable":true,"href":"https:\/\/swisssoftware24.ch\/it\/wp-json\/wp\/v2\/product_cat?post=24578"},{"taxonomy":"product_tag","embeddable":true,"href":"https:\/\/swisssoftware24.ch\/it\/wp-json\/wp\/v2\/product_tag?post=24578"}],"curies":[{"name":"wp","href":"https:\/\/api.w.org\/{rel}","templated":true}]}}