{"id":24695,"date":"2024-03-20T06:16:40","date_gmt":"2024-03-20T05:16:40","guid":{"rendered":"https:\/\/swisssoftware24.ch\/?post_type=product&#038;p=24695"},"modified":"2025-11-29T23:56:54","modified_gmt":"2025-11-29T22:56:54","slug":"aomei-myrecover-professional","status":"publish","type":"product","link":"https:\/\/swisssoftware24.ch\/it\/products\/aomei-myrecover-professional\/","title":{"rendered":"AOMEI MyRecover Professional"},"content":{"rendered":"<p data-start=\"79\" data-end=\"427\">AOMEI MyRecover Professional \u00e8 un potente software di recupero dati che recupera file persi o cancellati in modo rapido e affidabile. Che si tratti di documenti cancellati accidentalmente, dischi rigidi formattati o partizioni perse, il programma consente un facile recupero di oltre 200 formati di file.<\/p>\n<p data-start=\"429\" data-end=\"745\">Grazie alla sua tecnologia di scansione intelligente, MyRecover trova anche file difficili da individuare e li ripristina senza alcuna perdita di qualit\u00e0. Il software supporta dischi rigidi, SSD, chiavette USB, schede SD e altri supporti di archiviazione, consentendo di recuperare dati persi da praticamente qualsiasi dispositivo.<\/p>\n<p data-start=\"747\" data-end=\"1078\" data-is-last-node=\"\" data-is-only-node=\"\">Con un'interfaccia utente intuitiva e opzioni di ripristino rapide, MyRecover \u00e8 adatto sia ai principianti che ai professionisti. Che sia dopo arresti di sistema, attacchi di virus o formattazioni accidentali, AOMEI MyRecover Professional assicura che i tuoi file importanti non vadano persi.<\/p>\n<p data-start=\"747\" data-end=\"1078\" data-is-last-node=\"\" data-is-only-node=\"\"><strong>Puoi trovare maggiori informazioni su questo prodotto\u00a0<a href=\"https:\/\/swisssoftware24.ch\/it\/aomei-myrecover-professional-die-ultimative-loesung-zur-datenrettung\/\">qui<\/a>.<\/strong><\/p>\n<h3>AOMEI MyRecover Professional \u2013 requisiti di sistema<\/h3>\n<ul>\n<li><strong>Sistema Operativo:<\/strong>\u00a0Windows 10\/8.1\/8\/7\/Vista\/XP (32-bit &amp; 64-bit)<\/li>\n<li><strong>CPU:<\/strong>\u00a0500 MHz o superiore<\/li>\n<li><strong>RAM:<\/strong>\u00a0256 MB o pi\u00f9 (consigliato: 1 GB)<\/li>\n<li><strong>Spazio su disco:<\/strong>\u00a0200 MB di spazio libero<\/li>\n<li><strong>Scheda grafica:<\/strong>\u00a0Super VGA (800 x 600) o superiore<\/li>\n<li><strong>Altro:<\/strong>\u00a0Mouse, tastiera<\/li>\n<\/ul>","protected":false},"excerpt":{"rendered":"<div class=\"flex-shrink-0 flex flex-col relative items-end\">\n<div>\n<div class=\"pt-0.5\">\n<div class=\"gizmo-shadow-stroke flex h-6 w-6 items-center justify-center overflow-hidden rounded-full\">\n<div class=\"h-6 w-6 translation-block\">In un'epoca in cui i dati sono preziosi quanto la moneta, AOMEI MyRecover Professional rappresenta il caveau che protegge la vostra ricchezza digitale. Questo software costituisce una rete di sicurezza contro l'imprevisto, garantendo che un clic sbagliato o un crash di sistema non si traducano in una perdita irreversibile. Come soluzione leader per il recupero dei dati, MyRecover Professional offre funzionalit\u00e0 senza pari per il ripristino dei file.<\/div>\n<\/div>\n<\/div>\n<\/div>\n<\/div>\n<div class=\"relative flex w-full flex-col agent-turn\">\n<div class=\"flex-col gap-1 md:gap-3\">\n<div class=\"flex flex-grow flex-col max-w-full\">\n<div class=\"min-h-[20px] text-message flex flex-col items-start gap-3 whitespace-pre-wrap break-words [.text-message+&amp;]:mt-5 overflow-x-auto\" data-message-author-role=\"assistant\" data-message-id=\"88335a45-1cf1-46a3-b121-2d7f5fab6c6c\">\n<div class=\"markdown prose w-full break-words dark:prose-invert dark\">\n<p>Con questo prodotto riceverete una licenza annuale o perpetua sotto forma di chiave elettronica, che consente l'utilizzo di questo strumento completo di recupero dati per un singolo utente. Questa versione \u00e8 progettata specificamente per computer con sistemi operativi Windows e offre robuste opzioni di ripristino del sistema.<\/p>\n<\/div>\n<\/div>\n<\/div>\n<\/div>\n<\/div>","protected":false},"featured_media":29691,"template":"","meta":{"_seopress_robots_primary_cat":"none","_seopress_titles_title":"AOMEI MyRecover Professional | SwissSoftware24","_seopress_titles_desc":"AOMEI MyRecover Professional: Effiziente Datenrettung f\u00fcr verlorene oder gel\u00f6schte Dateien. Einfach zu bedienen. Jetzt bei SwissSoftware24 erh\u00e4ltlich.","_seopress_robots_index":""},"product_brand":[],"product_cat":[131,63,64],"product_tag":[],"class_list":{"0":"post-24695","1":"product","2":"type-product","3":"status-publish","4":"has-post-thumbnail","6":"product_cat-andere","7":"product_cat-antivirus-security","8":"product_cat-backup","10":"first","11":"instock","12":"taxable","13":"shipping-taxable","14":"purchasable","15":"product-type-variable"},"_links":{"self":[{"href":"https:\/\/swisssoftware24.ch\/it\/wp-json\/wp\/v2\/product\/24695","targetHints":{"allow":["GET"]}}],"collection":[{"href":"https:\/\/swisssoftware24.ch\/it\/wp-json\/wp\/v2\/product"}],"about":[{"href":"https:\/\/swisssoftware24.ch\/it\/wp-json\/wp\/v2\/types\/product"}],"wp:featuredmedia":[{"embeddable":true,"href":"https:\/\/swisssoftware24.ch\/it\/wp-json\/wp\/v2\/media\/29691"}],"wp:attachment":[{"href":"https:\/\/swisssoftware24.ch\/it\/wp-json\/wp\/v2\/media?parent=24695"}],"wp:term":[{"taxonomy":"product_brand","embeddable":true,"href":"https:\/\/swisssoftware24.ch\/it\/wp-json\/wp\/v2\/product_brand?post=24695"},{"taxonomy":"product_cat","embeddable":true,"href":"https:\/\/swisssoftware24.ch\/it\/wp-json\/wp\/v2\/product_cat?post=24695"},{"taxonomy":"product_tag","embeddable":true,"href":"https:\/\/swisssoftware24.ch\/it\/wp-json\/wp\/v2\/product_tag?post=24695"}],"curies":[{"name":"wp","href":"https:\/\/api.w.org\/{rel}","templated":true}]}}