{"id":24754,"date":"2024-03-22T06:51:16","date_gmt":"2024-03-22T05:51:16","guid":{"rendered":"https:\/\/swisssoftware24.ch\/?post_type=product&#038;p=24754"},"modified":"2025-11-30T00:17:25","modified_gmt":"2025-11-29T23:17:25","slug":"ashampoo-3d-cad-architecture-11","status":"publish","type":"product","link":"https:\/\/swisssoftware24.ch\/it\/products\/ashampoo-3d-cad-architecture-11\/","title":{"rendered":"Ashampoo 3D CAD Architecture 11"},"content":{"rendered":"<p data-start=\"217\" data-end=\"728\">Ashampoo 3D CAD Architecture 11 si distingue per le sue ampie funzionalit\u00e0 rispetto ad altri strumenti di progettazione. Il software consente la creazione di modelli architettonici dettagliati e realistici, dal primo schizzo fino al rendering finale. Gli utenti beneficiano di una vasta gamma di strumenti che permettono una rappresentazione precisa e realistica dei progetti.<\/p>\n<p data-start=\"730\" data-end=\"1203\">Grazie a un\u2019interfaccia utente intuitiva ulteriormente sviluppata e a istruzioni dettagliate passo dopo passo, anche i compiti di progettazione pi\u00f9 complessi risultano semplificati. Ashampoo 3D CAD Architecture 11 supera le aspettative sia degli architetti esperti che dei neofiti del design.\n\nLe funzioni avanzate del programma supportano una pianificazione accurata degli spazi, sia interni che esterni, includendo misurazioni precise. Una libreria pi\u00f9 ampia di elementi decorativi e di arredamento d\u00e0 vita a ogni ambiente e ne definisce il carattere unico.<\/p>\n<p data-start=\"1205\" data-end=\"1555\">Ashampoo 3D CAD Architecture 11 offre inoltre strumenti migliorati per il design del paesaggio e la pianificazione dell\u2019illuminazione, assicurando che ogni aspetto del progetto sia studiato e ottimizzato con attenzione. Che si tratti di una ristrutturazione, di una costruzione da zero o della ricerca di ispirazione per nuovi progetti, questo software offre tutti gli strumenti necessari per trasformare le vostre visioni in realt\u00e0.<\/p>\n<p><strong>Puoi trovare maggiori informazioni su questo prodotto\u00a0<a href=\"https:\/\/swisssoftware24.ch\/it\/ashampoo-3d-cad-architecture-11-realistische-hausplanung-trifft-moderne-technologie\/\">qui<\/a>.<\/strong><\/p>\n<h3>Ashampoo 3D CAD Architecture 11 \u2013 requisiti di sistema<\/h3>\n<ul>\n<li><strong>Sistema Operativo:<\/strong>\u00a0Windows 11, Windows 10 (i sistemi con processori ARM non sono supportati).<\/li>\n<li><strong>Requisiti hardware:<\/strong>\u00a0Qualsiasi dispositivo che supporti i sistemi operativi sopra elencati.<\/li>\n<li><strong>Altro:<\/strong>\u00a0\u00c8 necessaria una connessione Internet per l'attivazione del programma.\nLa licenza del programma viene verificata periodicamente.\nSono richiesti diritti di amministratore sul sistema per l'installazione e l'utilizzo del programma.<\/li>\n<\/ul>","protected":false},"excerpt":{"rendered":"<p class=\"translation-block\">Ashampoo 3D CAD Architecture 11 \u00e8 l'ultimo aggiornamento di uno strumento gi\u00e0 innovativo per il design di case e la creazione di costruzioni 3D. Con una precisione funzionale ancora maggiore e una migliorata facilit\u00e0 d'uso, questo programma \u00e8 ideale sia per i professionisti che per gli appassionati che desiderano realizzare i propri sogni architettonici.<\/p>\n<p class=\"translation-block\">Acquistando questo prodotto, si ottiene una licenza perpetua sotto forma di chiave elettronica, che consente l'utilizzo del software di modellazione 3D su un dispositivo. \u00c8 progettato specificamente per computer con sistemi operativi Windows ed \u00e8 disponibile in pi\u00f9 lingue.<\/p>","protected":false},"featured_media":25448,"template":"","meta":{"_seopress_robots_primary_cat":"none","_seopress_titles_title":"Ashampoo 3D CAD Architecture 11 | SwissSoftware24","_seopress_titles_desc":"Ashampoo 3D CAD Architecture 11: Planen und gestalten Sie Geb\u00e4ude in 3D. Ideal f\u00fcr Architekten und Designer. Einfache Bedienung. Jetzt bei SwissSoftware24.","_seopress_robots_index":""},"product_brand":[],"product_cat":[65,97,82,83],"product_tag":[],"class_list":{"0":"post-24754","1":"product","2":"type-product","3":"status-publish","4":"has-post-thumbnail","6":"product_cat-fur-unternehmen","7":"product_cat-grafik-design","8":"product_cat-video-grafik","9":"product_cat-video-grafik-andere","11":"first","12":"onbackorder","13":"virtual","14":"taxable","15":"purchasable","16":"product-type-simple"},"_links":{"self":[{"href":"https:\/\/swisssoftware24.ch\/it\/wp-json\/wp\/v2\/product\/24754","targetHints":{"allow":["GET"]}}],"collection":[{"href":"https:\/\/swisssoftware24.ch\/it\/wp-json\/wp\/v2\/product"}],"about":[{"href":"https:\/\/swisssoftware24.ch\/it\/wp-json\/wp\/v2\/types\/product"}],"wp:featuredmedia":[{"embeddable":true,"href":"https:\/\/swisssoftware24.ch\/it\/wp-json\/wp\/v2\/media\/25448"}],"wp:attachment":[{"href":"https:\/\/swisssoftware24.ch\/it\/wp-json\/wp\/v2\/media?parent=24754"}],"wp:term":[{"taxonomy":"product_brand","embeddable":true,"href":"https:\/\/swisssoftware24.ch\/it\/wp-json\/wp\/v2\/product_brand?post=24754"},{"taxonomy":"product_cat","embeddable":true,"href":"https:\/\/swisssoftware24.ch\/it\/wp-json\/wp\/v2\/product_cat?post=24754"},{"taxonomy":"product_tag","embeddable":true,"href":"https:\/\/swisssoftware24.ch\/it\/wp-json\/wp\/v2\/product_tag?post=24754"}],"curies":[{"name":"wp","href":"https:\/\/api.w.org\/{rel}","templated":true}]}}