{"id":24766,"date":"2024-03-22T07:02:09","date_gmt":"2024-03-22T06:02:09","guid":{"rendered":"https:\/\/swisssoftware24.ch\/?post_type=product&#038;p=24766"},"modified":"2025-11-30T00:17:25","modified_gmt":"2025-11-29T23:17:25","slug":"ashampoo-backup-pro-25","status":"publish","type":"product","link":"https:\/\/swisssoftware24.ch\/it\/products\/ashampoo-backup-pro-25\/","title":{"rendered":"Ashampoo Backup Pro 25"},"content":{"rendered":"<h1>Ashampoo Backup Pro 25 \u2013 funzionalit\u00e0 principali<\/h1>\n<ol>\n<li><strong>Backup dei dati<\/strong><\/li>\n<li><strong>Ripristino dei dati<\/strong><\/li>\n<li>Opzioni di archiviazione flessibili<\/li>\n<li>Protezione contro il ransomware<\/li>\n<\/ol>\n<h2>Ashampoo Backup Pro 25 \u2013 descrizione dettagliata del prodotto<\/h2>\n<p><strong>Ashampoo Backup Pro 25<\/strong> utilizza algoritmi di backup avanzati per ridurre al minimo il rischio di perdita dei dati dovuto a guasti del disco rigido, attacchi di virus o altri eventi imprevisti. La funzione di backup automatico garantisce che i vostri dati siano costantemente protetti, senza la necessit\u00e0 di promemoria manuali.<\/p>\n<p>Questo software offre una gestione flessibile dello spazio di archiviazione, dando agli utenti la libert\u00e0 di salvare i backup su dischi rigidi esterni, all'interno di reti locali o nel cloud. Questa flessibilit\u00e0 \u00e8 essenziale per chi ha bisogno di accedere ai propri dati da diverse posizioni o dispositivi.<\/p>\n<p>Un'altra funzione straordinaria di <strong>Ashampoo Backup Pro 25<\/strong> \u00e8 la protezione contro il ransomware, che fornisce un ulteriore livello di sicurezza monitorando il sistema per rilevare attivit\u00e0 sospette. Ci\u00f2 garantisce agli utenti la tranquillit\u00e0 di sapere che i propri dati sono al sicuro da potenziali minacce.<\/p>\n<p>In sintesi, <strong>Ashampoo Backup Pro 25<\/strong> \u00e8 la scelta ideale per chi cerca uno strumento potente e allo stesso tempo facile da usare per la protezione dei dati. Che si tratti di salvare singoli file, intere partizioni del disco o l'intero sistema operativo, questo software offre tutte le funzionalit\u00e0 necessarie per garantire sicurezza e protezione contro la perdita dei dati.<\/p>\n<h3>Ashampoo Backup Pro 25 \u2013 requisiti di sistema<\/h3>\n<ul>\n<li><strong class=\"font-semibold tracking-tight\">Sistema Operativo: <\/strong>Windows 10, 11 (x64)<\/li>\n<li><strong class=\"font-semibold tracking-tight\">Requisiti: <\/strong>Qualsiasi dispositivo che supporti i sistemi operativi sopra elencati.<\/li>\n<li><strong class=\"font-semibold tracking-tight\">Spazio su disco: <\/strong>500 MB per i file del programma<\/li>\n<li><strong class=\"font-semibold tracking-tight\">Altro: <\/strong>\u00c8 necessaria una connessione Internet per l'attivazione del programma.\nLa licenza del programma viene verificata periodicamente.\nSono richiesti diritti di amministratore sul sistema per l'installazione e l'utilizzo del programma.<\/li>\n<\/ul>","protected":false},"excerpt":{"rendered":"<p class=\"translation-block\">Ashampoo Backup Pro 25 \u00e8 una soluzione di backup avanzata che offre una protezione completa dei dati per gli utenti di Windows. Grazie a un'interfaccia intuitiva e funzionalit\u00e0 all'avanguardia, questo programma \u00e8 perfetto per chi cerca un metodo affidabile per proteggere file, partizioni del disco rigido e persino interi sistemi operativi dal rischio di perdita dei dati.<\/p>\n<p>Acquistando questo prodotto, riceverete una licenza permanente sotto forma di una chiave elettronica che consente l'utilizzo di questo software di backup su un singolo dispositivo. Il software, progettato per sistemi operativi Windows, \u00e8 disponibile in versione multilingua.<\/p>","protected":false},"featured_media":25451,"template":"","meta":{"_seopress_robots_primary_cat":"none","_seopress_titles_title":"Ashampoo Backup Pro 25 | Datensicherung | SwissSoftware24","_seopress_titles_desc":"Ashampoo Backup Pro 25: Sichern und sch\u00fctzen Sie Ihre Daten zuverl\u00e4ssig. Einfache Handhabung und umfassender Schutz. Jetzt bei SwissSoftware24 erh\u00e4ltlich.","_seopress_robots_index":""},"product_brand":[],"product_cat":[94,63,64,65,79],"product_tag":[],"class_list":{"0":"post-24766","1":"product","2":"type-product","3":"status-publish","4":"has-post-thumbnail","6":"product_cat-antivirus-security-fur-unternehmen","7":"product_cat-antivirus-security","8":"product_cat-backup","9":"product_cat-fur-unternehmen","10":"product_cat-sicherheit-fur-firmen","12":"first","13":"onbackorder","14":"virtual","15":"taxable","16":"purchasable","17":"product-type-simple"},"_links":{"self":[{"href":"https:\/\/swisssoftware24.ch\/it\/wp-json\/wp\/v2\/product\/24766","targetHints":{"allow":["GET"]}}],"collection":[{"href":"https:\/\/swisssoftware24.ch\/it\/wp-json\/wp\/v2\/product"}],"about":[{"href":"https:\/\/swisssoftware24.ch\/it\/wp-json\/wp\/v2\/types\/product"}],"wp:featuredmedia":[{"embeddable":true,"href":"https:\/\/swisssoftware24.ch\/it\/wp-json\/wp\/v2\/media\/25451"}],"wp:attachment":[{"href":"https:\/\/swisssoftware24.ch\/it\/wp-json\/wp\/v2\/media?parent=24766"}],"wp:term":[{"taxonomy":"product_brand","embeddable":true,"href":"https:\/\/swisssoftware24.ch\/it\/wp-json\/wp\/v2\/product_brand?post=24766"},{"taxonomy":"product_cat","embeddable":true,"href":"https:\/\/swisssoftware24.ch\/it\/wp-json\/wp\/v2\/product_cat?post=24766"},{"taxonomy":"product_tag","embeddable":true,"href":"https:\/\/swisssoftware24.ch\/it\/wp-json\/wp\/v2\/product_tag?post=24766"}],"curies":[{"name":"wp","href":"https:\/\/api.w.org\/{rel}","templated":true}]}}