{"id":24770,"date":"2024-03-22T07:06:41","date_gmt":"2024-03-22T06:06:41","guid":{"rendered":"https:\/\/swisssoftware24.ch\/?post_type=product&#038;p=24770"},"modified":"2025-11-30T00:17:25","modified_gmt":"2025-11-29T23:17:25","slug":"ashampoo-burning-studio-25","status":"publish","type":"product","link":"https:\/\/swisssoftware24.ch\/it\/products\/ashampoo-burning-studio-25\/","title":{"rendered":"Ashampoo Burning Studio 25"},"content":{"rendered":"<p data-start=\"98\" data-end=\"539\">Ashampoo Burning Studio 25 \u00e8 un software di masterizzazione potente e facile da usare che si distingue per la sua versatilit\u00e0 e affidabilit\u00e0. Con questo software, gli utenti possono masterizzare dati su CD, DVD e Blu-ray, copiare dischi e creare CD audio. L'interfaccia utente migliorata garantisce un funzionamento intuitivo, consentendo anche ai principianti di ottenere risultati professionali senza sforzo.<\/p>\n<p data-start=\"541\" data-end=\"872\">Le nuove funzionalit\u00e0 includono backup automatici, integrazione cloud ottimizzata e supporto migliorato per hardware moderno. Gli utenti possono non solo eseguire il backup e ripristinare i dati, ma anche progettare copertine e libretti personalizzati per dare ai loro dischi un aspetto professionale.<\/p>\n<p data-start=\"874\" data-end=\"1264\" data-is-last-node=\"\" data-is-only-node=\"\">Oltre alle classiche funzioni di masterizzazione e copia, Ashampoo Burning Studio 25 offre anche funzionalit\u00e0 di sicurezza avanzate come la protezione con password e la crittografia dei dischi per proteggere i dati riservati. Che si tratti di archiviazione dati, progetti multimediali o backup, questo programma \u00e8 la scelta ideale per chiunque abbia bisogno di un software di masterizzazione affidabile e versatile.<\/p>\n<p data-start=\"874\" data-end=\"1264\" data-is-last-node=\"\" data-is-only-node=\"\"><strong>Puoi trovare maggiori informazioni su questo prodotto\u00a0<a href=\"https:\/\/swisssoftware24.ch\/it\/ashampoo-burning-studio-25-die-ideale-brennsoftware-fuer-daten-musik-und-backups\/\">qui<\/a>.<\/strong><\/p>\n<h3>Ashampoo Burning Studio 25 \u2013 requisiti di sistema<\/h3>\n<ul>\n<li><strong class=\"font-semibold tracking-tight\">Sistema Operativo: <\/strong>Windows 10, 11. I sistemi con processori ARM non sono supportati.<\/li>\n<li><strong class=\"font-semibold tracking-tight\">Software necessario: <\/strong>Microsoft .NET Framework 4.5<\/li>\n<li><strong class=\"font-semibold tracking-tight\">RAM: <\/strong>2 GB<\/li>\n<li><strong class=\"font-semibold tracking-tight\">Spazio su disco: <\/strong>250 MB di spazio libero su disco per l'installazione del programma.\n9 GB di spazio libero su disco per file temporanei (DVD).\n25\/50 GB di spazio libero su disco per file temporanei (Blu-ray).\n100 GB di spazio libero su disco per file temporanei (Blu-ray XL).<\/li>\n<li><strong class=\"font-semibold tracking-tight\">Scheda grafica: <\/strong>DirectX 9 con Pixel Shader v2.0, minimo 128 MB di RAM<\/li>\n<li><strong class=\"font-semibold tracking-tight\">Scheda audio: <\/strong>Scheda audio standard (ad esempio, OnBoard o adattatore USB)<\/li>\n<li><strong class=\"font-semibold tracking-tight\">Altro: <\/strong>\u00c8 necessaria una connessione Internet per attivare il programma.\nLa licenza del programma viene verificata periodicamente.\nAlcuni servizi richiedono una connessione Internet.\nPer la verifica del numero di serie durante l'utilizzo di alcune funzionalit\u00e0 pu\u00f2 essere richiesta una connessione Internet.<\/li>\n<\/ul>","protected":false},"excerpt":{"rendered":"<p><strong>Ashampoo Burning Studio 25<\/strong> \u00e8 l'ultima versione di un software completo per masterizzare CD, DVD e Blu-ray, progettato per soddisfare tutte le esigenze legate alla masterizzazione di supporti. Consente di creare dischi dati, copie di backup, CD audio e molto altro, arricchendo i vostri progetti di masterizzazione con nuove funzionalit\u00e0 che rendono il lavoro ancora pi\u00f9 efficiente e intuitivo.<\/p>\n<p class=\"translation-block\">Acquistando questo prodotto, riceverete una licenza permanente sotto forma di chiave elettronica, che consente l'utilizzo di questo set completo di strumenti per la gestione dei dischi su un dispositivo. Questa versione, sviluppata per i sistemi operativi Windows, supporta diverse lingue.<\/p>","protected":false},"featured_media":25452,"template":"","meta":{"_seopress_robots_primary_cat":"none","_seopress_titles_title":"Ashampoo Burning Studio 25 | SwissSoftware24","_seopress_titles_desc":"Ashampoo Burning Studio 25: Brennen und sichern Sie Ihre Daten auf CD, DVD und Blu-ray. Inklusive Backup- und Multimedia-Funktionen. Jetzt bei SwissSoftware24.","_seopress_robots_index":""},"product_brand":[],"product_cat":[131,83],"product_tag":[],"class_list":{"0":"post-24770","1":"product","2":"type-product","3":"status-publish","4":"has-post-thumbnail","6":"product_cat-andere","7":"product_cat-video-grafik-andere","9":"first","10":"onbackorder","11":"virtual","12":"taxable","13":"purchasable","14":"product-type-simple"},"_links":{"self":[{"href":"https:\/\/swisssoftware24.ch\/it\/wp-json\/wp\/v2\/product\/24770","targetHints":{"allow":["GET"]}}],"collection":[{"href":"https:\/\/swisssoftware24.ch\/it\/wp-json\/wp\/v2\/product"}],"about":[{"href":"https:\/\/swisssoftware24.ch\/it\/wp-json\/wp\/v2\/types\/product"}],"wp:featuredmedia":[{"embeddable":true,"href":"https:\/\/swisssoftware24.ch\/it\/wp-json\/wp\/v2\/media\/25452"}],"wp:attachment":[{"href":"https:\/\/swisssoftware24.ch\/it\/wp-json\/wp\/v2\/media?parent=24770"}],"wp:term":[{"taxonomy":"product_brand","embeddable":true,"href":"https:\/\/swisssoftware24.ch\/it\/wp-json\/wp\/v2\/product_brand?post=24770"},{"taxonomy":"product_cat","embeddable":true,"href":"https:\/\/swisssoftware24.ch\/it\/wp-json\/wp\/v2\/product_cat?post=24770"},{"taxonomy":"product_tag","embeddable":true,"href":"https:\/\/swisssoftware24.ch\/it\/wp-json\/wp\/v2\/product_tag?post=24770"}],"curies":[{"name":"wp","href":"https:\/\/api.w.org\/{rel}","templated":true}]}}