{"id":24778,"date":"2024-03-22T07:14:11","date_gmt":"2024-03-22T06:14:11","guid":{"rendered":"https:\/\/swisssoftware24.ch\/?post_type=product&#038;p=24778"},"modified":"2026-03-28T08:07:20","modified_gmt":"2026-03-28T07:07:20","slug":"ashampoo-driver-update","status":"publish","type":"product","link":"https:\/\/swisssoftware24.ch\/it\/products\/ashampoo-driver-update\/","title":{"rendered":"Ashampoo Driver Update"},"content":{"rendered":"<p data-start=\"100\" data-end=\"419\">Ashampoo Driver Updater assicura che il tuo PC sia sempre dotato dei driver pi\u00f9 recenti per migliorare prestazioni, stabilit\u00e0 e compatibilit\u00e0. Scansionando e aggiornando automaticamente, il software aiuta a prevenire problemi hardware e a ottimizzare la velocit\u00e0 del sistema.<\/p>\n<p data-start=\"421\" data-end=\"661\">Con il supporto per un'ampia gamma di dispositivi, Ashampoo Driver Updater assicura che tutti i driver essenziali siano aggiornati regolarmente. Ci\u00f2 riduce malfunzionamenti, arresti anomali del sistema e problemi di compatibilit\u00e0.<\/p>\n<p data-start=\"663\" data-end=\"943\" data-is-last-node=\"\" data-is-only-node=\"\">Grazie all'interfaccia utente intuitiva, il programma \u00e8 adatto sia ai principianti che agli utenti esperti. Chiunque desideri mantenere il proprio PC pi\u00f9 veloce, stabile e senza errori trover\u00e0 una soluzione efficiente e affidabile in Ashampoo Driver Updater.<\/p>\n<p data-start=\"663\" data-end=\"943\" data-is-last-node=\"\" data-is-only-node=\"\"><strong>Puoi trovare maggiori informazioni su questo prodotto\u00a0<a href=\"https:\/\/swisssoftware24.ch\/it\/ashampoo-driver-updater-automatische-treiberaktualisierung-fuer-einen-leistungsstarken-pc\/\">qui<\/a>.<\/strong><\/p>\n<h3>Ashampoo Driver Update \u2013 sistemi operativi compatibili<\/h3>\n<ul>\n<li><strong class=\"font-semibold tracking-tight\">Sistema Operativo: <\/strong>Windows 7, 8, 10, 11.<\/li>\n<li><strong class=\"font-semibold tracking-tight\">Requisiti: <\/strong>Qualsiasi dispositivo che supporti i sistemi operativi sopra elencati.<\/li>\n<li><strong class=\"font-semibold tracking-tight\">Altro: <\/strong>\u00c8 necessaria una connessione Internet per l'attivazione del programma.\nLa licenza del programma viene verificata periodicamente.\nSono richiesti diritti di amministratore sul sistema per l'installazione e l'utilizzo del programma.<\/li>\n<\/ul>","protected":false},"excerpt":{"rendered":"<p class=\"translation-block\">Ashampoo Driver Updater \u00e8 uno strumento essenziale, progettato per mantenere sempre aggiornati i driver del tuo computer, un aspetto fondamentale per garantire prestazioni ottimali e stabilit\u00e0 del sistema. Supporta una vasta gamma di dispositivi e driver, posizionandosi come una soluzione universale per l'aggiornamento dei driver e il mantenimento di un sistema efficiente.<\/p>\n<p class=\"translation-block\">Acquistando questo prodotto, riceverai una licenza perpetua sotto forma di chiave elettronica, che consente l'utilizzo del software per l'aggiornamento dei driver su un massimo di tre dispositivi. Questa versione del software \u00e8 stata progettata specificamente per computer con sistemi operativi Windows ed \u00e8 disponibile in pi\u00f9 lingue.<\/p>","protected":false},"featured_media":25454,"template":"","meta":{"_seopress_robots_primary_cat":"none","_seopress_titles_title":"Ashampoo Driver Update | Treiber aktualisieren | SwissSoftware24","_seopress_titles_desc":"Ashampoo Driver Update: Finden und installieren Sie die neuesten Treiber f\u00fcr Ihre Hardware. Verbessern Sie die Systemleistung. Jetzt bei SwissSoftware24.","_seopress_robots_index":""},"product_brand":[],"product_cat":[131,65,83],"product_tag":[],"class_list":{"0":"post-24778","1":"product","2":"type-product","3":"status-publish","4":"has-post-thumbnail","6":"product_cat-andere","7":"product_cat-fur-unternehmen","8":"product_cat-video-grafik-andere","10":"first","11":"onbackorder","12":"virtual","13":"taxable","14":"purchasable","15":"product-type-simple"},"_links":{"self":[{"href":"https:\/\/swisssoftware24.ch\/it\/wp-json\/wp\/v2\/product\/24778","targetHints":{"allow":["GET"]}}],"collection":[{"href":"https:\/\/swisssoftware24.ch\/it\/wp-json\/wp\/v2\/product"}],"about":[{"href":"https:\/\/swisssoftware24.ch\/it\/wp-json\/wp\/v2\/types\/product"}],"wp:featuredmedia":[{"embeddable":true,"href":"https:\/\/swisssoftware24.ch\/it\/wp-json\/wp\/v2\/media\/25454"}],"wp:attachment":[{"href":"https:\/\/swisssoftware24.ch\/it\/wp-json\/wp\/v2\/media?parent=24778"}],"wp:term":[{"taxonomy":"product_brand","embeddable":true,"href":"https:\/\/swisssoftware24.ch\/it\/wp-json\/wp\/v2\/product_brand?post=24778"},{"taxonomy":"product_cat","embeddable":true,"href":"https:\/\/swisssoftware24.ch\/it\/wp-json\/wp\/v2\/product_cat?post=24778"},{"taxonomy":"product_tag","embeddable":true,"href":"https:\/\/swisssoftware24.ch\/it\/wp-json\/wp\/v2\/product_tag?post=24778"}],"curies":[{"name":"wp","href":"https:\/\/api.w.org\/{rel}","templated":true}]}}