{"id":24782,"date":"2024-03-22T07:17:33","date_gmt":"2024-03-22T06:17:33","guid":{"rendered":"https:\/\/swisssoftware24.ch\/?post_type=product&#038;p=24782"},"modified":"2025-11-30T00:17:25","modified_gmt":"2025-11-29T23:17:25","slug":"ashampoo-home-design-9","status":"publish","type":"product","link":"https:\/\/swisssoftware24.ch\/it\/products\/ashampoo-home-design-9\/","title":{"rendered":"Ashampoo Home Design 9"},"content":{"rendered":"<p data-start=\"379\" data-end=\"711\">Ashampoo Home Design 9 \u00e8 la soluzione perfetta per progettare digitalmente la casa dei propri sogni \u2013 in modo preciso, realistico e completamente personalizzabile. Il software combina potenti strumenti 3D con un\u2019interfaccia intuitiva, adatta anche ai principianti.<\/p>\n<p data-start=\"713\" data-end=\"1037\">Le nuove funzioni di visita virtuale rendono il processo di progettazione ancora pi\u00f9 coinvolgente. Gli utenti possono esplorare ogni dettaglio del progetto in prima persona. La ricca libreria di mobili, materiali ed elementi decorativi consente infinite possibilit\u00e0 di personalizzazione.<\/p>\n<p data-start=\"1039\" data-end=\"1306\">Grazie al motore di rendering migliorato, Ashampoo Home Design 9 offre visualizzazioni realistiche di alta qualit\u00e0. Che si tratti di nuova costruzione, ristrutturazione o restyling \u2013 \u00e8 lo strumento ideale per chi desidera coniugare creativit\u00e0 e precisione.<\/p>\n<p><strong>Puoi trovare maggiori informazioni su questo prodotto\u00a0<a href=\"https:\/\/swisssoftware24.ch\/it\/ashampoo-home-design-9-kreative-freiheit-beim-hausbau-in-3d\/\">qui<\/a>.<\/strong><\/p>\n<h3>Ashampoo Home Design 9 \u2013 requisiti di sistema<\/h3>\n<ul>\n<li><strong class=\"font-semibold tracking-tight\">Sistema Operativo: <\/strong>Windows 10, 11.<\/li>\n<li><strong class=\"font-semibold tracking-tight\">Requisiti: <\/strong>Qualsiasi dispositivo che supporti i sistemi operativi sopra elencati.<\/li>\n<li><strong class=\"font-semibold tracking-tight\">Altro: <\/strong>\u00c8 necessaria una connessione Internet per l'attivazione del programma.\nLa licenza del programma viene verificata periodicamente.\nSono richiesti diritti di amministratore sul sistema per l'installazione e l'utilizzo del programma.<\/li>\n<\/ul>","protected":false},"excerpt":{"rendered":"<p class=\"translation-block\">Ashampoo Home Design 9 \u00e8 l'evoluzione pi\u00f9 recente nella gamma di software di progettazione 3D per case, che consente agli utenti di sviluppare concept dettagliati per abitazioni e interni. Con una gamma ancora pi\u00f9 ampia di strumenti e funzioni per il design, inclusa la possibilit\u00e0 di effettuare tour virtuali attraverso ambienti realistici, questa versione stabilisce nuovi standard nella progettazione domestica.<\/p>\n<p class=\"translation-block\">Con l'acquisto di questo prodotto, si ottiene una licenza perpetua sotto forma di chiave elettronica, che consente l'utilizzo del software per la progettazione di case in 3D su un dispositivo. Questa versione \u00e8 progettata specificamente per computer con sistemi operativi Windows ed \u00e8 disponibile in pi\u00f9 lingue.<\/p>","protected":false},"featured_media":25455,"template":"","meta":{"_seopress_robots_primary_cat":"none","_seopress_titles_title":"Ashampoo Home Design 9 | Hausplanung | SwissSoftware24","_seopress_titles_desc":"Ashampoo Home Design 9: Planen und gestalten Sie Ihr Traumhaus in 3D. Einfache Bedienung und professionelle Tools. Jetzt bei SwissSoftware24 erh\u00e4ltlich.","_seopress_robots_index":""},"product_brand":[],"product_cat":[65,82,83,97],"product_tag":[],"class_list":{"0":"post-24782","1":"product","2":"type-product","3":"status-publish","4":"has-post-thumbnail","6":"product_cat-fur-unternehmen","7":"product_cat-video-grafik","8":"product_cat-video-grafik-andere","9":"product_cat-grafik-design","11":"first","12":"onbackorder","13":"virtual","14":"taxable","15":"purchasable","16":"product-type-simple"},"_links":{"self":[{"href":"https:\/\/swisssoftware24.ch\/it\/wp-json\/wp\/v2\/product\/24782","targetHints":{"allow":["GET"]}}],"collection":[{"href":"https:\/\/swisssoftware24.ch\/it\/wp-json\/wp\/v2\/product"}],"about":[{"href":"https:\/\/swisssoftware24.ch\/it\/wp-json\/wp\/v2\/types\/product"}],"wp:featuredmedia":[{"embeddable":true,"href":"https:\/\/swisssoftware24.ch\/it\/wp-json\/wp\/v2\/media\/25455"}],"wp:attachment":[{"href":"https:\/\/swisssoftware24.ch\/it\/wp-json\/wp\/v2\/media?parent=24782"}],"wp:term":[{"taxonomy":"product_brand","embeddable":true,"href":"https:\/\/swisssoftware24.ch\/it\/wp-json\/wp\/v2\/product_brand?post=24782"},{"taxonomy":"product_cat","embeddable":true,"href":"https:\/\/swisssoftware24.ch\/it\/wp-json\/wp\/v2\/product_cat?post=24782"},{"taxonomy":"product_tag","embeddable":true,"href":"https:\/\/swisssoftware24.ch\/it\/wp-json\/wp\/v2\/product_tag?post=24782"}],"curies":[{"name":"wp","href":"https:\/\/api.w.org\/{rel}","templated":true}]}}